{"id":272,"date":"2026-01-06T17:13:36","date_gmt":"2026-01-06T16:13:36","guid":{"rendered":"https:\/\/pinkpistachio.hu\/a-pink-pistachio-brunchrol\/ice-cream-budapest\/"},"modified":"2026-02-05T11:06:12","modified_gmt":"2026-02-05T10:06:12","slug":"fagylalt-budapest","status":"publish","type":"page","link":"https:\/\/pinkpistachio.hu\/hu\/rolunk\/fagylalt-budapest\/","title":{"rendered":"Fagylalt"},"content":{"rendered":"<div id=\"pl-272\"  class=\"panel-layout\" ><div id=\"pg-272-0\"  class=\"panel-grid panel-has-style\"  style=\"margin-bottom: px\" ><div class=\"panel-row-style panel-row-style-for-272-0\" ><div id=\"pgc-272-0-0\"  class=\"panel-grid-cell\" ><div id=\"panel-272-0-0-0\" class=\"so-panel widget widget_ndm-img-block panel-first-child panel-last-child\" data-index=\"0\" ><div\n\t\t\t\n\t\t\tclass=\"so-widget-ndm-img-block so-widget-ndm-img-block-default-d75171398898-272\"\n\t\t\t\n\t\t><div class=\"ndm-ib d-flex flex-column flex-lg-row align-items-lg-center\">        <picture class=\"ndm-ib__img d-block\">\n        <img loading=\"lazy\" decoding=\"async\" width=\"660\" height=\"660\" src=\"https:\/\/pinkpistachio.hu\/wp-content\/uploads\/2026\/01\/ice-cream-660x660.jpg\" class=\"attachment-img_desktop_6col size-img_desktop_6col\" alt=\"Signature piszt\u00e1ciafagylalt t\u00f6lcs\u00e9r a Pink Pistachio Brunchn\u00e1l, egy pillanat, ahol a kr\u00e9mes fagylalt \u00e9s a ropog\u00f3s piszt\u00e1cia tal\u00e1lkozik.\" title=\"Piszt\u00e1ci\u00e1s fagylalt t\u00f6lcs\u00e9rben \u2013 Pink Pistachio Brunch\" srcset=\"https:\/\/pinkpistachio.hu\/wp-content\/uploads\/2026\/01\/ice-cream.jpg 800w, https:\/\/pinkpistachio.hu\/wp-content\/uploads\/2026\/01\/ice-cream-768x768.jpg 768w, https:\/\/pinkpistachio.hu\/wp-content\/uploads\/2026\/01\/ice-cream-233x233.jpg 233w, https:\/\/pinkpistachio.hu\/wp-content\/uploads\/2026\/01\/ice-cream-480x480.jpg 480w, https:\/\/pinkpistachio.hu\/wp-content\/uploads\/2026\/01\/ice-cream-310x310.jpg 310w, https:\/\/pinkpistachio.hu\/wp-content\/uploads\/2026\/01\/ice-cream-427x427.jpg 427w, https:\/\/pinkpistachio.hu\/wp-content\/uploads\/2026\/01\/ice-cream-660x660.jpg 660w\" sizes=\"auto, (max-width: 660px) 100vw, 660px\" \/>        <\/picture>\n        <div class=\"ndm-ib__content\"><h2 class=\"mb-2\">K\u00e9zm\u0171ves fagylalt Budapesten \u2013 15 \u00e9v tapasztalat egy gomb\u00f3cban<\/h2><p>A <strong data-start=\"1858\" data-end=\"1906\">Pink Pistachio Brunch fagylaltjai Budapesten<\/strong> m\u00e1sf\u00e9l \u00e9vtizednyi k\u00e9zm\u0171ves tapasztalatra \u00e9p\u00fclnek, amely a <a href=\"https:\/\/levendulafagylaltozo.hu\/hu_hu\/\" target=\"_blank\" rel=\"noopener\">Levendula K\u00e9zm\u0171ves Fagylaltoz\u00f3<\/a> vil\u00e1g\u00e1b\u00f3l indult, ahol a min\u0151s\u00e9gi alapanyagokb\u00f3l k\u00e9sz\u00edtett, hazai k\u00e9zm\u0171ves fagylaltk\u00e9sz\u00edt\u00e9s nem trend volt, hanem alapelv. Ez a m\u00falt adja azt a szakmai el\u0151nyt, amelyen ma is minden gomb\u00f3cunk alapszik.<\/p>\n<\/div><\/div><\/div><\/div><\/div><\/div><\/div><div id=\"pg-272-1\"  class=\"panel-grid panel-has-style\"  style=\"margin-bottom: px\" ><div class=\"siteorigin-panels-stretch panel-row-style panel-row-style-for-272-1\" data-stretch-type=\"full\" ><div id=\"pgc-272-1-0\"  class=\"panel-grid-cell\" ><div id=\"panel-272-1-0-0\" class=\"so-panel widget widget_ndm-img-block panel-first-child panel-last-child\" data-index=\"1\" ><div\n\t\t\t\n\t\t\tclass=\"so-widget-ndm-img-block so-widget-ndm-img-block-default-d75171398898-272\"\n\t\t\t\n\t\t><div class=\"ndm-ib d-flex flex-column flex-lg-row flex-lg-row-reverse align-items-lg-center\">        <picture class=\"ndm-ib__img d-block\">\n        <img loading=\"lazy\" decoding=\"async\" width=\"660\" height=\"528\" src=\"https:\/\/pinkpistachio.hu\/wp-content\/uploads\/2026\/01\/nuttin-but-pistachio-660x528.png\" class=\"attachment-img_desktop_6col size-img_desktop_6col\" alt=\"\u201cNuttin\u2019 but pistachio\u201d brand statement graphic by Pink Pistachio Brunch\" title=\"Nuttin but pistachio\" srcset=\"https:\/\/pinkpistachio.hu\/wp-content\/uploads\/2026\/01\/nuttin-but-pistachio.png 1000w, https:\/\/pinkpistachio.hu\/wp-content\/uploads\/2026\/01\/nuttin-but-pistachio-768x614.png 768w, https:\/\/pinkpistachio.hu\/wp-content\/uploads\/2026\/01\/nuttin-but-pistachio-233x186.png 233w, https:\/\/pinkpistachio.hu\/wp-content\/uploads\/2026\/01\/nuttin-but-pistachio-480x384.png 480w, https:\/\/pinkpistachio.hu\/wp-content\/uploads\/2026\/01\/nuttin-but-pistachio-310x248.png 310w, https:\/\/pinkpistachio.hu\/wp-content\/uploads\/2026\/01\/nuttin-but-pistachio-427x342.png 427w, https:\/\/pinkpistachio.hu\/wp-content\/uploads\/2026\/01\/nuttin-but-pistachio-660x528.png 660w, https:\/\/pinkpistachio.hu\/wp-content\/uploads\/2026\/01\/nuttin-but-pistachio-894x715.png 894w\" sizes=\"auto, (max-width: 660px) 100vw, 660px\" \/>        <\/picture>\n        <div class=\"ndm-ib__content\"><h2 class=\"mb-2\">K\u00e9zm\u0171ves fagylalt Budapesten, kompromisszumok n\u00e9lk\u00fcl<\/h2><p>Minden fagylaltunk k\u00e9zm\u0171ves technol\u00f3gi\u00e1val k\u00e9sz\u00fcl, pr\u00e9mium alapanyagok felhaszn\u00e1l\u00e1s\u00e1val, gondosan kidolgozott recept\u00far\u00e1k alapj\u00e1n. Tiszta, j\u00f3l felismerhet\u0151 \u00edzvil\u00e1gban gondolkozunk \u00e9s a legkev\u00e9sb\u00e9 igyeksz\u00fcnk \"\"\u00e1tlagosat\"\" alkotni. Olyan fagylaltokat k\u00e9sz\u00edt\u00fcnk, amelyek nem f\u00e1radnak el a m\u00e1sodik kan\u00e1ln\u00e1l, hanem v\u00e9gig tartj\u00e1k ugyanazt az \u00e9lm\u00e9nyt, mint az els\u0151 falatn\u00e1l.<\/p>\n<\/div><\/div><\/div><\/div><\/div><\/div><\/div><div id=\"pg-272-2\"  class=\"panel-grid panel-has-style\"  style=\"margin-bottom: px\" ><div class=\"panel-row-style panel-row-style-for-272-2\" ><div id=\"pgc-272-2-0\"  class=\"panel-grid-cell\" ><div id=\"panel-272-2-0-0\" class=\"so-panel widget widget_ndm-img-block panel-first-child panel-last-child\" data-index=\"2\" ><div\n\t\t\t\n\t\t\tclass=\"so-widget-ndm-img-block so-widget-ndm-img-block-default-d75171398898-272\"\n\t\t\t\n\t\t><div class=\"ndm-ib d-flex flex-column flex-lg-row align-items-lg-center\">        <picture class=\"ndm-ib__img d-block\">\n        <img loading=\"lazy\" decoding=\"async\" width=\"660\" height=\"660\" src=\"https:\/\/pinkpistachio.hu\/wp-content\/uploads\/2026\/01\/ice-cream-img-2-660x660.jpg\" class=\"attachment-img_desktop_6col size-img_desktop_6col\" alt=\"Veg\u00e1n piszt\u00e1cia fagyi Budapesten, a belv\u00e1rosban t\u00f6lcs\u00e9rbe t\u00f6ltve\" title=\"Piszt\u00e1cia fagyi Budapesten\" srcset=\"https:\/\/pinkpistachio.hu\/wp-content\/uploads\/2026\/01\/ice-cream-img-2.jpg 800w, https:\/\/pinkpistachio.hu\/wp-content\/uploads\/2026\/01\/ice-cream-img-2-768x768.jpg 768w, https:\/\/pinkpistachio.hu\/wp-content\/uploads\/2026\/01\/ice-cream-img-2-233x233.jpg 233w, https:\/\/pinkpistachio.hu\/wp-content\/uploads\/2026\/01\/ice-cream-img-2-480x480.jpg 480w, https:\/\/pinkpistachio.hu\/wp-content\/uploads\/2026\/01\/ice-cream-img-2-310x310.jpg 310w, https:\/\/pinkpistachio.hu\/wp-content\/uploads\/2026\/01\/ice-cream-img-2-427x427.jpg 427w, https:\/\/pinkpistachio.hu\/wp-content\/uploads\/2026\/01\/ice-cream-img-2-660x660.jpg 660w\" sizes=\"auto, (max-width: 660px) 100vw, 660px\" \/>        <\/picture>\n        <div class=\"ndm-ib__content\"><h2 class=\"mb-2\">12 \u00edzkombin\u00e1ci\u00f3 \u2013 k\u00e9zm\u0171ves fagylalt Budapesten t\u00f6bbf\u00e9le adagban<\/h2><p>K\u00edn\u00e1latunkban 12 k\u00fcl\u00f6nb\u00f6z\u0151 \u00edzkombin\u00e1ci\u00f3 \u00e9rhet\u0151 el, amelyek k\u00f6z\u00fcl mindenki megtal\u00e1lhatja a saj\u00e1t kedvenc\u00e9t: a friss, gy\u00fcm\u00f6lcs\u00f6s vonalt\u00f3l a kr\u00e9mesebb, m\u00e9lyebb \u00edzekig. V\u00e1laszthatsz t\u00f6bbek k\u00f6z\u00f6tt tengeri s\u00f3 &amp; karamell, citrom &amp; m\u00e1lna, eper &amp; tonkabab vagy van\u00edlia &amp; maracuja p\u00e1ros\u00edt\u00e1sokat, de ott vannak a karakteresebb \u00edzek is, mint a brownie fudge \u00e9tcsokol\u00e1d\u00e9, a k\u00e1v\u00e9 &amp; mogyor\u00f3 darabok, a levendula, vagy a letisztult fior di latte. A frissebb, k\u00f6nnyedebb vonalat k\u00e9pviseli a mang\u00f3, a matcha &amp; m\u00e1lna, valamint a venezuelai csokol\u00e1d\u00e9 szorbet \u00e9s term\u00e9szetesen a k\u00edn\u00e1latunk r\u00e9sze a veg\u00e1n piszt\u00e1cia szorbet is.<\/p>\n<p>A fagylaltok t\u00f6bb m\u00e9retben \/ adagban k\u00e9rhet\u0151k, \u00edgy d\u00f6nthetsz \u00fagy, hogy csak k\u00f3stolsz, vagy \u00fagy, hogy igaz\u00e1n belemer\u00fclsz az \u00e9lm\u00e9nybe.<\/p>\n<p>Extra? Hol m\u00e1shol, ha nem n\u00e1lunk k\u00e9rhetn\u00e9l hozz\u00e1 piszt\u00e1cia sz\u00f3r\u00e1st is \u2013 nan\u00e1, hogy ebb\u0151l sem sp\u00f3rolunk.<\/p>\n<\/div><\/div><\/div><\/div><\/div><\/div><\/div><div id=\"pg-272-3\"  class=\"panel-grid panel-has-style\"  style=\"margin-bottom: px\" ><div class=\"siteorigin-panels-stretch panel-row-style panel-row-style-for-272-3\" data-stretch-type=\"full\" ><div id=\"pgc-272-3-0\"  class=\"panel-grid-cell\" ><div id=\"panel-272-3-0-0\" class=\"so-panel widget widget_ndm-img-block panel-first-child panel-last-child\" data-index=\"3\" ><div\n\t\t\t\n\t\t\tclass=\"so-widget-ndm-img-block so-widget-ndm-img-block-default-d75171398898-272\"\n\t\t\t\n\t\t><div class=\"ndm-ib d-flex flex-column flex-lg-row flex-lg-row-reverse align-items-lg-center\">        <picture class=\"ndm-ib__img d-block\">\n        <img loading=\"lazy\" decoding=\"async\" width=\"660\" height=\"528\" src=\"https:\/\/pinkpistachio.hu\/wp-content\/uploads\/2026\/01\/cones-660x528.png\" class=\"attachment-img_desktop_6col size-img_desktop_6col\" alt=\"Piszt\u00e1cia fagylalt ny\u00e1ri hangulat\u00e1t id\u00e9z\u0151 illusztr\u00e1ci\u00f3 a Pink Pistachio Bruncht\u00f3l Budapesten\" title=\"Fagylalt Budapest &#8211; Pink Pistachio Brunch\" srcset=\"https:\/\/pinkpistachio.hu\/wp-content\/uploads\/2026\/01\/cones.png 1000w, https:\/\/pinkpistachio.hu\/wp-content\/uploads\/2026\/01\/cones-768x614.png 768w, https:\/\/pinkpistachio.hu\/wp-content\/uploads\/2026\/01\/cones-233x186.png 233w, https:\/\/pinkpistachio.hu\/wp-content\/uploads\/2026\/01\/cones-480x384.png 480w, https:\/\/pinkpistachio.hu\/wp-content\/uploads\/2026\/01\/cones-310x248.png 310w, https:\/\/pinkpistachio.hu\/wp-content\/uploads\/2026\/01\/cones-427x342.png 427w, https:\/\/pinkpistachio.hu\/wp-content\/uploads\/2026\/01\/cones-660x528.png 660w, https:\/\/pinkpistachio.hu\/wp-content\/uploads\/2026\/01\/cones-894x715.png 894w\" sizes=\"auto, (max-width: 660px) 100vw, 660px\" \/>        <\/picture>\n        <div class=\"ndm-ib__content\"><h2 class=\"mb-2\">Veg\u00e1n \u00e9s glut\u00e9nmentes fagylalt Budapesten \u2013 hogy mindenki \u00e9lvezhesse<\/h2><p>A k\u00edn\u00e1latunk jelent\u0151s r\u00e9sze glut\u00e9nmentes \u00e9s veg\u00e1n fagylalt, amit piktogramokkal is egy\u00e9rtelm\u0171en jel\u00f6l\u00fcnk. Fontos sz\u00e1munkra, hogy a fagylaltoz\u00e1s \u00e9lm\u00e9ny\u00e9t az \u00e9trendi korl\u00e1toz\u00e1sokkal \u00e9l\u0151kkel is megoszthassuk. \u00cdgy akkor is nyugodtan v\u00e1laszthatsz, ha speci\u00e1lis \u00e9trendet k\u00f6vetsz.<\/p>\n<\/div><\/div><\/div><\/div><\/div><\/div><\/div><div id=\"pg-272-4\"  class=\"panel-grid panel-has-style\"  style=\"margin-bottom: px\" ><div class=\"panel-row-style panel-row-style-for-272-4\" ><div id=\"pgc-272-4-0\"  class=\"panel-grid-cell\" ><div id=\"panel-272-4-0-0\" class=\"so-panel widget widget_ndm-img-block panel-first-child panel-last-child\" data-index=\"4\" ><div\n\t\t\t\n\t\t\tclass=\"so-widget-ndm-img-block so-widget-ndm-img-block-default-d75171398898-272\"\n\t\t\t\n\t\t><div class=\"ndm-ib d-flex flex-column flex-lg-row align-items-lg-center\">        <picture class=\"ndm-ib__img d-block\">\n        <img loading=\"lazy\" decoding=\"async\" width=\"660\" height=\"904\" src=\"https:\/\/pinkpistachio.hu\/wp-content\/uploads\/2026\/02\/fagyi_masik_kezben-660x904.png\" class=\"attachment-img_desktop_6col size-img_desktop_6col\" alt=\"piszt\u00e1cia fagylalt Budapesten\" title=\"Veg\u00e1n piszt\u00e1cia fagylalt Budapesten\" srcset=\"https:\/\/pinkpistachio.hu\/wp-content\/uploads\/2026\/02\/fagyi_masik_kezben-660x904.png 660w, https:\/\/pinkpistachio.hu\/wp-content\/uploads\/2026\/02\/fagyi_masik_kezben-768x1052.png 768w, https:\/\/pinkpistachio.hu\/wp-content\/uploads\/2026\/02\/fagyi_masik_kezben-233x319.png 233w, https:\/\/pinkpistachio.hu\/wp-content\/uploads\/2026\/02\/fagyi_masik_kezben-480x658.png 480w, https:\/\/pinkpistachio.hu\/wp-content\/uploads\/2026\/02\/fagyi_masik_kezben-310x425.png 310w, https:\/\/pinkpistachio.hu\/wp-content\/uploads\/2026\/02\/fagyi_masik_kezben-427x585.png 427w, https:\/\/pinkpistachio.hu\/wp-content\/uploads\/2026\/02\/fagyi_masik_kezben.png 864w\" sizes=\"auto, (max-width: 660px) 100vw, 660px\" \/>        <\/picture>\n        <div class=\"ndm-ib__content\"><h2 class=\"mb-2\">Piszt\u00e1ci\u00e1s fagylalt Budapesten \u2013 ahogy mi szeretj\u00fck<\/h2><p>A piszt\u00e1cia n\u00e1lunk nem csak egy \u00edz a sok k\u00f6z\u00fcl. B\u00e1rmelyik fagyit is v\u00e1lasztan\u00e1d, b\u00e1rmikor beleforgatjuk egy j\u00f3 adag ropog\u00f3s, p\u00f6rk\u00f6lt piszt\u00e1ci\u00e1ba, \u00edgy olyan k\u00f6nt\u00f6st kaphat a v\u00e1lasztott jeges \u00e9dess\u00e9ged, amely visszahozza a szic\u00edliai ny\u00e1r \u00edz\u00e9t.<\/p>\n<\/div><\/div><\/div><\/div><\/div><\/div><\/div><div id=\"pg-272-5\"  class=\"panel-grid panel-has-style\"  style=\"margin-bottom: px\" ><div class=\"siteorigin-panels-stretch panel-row-style panel-row-style-for-272-5\" data-stretch-type=\"full\" ><div id=\"pgc-272-5-0\"  class=\"panel-grid-cell\" ><div id=\"panel-272-5-0-0\" class=\"so-panel widget widget_ndm-img-block panel-first-child panel-last-child\" data-index=\"5\" ><div\n\t\t\t\n\t\t\tclass=\"so-widget-ndm-img-block so-widget-ndm-img-block-default-d75171398898-272\"\n\t\t\t\n\t\t><div class=\"ndm-ib d-flex flex-column flex-lg-row flex-lg-row-reverse align-items-lg-center\">        <picture class=\"ndm-ib__img d-block\">\n        <img loading=\"lazy\" decoding=\"async\" width=\"660\" height=\"528\" src=\"https:\/\/pinkpistachio.hu\/wp-content\/uploads\/2026\/01\/ppl-660x528.png\" class=\"attachment-img_desktop_6col size-img_desktop_6col\" alt=\"Piszt\u00e1cia fagylalt Budapesten a Pink Pistachio Brunch k\u00edn\u00e1lat\u00e1ban, t\u00f6rt piszt\u00e1ci\u00e1val bevont t\u00f6lcs\u00e9rben t\u00e1lalva\" title=\"Veg\u00e1n piszt\u00e1ci\u00e1s fagylalt Budapesten\" srcset=\"https:\/\/pinkpistachio.hu\/wp-content\/uploads\/2026\/01\/ppl.png 1000w, https:\/\/pinkpistachio.hu\/wp-content\/uploads\/2026\/01\/ppl-768x614.png 768w, https:\/\/pinkpistachio.hu\/wp-content\/uploads\/2026\/01\/ppl-233x186.png 233w, https:\/\/pinkpistachio.hu\/wp-content\/uploads\/2026\/01\/ppl-480x384.png 480w, https:\/\/pinkpistachio.hu\/wp-content\/uploads\/2026\/01\/ppl-310x248.png 310w, https:\/\/pinkpistachio.hu\/wp-content\/uploads\/2026\/01\/ppl-427x342.png 427w, https:\/\/pinkpistachio.hu\/wp-content\/uploads\/2026\/01\/ppl-660x528.png 660w, https:\/\/pinkpistachio.hu\/wp-content\/uploads\/2026\/01\/ppl-894x715.png 894w\" sizes=\"auto, (max-width: 660px) 100vw, 660px\" \/>        <\/picture>\n        <div class=\"ndm-ib__content\"><h2 class=\"mb-2\">Egy gomb\u00f3cnyi meg\u00e1ll\u00e1s, amit meg\u00e9rdemelsz: a nap legjobb pillanataihoz<\/h2><p>Egy fagylalt n\u00e1lunk lehet egy gyors meg\u00e1ll\u00f3 a v\u00e1rosban, egy s\u00e9ta k\u00eds\u00e9r\u0151je, vagy egy brunch ut\u00e1ni \u00e9des lez\u00e1r\u00e1s. B\u00e1rmelyiket is v\u00e1lasztod, a c\u00e9l ugyanaz: j\u00f3les\u0151, eml\u00e9kezetes \u00e9lm\u00e9ny - minden alkalommal.<\/p>\n<\/div><\/div><\/div><\/div><\/div><\/div><\/div><div id=\"pg-272-6\"  class=\"panel-grid panel-has-style\" ><div class=\"panel-row-style panel-row-style-for-272-6\" ><div id=\"pgc-272-6-0\"  class=\"panel-grid-cell\" ><div id=\"panel-272-6-0-0\" class=\"so-panel widget widget_ndm-cta panel-first-child panel-last-child\" data-index=\"6\" ><div\n\t\t\t\n\t\t\tclass=\"so-widget-ndm-cta so-widget-ndm-cta-default-d75171398898-272\"\n\t\t\t\n\t\t><div class=\"ndm-cta ndm-cta--pink d-flex flex-column flex-lg-row align-items-lg-center justify-content-lg-between\">\r\n     <h3 class=\"ndm-cta__title text-center text-lg-start mb-0\">K\u00edv\u00e1ncsi vagy a teljes k\u00edn\u00e1latunkra is? Kattints ide:<\/h3><a href=\"https:\/\/pinkpistachio.hu\/menu\/\" class=\"btn btn-primary align-self-center align-self-lg-end\" aria-label=\"Men\u00fc\">Men\u00fc<svg xmlns=\"http:\/\/www.w3.org\/2000\/svg\" width=\"16\" height=\"16\" fill=\"currentColor\" class=\"bi bi-arrow-right-short\" viewBox=\"0 0 16 16\" aria-hidden=\"true\" focusable=\"false\"><path fill-rule=\"evenodd\" d=\"M4 8a.5.5 0 0 1 .5-.5h5.793L8.146 5.354a.5.5 0 1 1 .708-.708l3 3a.5.5 0 0 1 0 .708l-3 3a.5.5 0 0 1-.708-.708L10.293 8.5H4.5A.5.5 0 0 1 4 8\"\/><\/svg><\/a><\/div><\/div><\/div><\/div><\/div><\/div><\/div>","protected":false},"excerpt":{"rendered":"<p>K\u00e9zm\u0171ves fagylalt Budapesten \u2013 15 \u00e9v tapasztalat egy gomb\u00f3cbanA Pink Pistachio Brunch fagylaltjai Budapesten m\u00e1sf\u00e9l \u00e9vtizednyi k\u00e9zm\u0171ves tapasztalatra \u00e9p\u00fclnek, amely a Levendula K\u00e9zm\u0171ves Fagylaltoz\u00f3 vil\u00e1g\u00e1b\u00f3l indult, ahol a min\u0151s\u00e9gi alapanyagokb\u00f3l k\u00e9sz\u00edtett, hazai k\u00e9zm\u0171ves fagylaltk\u00e9sz\u00edt\u00e9s nem trend volt, hanem alapelv. Ez a m\u00falt adja azt a szakmai el\u0151nyt, amelyen ma is minden gomb\u00f3cunk alapszik. K\u00e9zm\u0171ves fagylalt [&hellip;]<\/p>\n","protected":false},"author":2,"featured_media":0,"parent":234,"menu_order":4,"comment_status":"closed","ping_status":"closed","template":"no-margins.php","meta":{"_acf_changed":false,"footnotes":""},"class_list":["post-272","page","type-page","status-publish","hentry"],"acf":[],"_links":{"self":[{"href":"https:\/\/pinkpistachio.hu\/hu\/wp-json\/wp\/v2\/pages\/272","targetHints":{"allow":["GET"]}}],"collection":[{"href":"https:\/\/pinkpistachio.hu\/hu\/wp-json\/wp\/v2\/pages"}],"about":[{"href":"https:\/\/pinkpistachio.hu\/hu\/wp-json\/wp\/v2\/types\/page"}],"author":[{"embeddable":true,"href":"https:\/\/pinkpistachio.hu\/hu\/wp-json\/wp\/v2\/users\/2"}],"replies":[{"embeddable":true,"href":"https:\/\/pinkpistachio.hu\/hu\/wp-json\/wp\/v2\/comments?post=272"}],"version-history":[{"count":0,"href":"https:\/\/pinkpistachio.hu\/hu\/wp-json\/wp\/v2\/pages\/272\/revisions"}],"up":[{"embeddable":true,"href":"https:\/\/pinkpistachio.hu\/hu\/wp-json\/wp\/v2\/pages\/234"}],"wp:attachment":[{"href":"https:\/\/pinkpistachio.hu\/hu\/wp-json\/wp\/v2\/media?parent=272"}],"curies":[{"name":"wp","href":"https:\/\/api.w.org\/{rel}","templated":true}]}}