{"id":263,"date":"2026-01-06T17:13:48","date_gmt":"2026-01-06T16:13:48","guid":{"rendered":"https:\/\/pinkpistachio.hu\/a-pink-pistachio-brunchrol\/desserts-budapest\/"},"modified":"2026-02-05T10:36:08","modified_gmt":"2026-02-05T09:36:08","slug":"pink-pistachio-brunch","status":"publish","type":"page","link":"https:\/\/pinkpistachio.hu\/hu\/rolunk\/pink-pistachio-brunch\/","title":{"rendered":"Desszertek"},"content":{"rendered":"<div id=\"pl-263\"  class=\"panel-layout\" ><div id=\"pg-263-0\"  class=\"panel-grid panel-has-style\"  style=\"margin-bottom: px\" ><div class=\"panel-row-style panel-row-style-for-263-0\" ><div id=\"pgc-263-0-0\"  class=\"panel-grid-cell\" ><div id=\"panel-263-0-0-0\" class=\"so-panel widget widget_ndm-img-block panel-first-child panel-last-child\" data-index=\"0\" ><div\n\t\t\t\n\t\t\tclass=\"so-widget-ndm-img-block so-widget-ndm-img-block-default-d75171398898-263\"\n\t\t\t\n\t\t><div class=\"ndm-ib d-flex flex-column flex-lg-row align-items-lg-center\">        <picture class=\"ndm-ib__img d-block\">\n        <img loading=\"lazy\" decoding=\"async\" width=\"660\" height=\"660\" src=\"https:\/\/pinkpistachio.hu\/wp-content\/uploads\/2026\/01\/dessert-img-1-660x660.jpg\" class=\"attachment-img_desktop_6col size-img_desktop_6col\" alt=\"Frissen k\u00e9sz\u00fclt piszt\u00e1ci\u00e1s s\u00fctem\u00e9nyek \u00e9s p\u00e9k\u00e1ruk b\u0151s\u00e9ges t\u00f6ltel\u00e9kkel a Pink Pistachio Brunchn\u00e1l Budapesten\" title=\"Piszt\u00e1cia brunch desszertek Budapest\" srcset=\"https:\/\/pinkpistachio.hu\/wp-content\/uploads\/2026\/01\/dessert-img-1.jpg 800w, https:\/\/pinkpistachio.hu\/wp-content\/uploads\/2026\/01\/dessert-img-1-768x768.jpg 768w, https:\/\/pinkpistachio.hu\/wp-content\/uploads\/2026\/01\/dessert-img-1-233x233.jpg 233w, https:\/\/pinkpistachio.hu\/wp-content\/uploads\/2026\/01\/dessert-img-1-480x480.jpg 480w, https:\/\/pinkpistachio.hu\/wp-content\/uploads\/2026\/01\/dessert-img-1-310x310.jpg 310w, https:\/\/pinkpistachio.hu\/wp-content\/uploads\/2026\/01\/dessert-img-1-427x427.jpg 427w, https:\/\/pinkpistachio.hu\/wp-content\/uploads\/2026\/01\/dessert-img-1-660x660.jpg 660w\" sizes=\"auto, (max-width: 660px) 100vw, 660px\" \/>        <\/picture>\n        <div class=\"ndm-ib__content\"><h2 class=\"mb-2\">Piszt\u00e1ci\u00e1s desszertek Budapesten \u2013 minden mennyis\u00e9gben<\/h2><p>A Pink Pistachio Brunch s\u00fctem\u00e9nyei nem kieg\u00e9sz\u00edt\u0151k a k\u00e1v\u00e9 mell\u00e9. \u00d6n\u00e1ll\u00f3 \u00e9lm\u00e9nyek azoknak, akik <strong data-start=\"1327\" data-end=\"1361\">desszertet keresnek Budapesten<\/strong>, \u00e9s nem \u00e9rik be az \u00e1tlagossal.<\/p>\n<p>Minden s\u00fctem\u00e9ny\u00fcnk frissen k\u00e9sz\u00fcl saj\u00e1t cukr\u00e1sz m\u0171hely\u00fcnkben, pr\u00e9mium alapanyagokb\u00f3l, gondosan kidolgozott recept\u00far\u00e1k alapj\u00e1n. Nem t\u00f6meggy\u00e1rt\u00e1sban gondolkodunk. Hanem abban, hogy minden falatnak legyen s\u00falya, \u00edze, karaktere.<\/p>\n<\/div><\/div><\/div><\/div><\/div><\/div><\/div><div id=\"pg-263-1\"  class=\"panel-grid panel-has-style\"  style=\"margin-bottom: px\" ><div class=\"siteorigin-panels-stretch panel-row-style panel-row-style-for-263-1\" data-stretch-type=\"full\" ><div id=\"pgc-263-1-0\"  class=\"panel-grid-cell\" ><div id=\"panel-263-1-0-0\" class=\"so-panel widget widget_ndm-img-block panel-first-child panel-last-child\" data-index=\"1\" ><div\n\t\t\t\n\t\t\tclass=\"so-widget-ndm-img-block so-widget-ndm-img-block-default-d75171398898-263\"\n\t\t\t\n\t\t><div class=\"ndm-ib d-flex flex-column flex-lg-row flex-lg-row-reverse align-items-lg-center\">        <picture class=\"ndm-ib__img d-block\">\n        <img loading=\"lazy\" decoding=\"async\" width=\"660\" height=\"660\" src=\"https:\/\/pinkpistachio.hu\/wp-content\/uploads\/2026\/01\/dessert-img-2-660x660.jpg\" class=\"attachment-img_desktop_6col size-img_desktop_6col\" alt=\"Piszt\u00e1ci\u00e1s croissant \u00e9s piszt\u00e1ci\u00e1s New York roll a Pink Pistachio Brunchn\u00e1l, k\u00edv\u00fcl-bel\u00fcl b\u0151s\u00e9ges t\u00f6ltel\u00e9kkel\" title=\"Piszt\u00e1ci\u00e1s croissant &#038; New York Roll \u2013 Pink Pistachio Brunch\" srcset=\"https:\/\/pinkpistachio.hu\/wp-content\/uploads\/2026\/01\/dessert-img-2.jpg 800w, https:\/\/pinkpistachio.hu\/wp-content\/uploads\/2026\/01\/dessert-img-2-768x768.jpg 768w, https:\/\/pinkpistachio.hu\/wp-content\/uploads\/2026\/01\/dessert-img-2-233x233.jpg 233w, https:\/\/pinkpistachio.hu\/wp-content\/uploads\/2026\/01\/dessert-img-2-480x480.jpg 480w, https:\/\/pinkpistachio.hu\/wp-content\/uploads\/2026\/01\/dessert-img-2-310x310.jpg 310w, https:\/\/pinkpistachio.hu\/wp-content\/uploads\/2026\/01\/dessert-img-2-427x427.jpg 427w, https:\/\/pinkpistachio.hu\/wp-content\/uploads\/2026\/01\/dessert-img-2-660x660.jpg 660w\" sizes=\"auto, (max-width: 660px) 100vw, 660px\" \/>        <\/picture>\n        <div class=\"ndm-ib__content\"><h2 class=\"mb-2\">Exkluz\u00edv recept\u00far\u00e1k \u2013 k\u00e9zm\u0171ves desszertek Budapesten, elismert cukr\u00e1szt\u00f3l<\/h2><p>S\u00fctem\u00e9nyeink recept\u00far\u00e1it exkluz\u00edvan a gyenesdi\u00e1si <a href=\"https:\/\/monisuti.hu\" target=\"_blank\" rel=\"noopener\">\u201eM\u00f3ni s\u00fcti\u201d<\/a> alkotta meg. M\u00f3ni neve nem v\u00e9letlen\u00fcl cseng ismer\u0151sen a min\u0151s\u00e9gi cukr\u00e1szat ir\u00e1nt elk\u00f6telezettek k\u00f6r\u00e9ben: a Dining Guide a legjobb t\u00edz vid\u00e9ki cukr\u00e1szda k\u00f6z\u00e9 v\u00e1lasztotta m\u00e1r j\u00f3val azel\u0151tt, hogy saj\u00e1t \u00fczlete megnyitotta volna. Ez a szakmai h\u00e1tt\u00e9r nem c\u00edmke n\u00e1lunk, hanem garancia.<\/p>\n<\/div><\/div><\/div><\/div><\/div><\/div><\/div><div id=\"pg-263-2\"  class=\"panel-grid panel-has-style\"  style=\"margin-bottom: px\" ><div class=\"panel-row-style panel-row-style-for-263-2\" ><div id=\"pgc-263-2-0\"  class=\"panel-grid-cell\" ><div id=\"panel-263-2-0-0\" class=\"so-panel widget widget_ndm-img-block panel-first-child panel-last-child\" data-index=\"2\" ><div\n\t\t\t\n\t\t\tclass=\"so-widget-ndm-img-block so-widget-ndm-img-block-default-d75171398898-263\"\n\t\t\t\n\t\t><div class=\"ndm-ib d-flex flex-column flex-lg-row align-items-lg-center\">        <picture class=\"ndm-ib__img d-block\">\n        <img loading=\"lazy\" decoding=\"async\" width=\"660\" height=\"528\" src=\"https:\/\/pinkpistachio.hu\/wp-content\/uploads\/2026\/01\/pinkp-660x528.png\" class=\"attachment-img_desktop_6col size-img_desktop_6col\" alt=\"Piszt\u00e1ci\u00e1s s\u00fctem\u00e9ny a Pink Pistachio Brunchn\u00e1l, b\u0151s\u00e9gesen meglocsolva foly\u00e9kony piszt\u00e1cia\u00f6ntettel\" title=\"Piszt\u00e1ci\u00e1s s\u00fctem\u00e9ny piszt\u00e1cia\u00f6ntettel \u2013 Pink Pistachio Brunch\" srcset=\"https:\/\/pinkpistachio.hu\/wp-content\/uploads\/2026\/01\/pinkp.png 1000w, https:\/\/pinkpistachio.hu\/wp-content\/uploads\/2026\/01\/pinkp-768x614.png 768w, https:\/\/pinkpistachio.hu\/wp-content\/uploads\/2026\/01\/pinkp-233x186.png 233w, https:\/\/pinkpistachio.hu\/wp-content\/uploads\/2026\/01\/pinkp-480x384.png 480w, https:\/\/pinkpistachio.hu\/wp-content\/uploads\/2026\/01\/pinkp-310x248.png 310w, https:\/\/pinkpistachio.hu\/wp-content\/uploads\/2026\/01\/pinkp-427x342.png 427w, https:\/\/pinkpistachio.hu\/wp-content\/uploads\/2026\/01\/pinkp-660x528.png 660w, https:\/\/pinkpistachio.hu\/wp-content\/uploads\/2026\/01\/pinkp-894x715.png 894w\" sizes=\"auto, (max-width: 660px) 100vw, 660px\" \/>        <\/picture>\n        <div class=\"ndm-ib__content\"><h2 class=\"mb-2\">Gazdag, kiad\u00f3s piszt\u00e1ci\u00e1s desszertek \u2013 kompromisszumok n\u00e9lk\u00fcl<\/h2><p>A s\u00fctem\u00e9nyeink nem \u201ek\u00f3stol\u00f3 m\u00e9ret\u0171ek\u201d. Kiad\u00f3sak, gazdagok \u00e9s a piszt\u00e1ci\u00e1val soha nem sp\u00f3rolunk, ezt mi sem bizony\u00edtja jobban, mint azon s\u00fctik eset\u00e9ben, amelyek tartalm\u00e1ban kev\u00e9snek \u00e9rezt\u00fck a piszt\u00e1cia \u00edzt, a tetej\u00e9re csurgatunk extr\u00e1ban, \u00edgy t\u00e1laljuk a szeleteket. A kr\u00e9mek vastagok, az \u00edzek m\u00e9lyek, az \u00e1llag pedig pontosan olyan, az \u00e1llag pedig pontosan olyan, amit\u0151l egy <strong data-start=\"2384\" data-end=\"2407\">desszert Budapesten<\/strong> nem csak finom, hanem eml\u00e9kezetes lesz.<\/p>\n<p>Mott\u00f3nk: ha piszt\u00e1ci\u00e1t rendelsz, val\u00f3ban piszt\u00e1ci\u00e1t kapsz.<\/p>\n<\/div><\/div><\/div><\/div><\/div><\/div><\/div><div id=\"pg-263-3\"  class=\"panel-grid panel-has-style\"  style=\"margin-bottom: px\" ><div class=\"siteorigin-panels-stretch panel-row-style panel-row-style-for-263-3\" data-stretch-type=\"full\" ><div id=\"pgc-263-3-0\"  class=\"panel-grid-cell\" ><div id=\"panel-263-3-0-0\" class=\"so-panel widget widget_ndm-img-block panel-first-child panel-last-child\" data-index=\"3\" ><div\n\t\t\t\n\t\t\tclass=\"so-widget-ndm-img-block so-widget-ndm-img-block-default-d75171398898-263\"\n\t\t\t\n\t\t><div class=\"ndm-ib d-flex flex-column flex-lg-row flex-lg-row-reverse align-items-lg-center\">        <picture class=\"ndm-ib__img d-block\">\n        <img loading=\"lazy\" decoding=\"async\" width=\"660\" height=\"528\" src=\"https:\/\/pinkpistachio.hu\/wp-content\/uploads\/2026\/01\/pinkp-660x528.png\" class=\"attachment-img_desktop_6col size-img_desktop_6col\" alt=\"Piszt\u00e1ci\u00e1s s\u00fctem\u00e9ny a Pink Pistachio Brunchn\u00e1l, b\u0151s\u00e9gesen meglocsolva foly\u00e9kony piszt\u00e1cia\u00f6ntettel\" title=\"Piszt\u00e1ci\u00e1s s\u00fctem\u00e9ny piszt\u00e1cia\u00f6ntettel \u2013 Pink Pistachio Brunch\" srcset=\"https:\/\/pinkpistachio.hu\/wp-content\/uploads\/2026\/01\/pinkp.png 1000w, https:\/\/pinkpistachio.hu\/wp-content\/uploads\/2026\/01\/pinkp-768x614.png 768w, https:\/\/pinkpistachio.hu\/wp-content\/uploads\/2026\/01\/pinkp-233x186.png 233w, https:\/\/pinkpistachio.hu\/wp-content\/uploads\/2026\/01\/pinkp-480x384.png 480w, https:\/\/pinkpistachio.hu\/wp-content\/uploads\/2026\/01\/pinkp-310x248.png 310w, https:\/\/pinkpistachio.hu\/wp-content\/uploads\/2026\/01\/pinkp-427x342.png 427w, https:\/\/pinkpistachio.hu\/wp-content\/uploads\/2026\/01\/pinkp-660x528.png 660w, https:\/\/pinkpistachio.hu\/wp-content\/uploads\/2026\/01\/pinkp-894x715.png 894w\" sizes=\"auto, (max-width: 660px) 100vw, 660px\" \/>        <\/picture>\n        <div class=\"ndm-ib__content\"><h2 class=\"mb-2\">Neh\u00e9z csak egy signature \u00e9dess\u00e9get v\u00e1lasztani<\/h2><p><span style=\"font-weight: 400\">Pistachio Raspberry Cheesecake<\/span><span style=\"font-weight: 400\"><br \/>\n<\/span><span style=\"font-weight: 400\">PISTACHIO CAKE<\/span><span style=\"font-weight: 400\"><br \/>\n<\/span><span style=\"font-weight: 400\">PISTACHIO CHOCOLATE<\/span><span style=\"font-weight: 400\"><br \/>\n<\/span><span style=\"font-weight: 400\">PISTACHIO MILLEFEUILLE<\/span><span style=\"font-weight: 400\"><br \/>\n<\/span><span style=\"font-weight: 400\">TRIPLE PISTACHIO<\/span><span style=\"font-weight: 400\"><br \/>\n<\/span><span style=\"font-weight: 400\">DOUBLE CHOCOLATE PISTACHIO MOUSSE<\/span><span style=\"font-weight: 400\"><br \/>\n<\/span><span style=\"font-weight: 400\">PISTACHIO TIRAMISU<\/span><span style=\"font-weight: 400\"><br \/>\n<\/span><span style=\"font-weight: 400\">PISTACHIO BROWNIE<\/span><\/p>\n<\/div><\/div><\/div><\/div><\/div><\/div><\/div><div id=\"pg-263-4\"  class=\"panel-grid panel-has-style\"  style=\"margin-bottom: px\" ><div class=\"siteorigin-panels-stretch panel-row-style panel-row-style-for-263-4\" data-stretch-type=\"full\" ><div id=\"pgc-263-4-0\"  class=\"panel-grid-cell\" ><div id=\"panel-263-4-0-0\" class=\"so-panel widget widget_ndm-img-block panel-first-child panel-last-child\" data-index=\"4\" ><div\n\t\t\t\n\t\t\tclass=\"so-widget-ndm-img-block so-widget-ndm-img-block-default-d75171398898-263\"\n\t\t\t\n\t\t><div class=\"ndm-ib d-flex flex-column flex-lg-row align-items-lg-center\">        <picture class=\"ndm-ib__img d-block\">\n        <img loading=\"lazy\" decoding=\"async\" width=\"660\" height=\"660\" src=\"https:\/\/pinkpistachio.hu\/wp-content\/uploads\/2026\/01\/dessert-img-3-660x660.jpg\" class=\"attachment-img_desktop_6col size-img_desktop_6col\" alt=\"Piszt\u00e1ci\u00e1s palacsinta brunch fog\u00e1s Budapesten a Pink Pistachio Brunchn\u00e1l\" title=\"Pistachio Pancake Brunch \u2013 Budapest | Pink Pistachio Brunch\" srcset=\"https:\/\/pinkpistachio.hu\/wp-content\/uploads\/2026\/01\/dessert-img-3.jpg 800w, https:\/\/pinkpistachio.hu\/wp-content\/uploads\/2026\/01\/dessert-img-3-768x768.jpg 768w, https:\/\/pinkpistachio.hu\/wp-content\/uploads\/2026\/01\/dessert-img-3-233x233.jpg 233w, https:\/\/pinkpistachio.hu\/wp-content\/uploads\/2026\/01\/dessert-img-3-480x480.jpg 480w, https:\/\/pinkpistachio.hu\/wp-content\/uploads\/2026\/01\/dessert-img-3-310x310.jpg 310w, https:\/\/pinkpistachio.hu\/wp-content\/uploads\/2026\/01\/dessert-img-3-427x427.jpg 427w, https:\/\/pinkpistachio.hu\/wp-content\/uploads\/2026\/01\/dessert-img-3-660x660.jpg 660w\" sizes=\"auto, (max-width: 660px) 100vw, 660px\" \/>        <\/picture>\n        <div class=\"ndm-ib__content\"><h2 class=\"mb-2\">Piszt\u00e1ci\u00e1s p\u00e9ks\u00fctem\u00e9nyek Budapesten \u2013 nem csak n\u00e9vben, t\u00f6ltel\u00e9kben is<\/h2><p>A p\u00e9ks\u00fctem\u00e9ny k\u00edn\u00e1latunkban k\u00fcl\u00f6n\u00f6sen b\u00fcszk\u00e9k vagyunk a Pistachio New York Rollra \u00e9s a Pistachio Croissantra. Ezek nem \u201episzt\u00e1ci\u00e1snak\"\" cs\u00fafolt s\u00fctem\u00e9nyek: a piszt\u00e1cia nemcsak d\u00edsz, nem v\u00e9kony cs\u00edk, nem visszafogott utal\u00e1s. B\u0151s\u00e9ges piszt\u00e1ciakr\u00e9mmel k\u00e9sz\u00fclnek, k\u00edv\u00fcl-bel\u00fcl, pont \u00fagy, ahogy szerint\u00fcnk ennek lennie kell.<\/p>\n<\/div><\/div><\/div><\/div><\/div><\/div><\/div><div id=\"pg-263-5\"  class=\"panel-grid panel-has-style\"  style=\"margin-bottom: px\" ><div class=\"siteorigin-panels-stretch panel-row-style panel-row-style-for-263-5\" data-stretch-type=\"full\" ><div id=\"pgc-263-5-0\"  class=\"panel-grid-cell\" ><div id=\"panel-263-5-0-0\" class=\"so-panel widget widget_ndm-img-block panel-first-child panel-last-child\" data-index=\"5\" ><div\n\t\t\t\n\t\t\tclass=\"so-widget-ndm-img-block so-widget-ndm-img-block-default-d75171398898-263\"\n\t\t\t\n\t\t><div class=\"ndm-ib d-flex flex-column flex-lg-row flex-lg-row-reverse align-items-lg-center\">        <picture class=\"ndm-ib__img d-block\">\n        <img loading=\"lazy\" decoding=\"async\" width=\"660\" height=\"660\" src=\"https:\/\/pinkpistachio.hu\/wp-content\/uploads\/2026\/01\/dessert-img-6-660x660.jpg\" class=\"attachment-img_desktop_6col size-img_desktop_6col\" alt=\"Piszt\u00e1ci\u00e1s torta szelet Budapesten a Pink Pistachio Brunch-ban\" title=\"Piszt\u00e1ci\u00e1s torta szelet\" srcset=\"https:\/\/pinkpistachio.hu\/wp-content\/uploads\/2026\/01\/dessert-img-6.jpg 800w, https:\/\/pinkpistachio.hu\/wp-content\/uploads\/2026\/01\/dessert-img-6-768x768.jpg 768w, https:\/\/pinkpistachio.hu\/wp-content\/uploads\/2026\/01\/dessert-img-6-233x233.jpg 233w, https:\/\/pinkpistachio.hu\/wp-content\/uploads\/2026\/01\/dessert-img-6-480x480.jpg 480w, https:\/\/pinkpistachio.hu\/wp-content\/uploads\/2026\/01\/dessert-img-6-310x310.jpg 310w, https:\/\/pinkpistachio.hu\/wp-content\/uploads\/2026\/01\/dessert-img-6-427x427.jpg 427w, https:\/\/pinkpistachio.hu\/wp-content\/uploads\/2026\/01\/dessert-img-6-660x660.jpg 660w\" sizes=\"auto, (max-width: 660px) 100vw, 660px\" \/>        <\/picture>\n        <div class=\"ndm-ib__content\"><h2 class=\"mb-2\">S\u00fctem\u00e9nyek Budapesten, amik maguk\u00e9rt besz\u00e9lnek<\/h2><p>A Pink Pistachio Brunch s\u00fctem\u00e9nyei nemcsak egy brunch m\u00e9lt\u00f3 lez\u00e1r\u00e1sai lehetnek. Van, amikor ink\u00e1bb aprop\u00f3ul szolg\u00e1lnak: p\u00e9ld\u00e1ul egy k\u00e1v\u00e9ra vagy randira, egy s\u00e9t\u00e1ra, egy meg\u00e1ll\u00f3ra a napban. \u00c9s akkor is ott vannak, amikor nem keresel indokot: csak piszt\u00e1ci\u00e1t.<\/p>\n<\/div><\/div><\/div><\/div><\/div><\/div><\/div><div id=\"pg-263-6\"  class=\"panel-grid panel-has-style\" ><div class=\"siteorigin-panels-stretch panel-row-style panel-row-style-for-263-6\" data-stretch-type=\"full\" ><div id=\"pgc-263-6-0\"  class=\"panel-grid-cell\" ><div id=\"panel-263-6-0-0\" class=\"so-panel widget widget_ndm-cta panel-first-child panel-last-child\" data-index=\"6\" ><div\n\t\t\t\n\t\t\tclass=\"so-widget-ndm-cta so-widget-ndm-cta-default-d75171398898-263\"\n\t\t\t\n\t\t><div class=\"ndm-cta ndm-cta--green d-flex flex-column flex-lg-row align-items-lg-center justify-content-lg-between\">\r\n     <h3 class=\"ndm-cta__title text-center text-lg-start mb-0\">K\u00edv\u00e1ncsi vagy a teljes \u00e9tel- \u00e9s italk\u00edn\u00e1latunkra? Kattints ide:<\/h3><a href=\"https:\/\/pinkpistachio.hu\/menu\/\" class=\"btn btn-primary align-self-center align-self-lg-end\" aria-label=\"\u00e9tlap\">\u00e9tlap<svg xmlns=\"http:\/\/www.w3.org\/2000\/svg\" width=\"16\" height=\"16\" fill=\"currentColor\" class=\"bi bi-arrow-right-short\" viewBox=\"0 0 16 16\" aria-hidden=\"true\" focusable=\"false\"><path fill-rule=\"evenodd\" d=\"M4 8a.5.5 0 0 1 .5-.5h5.793L8.146 5.354a.5.5 0 1 1 .708-.708l3 3a.5.5 0 0 1 0 .708l-3 3a.5.5 0 0 1-.708-.708L10.293 8.5H4.5A.5.5 0 0 1 4 8\"\/><\/svg><\/a><\/div><\/div><\/div><\/div><\/div><\/div><\/div>","protected":false},"excerpt":{"rendered":"<p>Piszt\u00e1ci\u00e1s desszertek Budapesten \u2013 minden mennyis\u00e9gbenA Pink Pistachio Brunch s\u00fctem\u00e9nyei nem kieg\u00e9sz\u00edt\u0151k a k\u00e1v\u00e9 mell\u00e9. \u00d6n\u00e1ll\u00f3 \u00e9lm\u00e9nyek azoknak, akik desszertet keresnek Budapesten, \u00e9s nem \u00e9rik be az \u00e1tlagossal. Minden s\u00fctem\u00e9ny\u00fcnk frissen k\u00e9sz\u00fcl saj\u00e1t cukr\u00e1sz m\u0171hely\u00fcnkben, pr\u00e9mium alapanyagokb\u00f3l, gondosan kidolgozott recept\u00far\u00e1k alapj\u00e1n. Nem t\u00f6meggy\u00e1rt\u00e1sban gondolkodunk. Hanem abban, hogy minden falatnak legyen s\u00falya, \u00edze, karaktere. Exkluz\u00edv recept\u00far\u00e1k [&hellip;]<\/p>\n","protected":false},"author":2,"featured_media":0,"parent":234,"menu_order":3,"comment_status":"closed","ping_status":"closed","template":"no-margins.php","meta":{"_acf_changed":false,"footnotes":""},"class_list":["post-263","page","type-page","status-publish","hentry"],"acf":[],"_links":{"self":[{"href":"https:\/\/pinkpistachio.hu\/hu\/wp-json\/wp\/v2\/pages\/263","targetHints":{"allow":["GET"]}}],"collection":[{"href":"https:\/\/pinkpistachio.hu\/hu\/wp-json\/wp\/v2\/pages"}],"about":[{"href":"https:\/\/pinkpistachio.hu\/hu\/wp-json\/wp\/v2\/types\/page"}],"author":[{"embeddable":true,"href":"https:\/\/pinkpistachio.hu\/hu\/wp-json\/wp\/v2\/users\/2"}],"replies":[{"embeddable":true,"href":"https:\/\/pinkpistachio.hu\/hu\/wp-json\/wp\/v2\/comments?post=263"}],"version-history":[{"count":0,"href":"https:\/\/pinkpistachio.hu\/hu\/wp-json\/wp\/v2\/pages\/263\/revisions"}],"up":[{"embeddable":true,"href":"https:\/\/pinkpistachio.hu\/hu\/wp-json\/wp\/v2\/pages\/234"}],"wp:attachment":[{"href":"https:\/\/pinkpistachio.hu\/hu\/wp-json\/wp\/v2\/media?parent=263"}],"curies":[{"name":"wp","href":"https:\/\/api.w.org\/{rel}","templated":true}]}}