{"id":260,"date":"2026-01-06T17:13:24","date_gmt":"2026-01-06T16:13:24","guid":{"rendered":"https:\/\/pinkpistachio.hu\/a-pink-pistachio-brunchrol\/coffee\/"},"modified":"2026-02-05T10:34:09","modified_gmt":"2026-02-05T09:34:09","slug":"kave-budapest","status":"publish","type":"page","link":"https:\/\/pinkpistachio.hu\/hu\/rolunk\/kave-budapest\/","title":{"rendered":"K\u00e1v\u00e9"},"content":{"rendered":"<div id=\"pl-260\"  class=\"panel-layout\" ><div id=\"pg-260-0\"  class=\"panel-grid panel-has-style\"  style=\"margin-bottom: px\" ><div class=\"panel-row-style panel-row-style-for-260-0\" ><div id=\"pgc-260-0-0\"  class=\"panel-grid-cell\" ><div id=\"panel-260-0-0-0\" class=\"so-panel widget widget_ndm-img-block panel-first-child panel-last-child\" data-index=\"0\" ><div\n\t\t\t\n\t\t\tclass=\"so-widget-ndm-img-block so-widget-ndm-img-block-default-d75171398898-260\"\n\t\t\t\n\t\t><div class=\"ndm-ib d-flex flex-column flex-lg-row align-items-lg-center\">        <picture class=\"ndm-ib__img d-block\">\n        <img loading=\"lazy\" decoding=\"async\" width=\"660\" height=\"660\" src=\"https:\/\/pinkpistachio.hu\/wp-content\/uploads\/2026\/01\/drinks-img-1-660x660.jpg\" class=\"attachment-img_desktop_6col size-img_desktop_6col\" alt=\"brunch k\u00e1v\u00e9 Budapest Can-be t\u00f6ltve - els\u0151k\u00e9nt a v\u00e1rosban\" title=\"specialty k\u00e1v\u00e9 Budapest\" srcset=\"https:\/\/pinkpistachio.hu\/wp-content\/uploads\/2026\/01\/drinks-img-1.jpg 800w, https:\/\/pinkpistachio.hu\/wp-content\/uploads\/2026\/01\/drinks-img-1-768x768.jpg 768w, https:\/\/pinkpistachio.hu\/wp-content\/uploads\/2026\/01\/drinks-img-1-233x233.jpg 233w, https:\/\/pinkpistachio.hu\/wp-content\/uploads\/2026\/01\/drinks-img-1-480x480.jpg 480w, https:\/\/pinkpistachio.hu\/wp-content\/uploads\/2026\/01\/drinks-img-1-310x310.jpg 310w, https:\/\/pinkpistachio.hu\/wp-content\/uploads\/2026\/01\/drinks-img-1-427x427.jpg 427w, https:\/\/pinkpistachio.hu\/wp-content\/uploads\/2026\/01\/drinks-img-1-660x660.jpg 660w\" sizes=\"auto, (max-width: 660px) 100vw, 660px\" \/>        <\/picture>\n        <div class=\"ndm-ib__content\"><h2 class=\"mb-2\">H\u00e1zi k\u00e9sz\u00edt\u00e9s\u0171 szirupok, pr\u00e9mium alapanyagok, tiszta \u00edzek \u2013 k\u00e1v\u00e9 Budapesten kompromisszumok n\u00e9lk\u00fcl<\/h2><p>Sz\u00e1munkra a <strong data-start=\"915\" data-end=\"934\">k\u00e1v\u00e9 Budapesten<\/strong> nem fut\u00f3szalagos term\u00e9k, hanem tudatosan fel\u00e9p\u00edtett \u00e9lm\u00e9ny: nincs r\u00f6vid\u00edt\u00e9s, nincs sp\u00f3rol\u00e1s, nincs f\u00e9l megold\u00e1s, nincs kompromisszum.<\/p>\n<p>B\u00fcszk\u00e9k vagyunk r\u00e1, hogy Budapesten k\u00e9pviselhetj\u00fck azt a mentalit\u00e1st, amelyben m\u00e9lyen hisz\u00fcnk. Nem haszn\u00e1lunk ipari, el\u0151re gy\u00e1rtott szirupokat: minden italunkhoz saj\u00e1t, h\u00e1zi k\u00e9sz\u00edt\u00e9s\u0171 szirupokat \u00e9s k\u00e9zm\u0171ves kr\u00e9meket k\u00e9sz\u00edt\u00fcnk. Sz\u00e1munkra az \u00fcd\u00edt\u0151 \u00e9s a <strong data-start=\"1432\" data-end=\"1451\">k\u00e1v\u00e9 Budapesten<\/strong> nem k\u00eds\u00e9r\u0151, hanem az \u00e9lm\u00e9ny szerves r\u00e9sze, ugyan\u00fagy, mint az \u00e9tel a t\u00e1ny\u00e9ron.<\/p>\n<p>Ha sz\u00e1modra is fontos, hogy a k\u00e1v\u00e9 m\u00f6g\u00f6tt gondolat, min\u0151s\u00e9g \u00e9s k\u00f6vetkezetess\u00e9g \u00e1lljon, itt j\u00f3 helyen j\u00e1rsz.\ud83d\udc9a<\/p>\n<\/div><\/div><\/div><\/div><\/div><\/div><\/div><div id=\"pg-260-1\"  class=\"panel-grid panel-has-style\"  style=\"margin-bottom: px\" ><div class=\"siteorigin-panels-stretch panel-row-style panel-row-style-for-260-1\" data-stretch-type=\"full\" ><div id=\"pgc-260-1-0\"  class=\"panel-grid-cell\" ><div id=\"panel-260-1-0-0\" class=\"so-panel widget widget_ndm-img-block panel-first-child panel-last-child\" data-index=\"1\" ><div\n\t\t\t\n\t\t\tclass=\"so-widget-ndm-img-block so-widget-ndm-img-block-default-d75171398898-260\"\n\t\t\t\n\t\t><div class=\"ndm-ib d-flex flex-column flex-lg-row flex-lg-row-reverse align-items-lg-center\">        <picture class=\"ndm-ib__img d-block\">\n        <img loading=\"lazy\" decoding=\"async\" width=\"660\" height=\"660\" src=\"https:\/\/pinkpistachio.hu\/wp-content\/uploads\/2026\/01\/drinks-img-2-660x660.jpg\" class=\"attachment-img_desktop_6col size-img_desktop_6col\" alt=\"Signature jeges matcha ital CAN-ben Budapesten a Pink Pistachio Brunchn\u00e1l\" title=\"Signature speciality k\u00e1v\u00e9 Can \u2013 Budapest\" srcset=\"https:\/\/pinkpistachio.hu\/wp-content\/uploads\/2026\/01\/drinks-img-2.jpg 800w, https:\/\/pinkpistachio.hu\/wp-content\/uploads\/2026\/01\/drinks-img-2-768x768.jpg 768w, https:\/\/pinkpistachio.hu\/wp-content\/uploads\/2026\/01\/drinks-img-2-233x233.jpg 233w, https:\/\/pinkpistachio.hu\/wp-content\/uploads\/2026\/01\/drinks-img-2-480x480.jpg 480w, https:\/\/pinkpistachio.hu\/wp-content\/uploads\/2026\/01\/drinks-img-2-310x310.jpg 310w, https:\/\/pinkpistachio.hu\/wp-content\/uploads\/2026\/01\/drinks-img-2-427x427.jpg 427w, https:\/\/pinkpistachio.hu\/wp-content\/uploads\/2026\/01\/drinks-img-2-660x660.jpg 660w\" sizes=\"auto, (max-width: 660px) 100vw, 660px\" \/>        <\/picture>\n        <div class=\"ndm-ib__content\"><h2 class=\"mb-2\">Signature italok can-be t\u00f6ltve: egy budapesti els\u0151, amit az\u00f3ta is visznek, szeretnek a vend\u00e9geink<\/h2><p>Budapestre els\u0151k\u00e9nt hoztuk el azokat a can-ekbe t\u00f6lt\u00f6tt Signature italokat, amelyek m\u00e1ra a <a href=\"https:\/\/www.youtube.com\/watch?v=qi0_dI7ZEIo\" target=\"_blank\" rel=\"noopener\">k\u00f6z\u00f6ss\u00e9gi m\u00e9di\u00e1<\/a>ban is a Pink Pistachio Brunch v\u00e9djegy\u00e9v\u00e9 v\u00e1ltak. Ezek nem \u201eelviteles italok\u201d, hanem saj\u00e1t receptjeinken alapul\u00f3, hideg, friss\u00edt\u0151 italk\u00fcl\u00f6nlegess\u00e9gek, amelyeket kifejezetten \u00fagy \u00e1lmodtunk meg, hogy \u00fatk\u00f6zben, s\u00e9t\u00e1lva, v\u00e1rost n\u00e9zve is ugyanazt az \u00e9lm\u00e9nyt adj\u00e1k, mint az asztaln\u00e1l \u00fclve.<\/p>\n<p>A c\u00e9lunk nem az volt, hogy k\u00f6vess\u00fcnk egy trendet, hanem hogy teremts\u00fcnk egyet. A vend\u00e9geink visszajelz\u00e9sei \u00e9s a r\u00f3lunk k\u00e9sz\u00fclt tartalmak pedig az\u00f3ta is visszaigazolj\u00e1k ezt.<\/p>\n<p>Ha m\u00e9g nem pr\u00f3b\u00e1ltad: itt az ideje.<\/p>\n<p>V\u00e1lassz egy j\u00e9ghideg <a href=\"https:\/\/pinkpistachio.hu\/menu\/\">Signature ital<\/a>unkat can-ben \u00e9s vidd magaddal a Pink Pistachio \u00e9lm\u00e9nyt.<\/p>\n<\/div><\/div><\/div><\/div><\/div><\/div><\/div><div id=\"pg-260-2\"  class=\"panel-grid panel-has-style\"  style=\"margin-bottom: px\" ><div class=\"panel-row-style panel-row-style-for-260-2\" ><div id=\"pgc-260-2-0\"  class=\"panel-grid-cell\" ><div id=\"panel-260-2-0-0\" class=\"so-panel widget widget_ndm-img-block panel-first-child panel-last-child\" data-index=\"2\" ><div\n\t\t\t\n\t\t\tclass=\"so-widget-ndm-img-block so-widget-ndm-img-block-default-d75171398898-260\"\n\t\t\t\n\t\t><div class=\"ndm-ib d-flex flex-column flex-lg-row align-items-lg-center\">        <picture class=\"ndm-ib__img d-block\">\n        <img loading=\"lazy\" decoding=\"async\" width=\"660\" height=\"660\" src=\"https:\/\/pinkpistachio.hu\/wp-content\/uploads\/2026\/01\/drinks-img-3-660x660.jpg\" class=\"attachment-img_desktop_6col size-img_desktop_6col\" alt=\"Signature jeges matcha ital CAN-ben Budapesten a Pink Pistachio Brunchn\u00e1l\" title=\"Jeges match\u00e1k can-be t\u00f6ltve \u2013 Budapest\" srcset=\"https:\/\/pinkpistachio.hu\/wp-content\/uploads\/2026\/01\/drinks-img-3.jpg 800w, https:\/\/pinkpistachio.hu\/wp-content\/uploads\/2026\/01\/drinks-img-3-768x768.jpg 768w, https:\/\/pinkpistachio.hu\/wp-content\/uploads\/2026\/01\/drinks-img-3-233x233.jpg 233w, https:\/\/pinkpistachio.hu\/wp-content\/uploads\/2026\/01\/drinks-img-3-480x480.jpg 480w, https:\/\/pinkpistachio.hu\/wp-content\/uploads\/2026\/01\/drinks-img-3-310x310.jpg 310w, https:\/\/pinkpistachio.hu\/wp-content\/uploads\/2026\/01\/drinks-img-3-427x427.jpg 427w, https:\/\/pinkpistachio.hu\/wp-content\/uploads\/2026\/01\/drinks-img-3-660x660.jpg 660w\" sizes=\"auto, (max-width: 660px) 100vw, 660px\" \/>        <\/picture>\n        <div class=\"ndm-ib__content\"><h2 class=\"mb-2\">Val\u00f3di alapanyagok. Nem csak \u00edzben, l\u00e1tv\u00e1nyban is.<\/h2><p>A Pink Pistachio Brunchban vil\u00e1gosabb p\u00f6rk\u00f6l\u00e9s\u0171 k\u00e1v\u00e9val dolgozunk, ami a <strong>One Eleven<\/strong> csapat\u00e1val val\u00f3sulhatott meg. V\u00e1laszt\u00e1sunk tudatos volt: a vil\u00e1gos p\u00f6rk\u00f6l\u00e9s finomabb, tiszt\u00e1bb \u00edzvil\u00e1got ad, ami teret hagy a piszt\u00e1ci\u00e1nak: elnyom\u00e1s helyett \u00f6sszehangolja a k\u00e1v\u00e9val. A k\u00f6z\u00f6s p\u00f6rk\u00f6l\u00e9s sor\u00e1n a k\u00e1v\u00e9 \u00e9s a piszt\u00e1cia egym\u00e1sra hangol\u00e1sa volt a c\u00e9l: hogy egyik se legyen f\u0151szerepl\u0151 a m\u00e1sik rov\u00e1s\u00e1ra, m\u00e9gis egy\u00fctt adjanak egy karakteres, kiegyens\u00falyozott \u00e9lm\u00e9nyt. Ez a hazai, strat\u00e9giai egy\u00fcttm\u0171k\u00f6d\u00e9s sz\u00e1munkra k\u00fcl\u00f6n\u00f6sen sokat jelent. Nem csak az\u00e9rt, mert min\u0151s\u00e9get k\u00e9pvisel, hanem mert ugyanabban hisz\u00fcnk: a r\u00e9szletekben, az ar\u00e1nyokban \u00e9s abban, hogy egy k\u00e1v\u00e9 t\u00f6bb lehet, mint egy ital.<\/p>\n<p>A van\u00edli\u00e1s latt\u00e9nk p\u00e9ld\u00e1ul val\u00f3di, madagaszk\u00e1ri van\u00edli\u00e1b\u00f3l k\u00e9sz\u00fcl. Nem arom\u00e1b\u00f3l, nem kivonatb\u00f3l: hanem abb\u00f3l a van\u00edli\u00e1b\u00f3l, amelynek a szemcs\u00e9i az italban is l\u00e1that\u00f3k. Ez n\u00e1lunk nem \u201eextra\u201d, hanem alapelv: amit haszn\u00e1lsz, annak legyen \u00edze, illata, karaktere. Ugyanez igaz a karamellre, a csokol\u00e1d\u00e9ra, a f\u0171szerekre \u00e9s a szezon\u00e1lis \u00edzes\u00edt\u00e9sekre is. Mindent megtesz\u00fcnk az\u00e9rt, hogy ker\u00fclj\u00fck a k\u00e1ros anyagokat, mesters\u00e9ges sz\u00ednez\u00e9ket \u00e9s tart\u00f3s\u00edt\u00f3szereket. K\u00edn\u00e1latunkban ez\u00e9rt olyan t\u00e9telek szerepelnek csak, amelyeket mi is b\u00e1rmikor boldogan elfogyasztan\u00e1nk.<\/p>\n<\/div><\/div><\/div><\/div><\/div><\/div><\/div><div id=\"pg-260-3\"  class=\"panel-grid panel-has-style\"  style=\"margin-bottom: px\" ><div class=\"siteorigin-panels-stretch panel-row-style panel-row-style-for-260-3\" data-stretch-type=\"full\" ><div id=\"pgc-260-3-0\"  class=\"panel-grid-cell\" ><div id=\"panel-260-3-0-0\" class=\"so-panel widget widget_ndm-img-block panel-first-child panel-last-child\" data-index=\"3\" ><div\n\t\t\t\n\t\t\tclass=\"so-widget-ndm-img-block so-widget-ndm-img-block-default-d75171398898-260\"\n\t\t\t\n\t\t><div class=\"ndm-ib d-flex flex-column flex-lg-row flex-lg-row-reverse align-items-lg-center\">        <picture class=\"ndm-ib__img d-block\">\n        <img loading=\"lazy\" decoding=\"async\" width=\"660\" height=\"660\" src=\"https:\/\/pinkpistachio.hu\/wp-content\/uploads\/2026\/01\/drinks-img-5-660x660.jpg\" class=\"attachment-img_desktop_6col size-img_desktop_6col\" alt=\"Jeges matcha italok CAN-ben Budapesten a Pink Pistachio Bruncht\u00f3l\" title=\"Pink Pistachio Brunch k\u00e1v\u00e9 Budapest &#8211; Matcha\" srcset=\"https:\/\/pinkpistachio.hu\/wp-content\/uploads\/2026\/01\/drinks-img-5.jpg 800w, https:\/\/pinkpistachio.hu\/wp-content\/uploads\/2026\/01\/drinks-img-5-768x768.jpg 768w, https:\/\/pinkpistachio.hu\/wp-content\/uploads\/2026\/01\/drinks-img-5-233x233.jpg 233w, https:\/\/pinkpistachio.hu\/wp-content\/uploads\/2026\/01\/drinks-img-5-480x480.jpg 480w, https:\/\/pinkpistachio.hu\/wp-content\/uploads\/2026\/01\/drinks-img-5-310x310.jpg 310w, https:\/\/pinkpistachio.hu\/wp-content\/uploads\/2026\/01\/drinks-img-5-427x427.jpg 427w, https:\/\/pinkpistachio.hu\/wp-content\/uploads\/2026\/01\/drinks-img-5-660x660.jpg 660w\" sizes=\"auto, (max-width: 660px) 100vw, 660px\" \/>        <\/picture>\n        <div class=\"ndm-ib__content\"><h2 class=\"mb-2\">K\u00e1v\u00e9italok, hidegen \u00e9s melegen: klasszikusok modern szeml\u00e9lettel<\/h2><p>A k\u00e1v\u00e9ital k\u00edn\u00e1latunkban megtal\u00e1lod a j\u00f3l ismert klasszikusokat: espresso, cappuccino, latte, flat white, de minden esetben h\u00e1zi k\u00e9sz\u00edt\u00e9s\u0171 \u00edzes\u00edt\u00e9sekkel hangolva. A hideg k\u00e1v\u00e9k \u00e9s jeges italok nem fel\u00f6nt\u00f6tt verzi\u00f3k, hanem k\u00fcl\u00f6n \u00e1tgondolt receptek: jeges latt\u00e9k, tonic alap\u00fa pressz\u00f3k, karakteres, k\u00fcl\u00f6nleges, friss\u00edt\u0151 kombin\u00e1ci\u00f3k.<\/p>\n<p>Ha te is szereted, amikor egy k\u00e1v\u00e9 nem csak koffein, hanem hangulat, akkor j\u00f3 helyen j\u00e1rsz.<\/p>\n<\/div><\/div><\/div><\/div><\/div><\/div><\/div><div id=\"pg-260-4\"  class=\"panel-grid panel-has-style\"  style=\"margin-bottom: px\" ><div class=\"panel-row-style panel-row-style-for-260-4\" ><div id=\"pgc-260-4-0\"  class=\"panel-grid-cell\" ><div id=\"panel-260-4-0-0\" class=\"so-panel widget widget_ndm-img-block panel-first-child panel-last-child\" data-index=\"4\" ><div\n\t\t\t\n\t\t\tclass=\"so-widget-ndm-img-block so-widget-ndm-img-block-default-d75171398898-260\"\n\t\t\t\n\t\t><div class=\"ndm-ib d-flex flex-column flex-lg-row align-items-lg-center\">        <picture class=\"ndm-ib__img d-block\">\n        <img loading=\"lazy\" decoding=\"async\" width=\"660\" height=\"660\" src=\"https:\/\/pinkpistachio.hu\/wp-content\/uploads\/2026\/01\/drinks-img-4-660x660.jpg\" class=\"attachment-img_desktop_6col size-img_desktop_6col\" alt=\"speciality k\u00e1v\u00e9 Budapest\" title=\"brunch k\u00e1v\u00e9 \u00e9s matcha Budapesten\" srcset=\"https:\/\/pinkpistachio.hu\/wp-content\/uploads\/2026\/01\/drinks-img-4.jpg 800w, https:\/\/pinkpistachio.hu\/wp-content\/uploads\/2026\/01\/drinks-img-4-768x768.jpg 768w, https:\/\/pinkpistachio.hu\/wp-content\/uploads\/2026\/01\/drinks-img-4-233x233.jpg 233w, https:\/\/pinkpistachio.hu\/wp-content\/uploads\/2026\/01\/drinks-img-4-480x480.jpg 480w, https:\/\/pinkpistachio.hu\/wp-content\/uploads\/2026\/01\/drinks-img-4-310x310.jpg 310w, https:\/\/pinkpistachio.hu\/wp-content\/uploads\/2026\/01\/drinks-img-4-427x427.jpg 427w, https:\/\/pinkpistachio.hu\/wp-content\/uploads\/2026\/01\/drinks-img-4-660x660.jpg 660w\" sizes=\"auto, (max-width: 660px) 100vw, 660px\" \/>        <\/picture>\n        <div class=\"ndm-ib__content\"><h2 class=\"mb-2\">Matcha k\u00fcl\u00f6nlegess\u00e9gek Budapesten - 0% trend, 100% \u00e9lm\u00e9ny<\/h2><p>A matcha k\u00edn\u00e1latunk az egyik legsz\u00e9lesebb a v\u00e1laszt\u00e9kban: meleg \u00e9s hideg verzi\u00f3k, klasszikus \u00e9s kreat\u00edv \u00edzes\u00edt\u00e9sek, gy\u00fcm\u00f6lcs\u00f6s, karamell\u00e1s, f\u00e1s-f\u0171szeres vari\u00e1ci\u00f3k. A match\u00e1t nem elnyomjuk, hanem kiemelj\u00fck: \u00fagy dolgozunk vele, hogy megmaradjon a karaktere, mik\u00f6zben harmonikusan simul az italba. Ez\u00e9rt tud a matcha n\u00e1lunk egyszerre megnyugtat\u00f3 \u00e9s izgalmas lenni.<\/p>\n<\/div><\/div><\/div><\/div><\/div><\/div><\/div><div id=\"pg-260-5\"  class=\"panel-grid panel-has-style\"  style=\"margin-bottom: px\" ><div class=\"siteorigin-panels-stretch panel-row-style panel-row-style-for-260-5\" data-stretch-type=\"full\" ><div id=\"pgc-260-5-0\"  class=\"panel-grid-cell\" ><div id=\"panel-260-5-0-0\" class=\"so-panel widget widget_ndm-img-block panel-first-child panel-last-child\" data-index=\"5\" ><div\n\t\t\t\n\t\t\tclass=\"so-widget-ndm-img-block so-widget-ndm-img-block-default-d75171398898-260\"\n\t\t\t\n\t\t><div class=\"ndm-ib d-flex flex-column flex-lg-row flex-lg-row-reverse align-items-lg-center\">        <picture class=\"ndm-ib__img d-block\">\n        <img loading=\"lazy\" decoding=\"async\" width=\"660\" height=\"660\" src=\"https:\/\/pinkpistachio.hu\/wp-content\/uploads\/2026\/01\/drinks-img-1-660x660.jpg\" class=\"attachment-img_desktop_6col size-img_desktop_6col\" alt=\"brunch k\u00e1v\u00e9 Budapest Can-be t\u00f6ltve - els\u0151k\u00e9nt a v\u00e1rosban\" title=\"specialty k\u00e1v\u00e9 Budapest\" srcset=\"https:\/\/pinkpistachio.hu\/wp-content\/uploads\/2026\/01\/drinks-img-1.jpg 800w, https:\/\/pinkpistachio.hu\/wp-content\/uploads\/2026\/01\/drinks-img-1-768x768.jpg 768w, https:\/\/pinkpistachio.hu\/wp-content\/uploads\/2026\/01\/drinks-img-1-233x233.jpg 233w, https:\/\/pinkpistachio.hu\/wp-content\/uploads\/2026\/01\/drinks-img-1-480x480.jpg 480w, https:\/\/pinkpistachio.hu\/wp-content\/uploads\/2026\/01\/drinks-img-1-310x310.jpg 310w, https:\/\/pinkpistachio.hu\/wp-content\/uploads\/2026\/01\/drinks-img-1-427x427.jpg 427w, https:\/\/pinkpistachio.hu\/wp-content\/uploads\/2026\/01\/drinks-img-1-660x660.jpg 660w\" sizes=\"auto, (max-width: 660px) 100vw, 660px\" \/>        <\/picture>\n        <div class=\"ndm-ib__content\"><h2 class=\"mb-2\">Kevesebb cukor \u00e9s tej = tiszt\u00e1bb \u00edzek.<\/h2><p>Fontos sz\u00e1munkra, hogy az italaink ne legyenek t\u00fal \u00e9desek. Az \u00edzek tiszt\u00e1k, term\u00e9szetesek \u00e9s \u0151szint\u00e9k: ha a cukor nem uralkodik, csak finoman k\u00eds\u00e9r.<\/p>\n<p>Ha szeretn\u00e9d, italainkat k\u00e9rheted n\u00f6v\u00e9nyi tejalternat\u00edv\u00e1kkal is \u00e9s a helysz\u00ednen koll\u00e9g\u00e1ink sz\u00edvesen seg\u00edtenek a v\u00e1laszt\u00e1sban.<\/p>\n<p><span data-sheets-root=\"1\">Minden italunk m\u00f6g\u00f6tt sok-sok k\u00f3stol\u00e1s, \u00fajragondol\u00e1s \u00e9s f\u00e1radhatatlan finomhangol\u00e1s van. Addig pr\u00f3b\u00e1ljuk, am\u00edg nem csak \u201ej\u00f3\u201d lett, hanem pont olyan, amilyennek lennie kell. Nem a k\u00fcl\u00f6nlegess\u00e9g kedv\u00e9\u00e9rt, hanem az\u00e9rt, hogy m\u0171k\u00f6dj\u00f6n. Ez\u00e9rt maradnak meg a Pink Pistachio Brunch italai nem csak az \u00edzlel\u0151bimb\u00f3kban, hanem az eml\u00e9kekben is.<\/span><\/p>\n<\/div><\/div><\/div><\/div><\/div><\/div><\/div><div id=\"pg-260-6\"  class=\"panel-grid panel-has-style\" ><div class=\"panel-row-style panel-row-style-for-260-6\" ><div id=\"pgc-260-6-0\"  class=\"panel-grid-cell\" ><div id=\"panel-260-6-0-0\" class=\"so-panel widget widget_ndm-cta panel-first-child panel-last-child\" data-index=\"6\" ><div\n\t\t\t\n\t\t\tclass=\"so-widget-ndm-cta so-widget-ndm-cta-default-d75171398898-260\"\n\t\t\t\n\t\t><div class=\"ndm-cta ndm-cta--pink d-flex flex-column flex-lg-row align-items-lg-center justify-content-lg-between\">\r\n     <h3 class=\"ndm-cta__title text-center text-lg-start mb-0\">Ha k\u00edv\u00e1ncsi vagy a teljes \u00e9tel- \u00e9s italv\u00e1laszt\u00e9kunkra, kattints ide:<\/h3><a href=\"https:\/\/pinkpistachio.hu\/menu\/\" class=\"btn btn-primary align-self-center align-self-lg-end\" aria-label=\"Men\u00fc\">Men\u00fc<svg xmlns=\"http:\/\/www.w3.org\/2000\/svg\" width=\"16\" height=\"16\" fill=\"currentColor\" class=\"bi bi-arrow-right-short\" viewBox=\"0 0 16 16\" aria-hidden=\"true\" focusable=\"false\"><path fill-rule=\"evenodd\" d=\"M4 8a.5.5 0 0 1 .5-.5h5.793L8.146 5.354a.5.5 0 1 1 .708-.708l3 3a.5.5 0 0 1 0 .708l-3 3a.5.5 0 0 1-.708-.708L10.293 8.5H4.5A.5.5 0 0 1 4 8\"\/><\/svg><\/a><\/div><\/div><\/div><\/div><\/div><\/div><\/div>","protected":false},"excerpt":{"rendered":"<p>H\u00e1zi k\u00e9sz\u00edt\u00e9s\u0171 szirupok, pr\u00e9mium alapanyagok, tiszta \u00edzek \u2013 k\u00e1v\u00e9 Budapesten kompromisszumok n\u00e9lk\u00fclSz\u00e1munkra a k\u00e1v\u00e9 Budapesten nem fut\u00f3szalagos term\u00e9k, hanem tudatosan fel\u00e9p\u00edtett \u00e9lm\u00e9ny: nincs r\u00f6vid\u00edt\u00e9s, nincs sp\u00f3rol\u00e1s, nincs f\u00e9l megold\u00e1s, nincs kompromisszum. B\u00fcszk\u00e9k vagyunk r\u00e1, hogy Budapesten k\u00e9pviselhetj\u00fck azt a mentalit\u00e1st, amelyben m\u00e9lyen hisz\u00fcnk. Nem haszn\u00e1lunk ipari, el\u0151re gy\u00e1rtott szirupokat: minden italunkhoz saj\u00e1t, h\u00e1zi k\u00e9sz\u00edt\u00e9s\u0171 szirupokat [&hellip;]<\/p>\n","protected":false},"author":2,"featured_media":0,"parent":234,"menu_order":2,"comment_status":"closed","ping_status":"closed","template":"no-margins.php","meta":{"_acf_changed":false,"footnotes":""},"class_list":["post-260","page","type-page","status-publish","hentry"],"acf":[],"_links":{"self":[{"href":"https:\/\/pinkpistachio.hu\/hu\/wp-json\/wp\/v2\/pages\/260","targetHints":{"allow":["GET"]}}],"collection":[{"href":"https:\/\/pinkpistachio.hu\/hu\/wp-json\/wp\/v2\/pages"}],"about":[{"href":"https:\/\/pinkpistachio.hu\/hu\/wp-json\/wp\/v2\/types\/page"}],"author":[{"embeddable":true,"href":"https:\/\/pinkpistachio.hu\/hu\/wp-json\/wp\/v2\/users\/2"}],"replies":[{"embeddable":true,"href":"https:\/\/pinkpistachio.hu\/hu\/wp-json\/wp\/v2\/comments?post=260"}],"version-history":[{"count":0,"href":"https:\/\/pinkpistachio.hu\/hu\/wp-json\/wp\/v2\/pages\/260\/revisions"}],"up":[{"embeddable":true,"href":"https:\/\/pinkpistachio.hu\/hu\/wp-json\/wp\/v2\/pages\/234"}],"wp:attachment":[{"href":"https:\/\/pinkpistachio.hu\/hu\/wp-json\/wp\/v2\/media?parent=260"}],"curies":[{"name":"wp","href":"https:\/\/api.w.org\/{rel}","templated":true}]}}