{"id":245,"date":"2026-01-06T17:13:13","date_gmt":"2026-01-06T16:13:13","guid":{"rendered":"https:\/\/pinkpistachio.hu\/a-pink-pistachio-brunchrol\/brunch-budapest\/"},"modified":"2026-02-05T10:31:29","modified_gmt":"2026-02-05T09:31:29","slug":"brunch-budapest","status":"publish","type":"page","link":"https:\/\/pinkpistachio.hu\/hu\/rolunk\/brunch-budapest\/","title":{"rendered":"Brunch \u00e9lm\u00e9ny"},"content":{"rendered":"<div id=\"pl-245\"  class=\"panel-layout\" ><div id=\"pg-245-0\"  class=\"panel-grid panel-has-style\"  style=\"margin-bottom: px\" ><div class=\"panel-row-style panel-row-style-for-245-0\" ><div id=\"pgc-245-0-0\"  class=\"panel-grid-cell\" ><div id=\"panel-245-0-0-0\" class=\"so-panel widget widget_ndm-img-block panel-first-child panel-last-child\" data-index=\"0\" ><div\n\t\t\t\n\t\t\tclass=\"so-widget-ndm-img-block so-widget-ndm-img-block-default-d75171398898-245\"\n\t\t\t\n\t\t><div class=\"ndm-ib d-flex flex-column flex-lg-row align-items-lg-center\">        <picture class=\"ndm-ib__img d-block\">\n        <img loading=\"lazy\" decoding=\"async\" width=\"660\" height=\"660\" src=\"https:\/\/pinkpistachio.hu\/wp-content\/uploads\/2026\/01\/brunch-img-1-660x660.jpg\" class=\"attachment-img_desktop_6col size-img_desktop_6col\" alt=\"Piszt\u00e1ci\u00e1s Eggs Royal brunch fog\u00e1s Budapesten a Pink Pistachio Brunchn\u00e1l, kov\u00e1szos keny\u00e9rrel, piszt\u00e1ci\u00e1s lazaccal, buggyantott toj\u00e1ssal \u00e9s hollandi habbal\" title=\"Piszt\u00e1ci\u00e1s Eggs Royal \u2013 Brunch Budapest | Pink Pistachio Brunch\" srcset=\"https:\/\/pinkpistachio.hu\/wp-content\/uploads\/2026\/01\/brunch-img-1.jpg 800w, https:\/\/pinkpistachio.hu\/wp-content\/uploads\/2026\/01\/brunch-img-1-768x768.jpg 768w, https:\/\/pinkpistachio.hu\/wp-content\/uploads\/2026\/01\/brunch-img-1-233x233.jpg 233w, https:\/\/pinkpistachio.hu\/wp-content\/uploads\/2026\/01\/brunch-img-1-480x480.jpg 480w, https:\/\/pinkpistachio.hu\/wp-content\/uploads\/2026\/01\/brunch-img-1-310x310.jpg 310w, https:\/\/pinkpistachio.hu\/wp-content\/uploads\/2026\/01\/brunch-img-1-427x427.jpg 427w, https:\/\/pinkpistachio.hu\/wp-content\/uploads\/2026\/01\/brunch-img-1-660x660.jpg 660w\" sizes=\"auto, (max-width: 660px) 100vw, 660px\" \/>        <\/picture>\n        <div class=\"ndm-ib__content\"><h2 class=\"mb-2\">Brunch k\u00edn\u00e1lat - kompromisszumok n\u00e9lk\u00fcl<\/h2><p><strong>Klasszikus fog\u00e1sok. Piszt\u00e1ci\u00e1ra hangolva.<\/strong><\/p>\n<p>A Pink Pistachio Brunch <a href=\"https:\/\/pinkpistachio.hu\/menu\/\">brunch<\/a> k\u00edn\u00e1lata \u00fagy sz\u00fcletett meg, hogy a j\u00f3l ismert klasszikus fog\u00e1sok ne elt\u0171njenek, hanem \u00faj karaktert kapjanak.<\/p>\n<p>Sz\u00e1munkra a piszt\u00e1cia nem d\u00edsz \u00e9s nem trendi extra. Alap\u00edz. Gondolkod\u00e1sm\u00f3d. Visszat\u00e9r\u0151 mot\u00edvum.<\/p>\n<p>Minden fog\u00e1sunkban tudatosan jelenik meg: n\u00e9ha finoman, n\u00e9ha hat\u00e1rozottan, de mindig t\u00f6bb r\u00e9tegben \u00e9s mindig plusz egy csavarral.<\/p>\n<\/div><\/div><\/div><\/div><\/div><\/div><\/div><div id=\"pg-245-1\"  class=\"panel-grid panel-has-style\"  style=\"margin-bottom: px\" ><div class=\"siteorigin-panels-stretch panel-row-style panel-row-style-for-245-1\" data-stretch-type=\"full\" ><div id=\"pgc-245-1-0\"  class=\"panel-grid-cell\" ><div id=\"panel-245-1-0-0\" class=\"so-panel widget widget_ndm-img-block panel-first-child panel-last-child\" data-index=\"1\" ><div\n\t\t\t\n\t\t\tclass=\"so-widget-ndm-img-block so-widget-ndm-img-block-default-d75171398898-245\"\n\t\t\t\n\t\t><div class=\"ndm-ib d-flex flex-column flex-lg-row flex-lg-row-reverse align-items-lg-center\">        <picture class=\"ndm-ib__img d-block\">\n        <img loading=\"lazy\" decoding=\"async\" width=\"660\" height=\"660\" src=\"https:\/\/pinkpistachio.hu\/wp-content\/uploads\/2026\/01\/brunch-img-3-660x660.jpg\" class=\"attachment-img_desktop_6col size-img_desktop_6col\" alt=\"Piszt\u00e1ci\u00e1s hummusz brunch fog\u00e1s Budapesten a Pink Pistachio Brunchn\u00e1l, kov\u00e1szos keny\u00e9rrel, r\u00e1ntott ferment\u00e1lt ubork\u00e1val \u00e9s piszt\u00e1ciamorzs\u00e1val\" title=\"Piszt\u00e1ci\u00e1s hummusz \u2013 Brunch Budapest | Pink Pistachio Brunch\" srcset=\"https:\/\/pinkpistachio.hu\/wp-content\/uploads\/2026\/01\/brunch-img-3.jpg 800w, https:\/\/pinkpistachio.hu\/wp-content\/uploads\/2026\/01\/brunch-img-3-768x768.jpg 768w, https:\/\/pinkpistachio.hu\/wp-content\/uploads\/2026\/01\/brunch-img-3-233x233.jpg 233w, https:\/\/pinkpistachio.hu\/wp-content\/uploads\/2026\/01\/brunch-img-3-480x480.jpg 480w, https:\/\/pinkpistachio.hu\/wp-content\/uploads\/2026\/01\/brunch-img-3-310x310.jpg 310w, https:\/\/pinkpistachio.hu\/wp-content\/uploads\/2026\/01\/brunch-img-3-427x427.jpg 427w, https:\/\/pinkpistachio.hu\/wp-content\/uploads\/2026\/01\/brunch-img-3-660x660.jpg 660w\" sizes=\"auto, (max-width: 660px) 100vw, 660px\" \/>        <\/picture>\n        <div class=\"ndm-ib__content\"><h2 class=\"mb-2\">Piszt\u00e1cia, mint ezerarc\u00fa alapanyag<\/h2><p>A koncepci\u00f3nk l\u00e9nyege, hogy egy fog\u00e1son bel\u00fcl is t\u00f6bb form\u00e1ban tal\u00e1lkozz a piszt\u00e1ci\u00e1val. A Pistachio Hummus eset\u00e9ben p\u00e9ld\u00e1ul a csicseribors\u00f3ba kevert piszt\u00e1cia adja az alapot, a tetej\u00e9n pedig piszt\u00e1cia t\u00f6ret \u00e9s piszt\u00e1ciapesto jelenik meg - \u00edgy az alap\u00edz h\u00e1rom k\u00fcl\u00f6nb\u00f6z\u0151 text\u00far\u00e1ban t\u00e9r vissza. Az \u00edzek r\u00e9tegzetts\u00e9g\u00e9ben gondolkozunk, amit\u0151l egy fog\u00e1s sz\u00e1munkra nem csak finom, hanem megism\u00e9telhetetlen lesz.<\/p>\n<\/div><\/div><\/div><\/div><\/div><\/div><\/div><div id=\"pg-245-2\"  class=\"panel-grid panel-has-style\"  style=\"margin-bottom: px\" ><div class=\"panel-row-style panel-row-style-for-245-2\" ><div id=\"pgc-245-2-0\"  class=\"panel-grid-cell\" ><div id=\"panel-245-2-0-0\" class=\"so-panel widget widget_ndm-img-block panel-first-child panel-last-child\" data-index=\"2\" ><div\n\t\t\t\n\t\t\tclass=\"so-widget-ndm-img-block so-widget-ndm-img-block-default-d75171398898-245\"\n\t\t\t\n\t\t><div class=\"ndm-ib d-flex flex-column flex-lg-row align-items-lg-center\">        <picture class=\"ndm-ib__img d-block\">\n        <img loading=\"lazy\" decoding=\"async\" width=\"660\" height=\"660\" src=\"https:\/\/pinkpistachio.hu\/wp-content\/uploads\/2026\/01\/brunch-img-2-660x660.jpg\" class=\"attachment-img_desktop_6col size-img_desktop_6col\" alt=\"Piszt\u00e1ci\u00e1s burger brunch fog\u00e1s Budapesten a Pink Pistachio Brunchn\u00e1l, piszt\u00e1ci\u00e1s sajtsz\u00f3sszal, piszt\u00e1ciapest\u00f3val \u00e9s ferment\u00e1lt ubork\u00e1val\" title=\"Piszt\u00e1ci\u00e1s burger \u2013 Brunch Budapest | Pink Pistachio Brunch\" srcset=\"https:\/\/pinkpistachio.hu\/wp-content\/uploads\/2026\/01\/brunch-img-2.jpg 800w, https:\/\/pinkpistachio.hu\/wp-content\/uploads\/2026\/01\/brunch-img-2-768x768.jpg 768w, https:\/\/pinkpistachio.hu\/wp-content\/uploads\/2026\/01\/brunch-img-2-233x233.jpg 233w, https:\/\/pinkpistachio.hu\/wp-content\/uploads\/2026\/01\/brunch-img-2-480x480.jpg 480w, https:\/\/pinkpistachio.hu\/wp-content\/uploads\/2026\/01\/brunch-img-2-310x310.jpg 310w, https:\/\/pinkpistachio.hu\/wp-content\/uploads\/2026\/01\/brunch-img-2-427x427.jpg 427w, https:\/\/pinkpistachio.hu\/wp-content\/uploads\/2026\/01\/brunch-img-2-660x660.jpg 660w\" sizes=\"auto, (max-width: 660px) 100vw, 660px\" \/>        <\/picture>\n        <div class=\"ndm-ib__content\"><h2 class=\"mb-2\">Burgerek, toj\u00e1sok, klasszikusok Pink Pistachio Brunch csavarral<\/h2><p>A Pistachio Burger ugyanezt a logik\u00e1nkat, gondolkod\u00e1sunkat k\u00f6veti: frissen s\u00fclt buci, piszt\u00e1ci\u00e1t tartalmaz\u00f3 sajtsz\u00f3sz, piszt\u00e1ci\u00e1val megsz\u00f3rt k\u00f6ret - k\u00fcl\u00f6n-k\u00fcl\u00f6n is karakteres elemek, egy\u00fctt m\u00e9gis harmonikus eg\u00e9szet alkotnak.<\/p>\n<p>Az Eggs Benedict eset\u00e9ben a piszt\u00e1cia a hollandi m\u00e1rt\u00e1sban \u00e9s a parmez\u00e1n\u2013panko sz\u00f3r\u00e1sban is megjelenik, m\u00edg az Eggs Royaln\u00e1l a lazac piszt\u00e1ci\u00e1s marin\u00e1l\u00e1st kap, \u00edgy az \u00edz m\u00e1r az els\u0151 falatn\u00e1l m\u00e9lyebb \u00e9s komplexebb.<\/p>\n<\/div><\/div><\/div><\/div><\/div><\/div><\/div><div id=\"pg-245-3\"  class=\"panel-grid panel-has-style\"  style=\"margin-bottom: px\" ><div class=\"siteorigin-panels-stretch panel-row-style panel-row-style-for-245-3\" data-stretch-type=\"full\" ><div id=\"pgc-245-3-0\"  class=\"panel-grid-cell\" ><div id=\"panel-245-3-0-0\" class=\"so-panel widget widget_ndm-img-block panel-first-child panel-last-child\" data-index=\"3\" ><div\n\t\t\t\n\t\t\tclass=\"so-widget-ndm-img-block so-widget-ndm-img-block-default-d75171398898-245\"\n\t\t\t\n\t\t><div class=\"ndm-ib d-flex flex-column flex-lg-row flex-lg-row-reverse align-items-lg-center\">        <picture class=\"ndm-ib__img d-block\">\n        <img loading=\"lazy\" decoding=\"async\" width=\"660\" height=\"660\" src=\"https:\/\/pinkpistachio.hu\/wp-content\/uploads\/2026\/01\/brunch-img-6-660x660.jpg\" class=\"attachment-img_desktop_6col size-img_desktop_6col\" alt=\"Piszt\u00e1ci\u00e1s hummusz brunch fog\u00e1s Budapesten a Pink Pistachio Brunchn\u00e1l, kov\u00e1szos keny\u00e9rrel t\u00e1lalva\" title=\"Piszt\u00e1ci\u00e1s hummusz \u2013 Brunch Budapest | Pink Pistachio Brunch\" srcset=\"https:\/\/pinkpistachio.hu\/wp-content\/uploads\/2026\/01\/brunch-img-6.jpg 800w, https:\/\/pinkpistachio.hu\/wp-content\/uploads\/2026\/01\/brunch-img-6-768x768.jpg 768w, https:\/\/pinkpistachio.hu\/wp-content\/uploads\/2026\/01\/brunch-img-6-233x233.jpg 233w, https:\/\/pinkpistachio.hu\/wp-content\/uploads\/2026\/01\/brunch-img-6-480x480.jpg 480w, https:\/\/pinkpistachio.hu\/wp-content\/uploads\/2026\/01\/brunch-img-6-310x310.jpg 310w, https:\/\/pinkpistachio.hu\/wp-content\/uploads\/2026\/01\/brunch-img-6-427x427.jpg 427w, https:\/\/pinkpistachio.hu\/wp-content\/uploads\/2026\/01\/brunch-img-6-660x660.jpg 660w\" sizes=\"auto, (max-width: 660px) 100vw, 660px\" \/>        <\/picture>\n        <div class=\"ndm-ib__content\"><h2 class=\"mb-2\">Brunch helysz\u00ednt keresel a f\u0151v\u00e1ros sz\u00edv\u00e9ben?! Megtal\u00e1ltad!<\/h2><p>Minden egyes fog\u00e1sunkhoz k\u00fcl\u00f6n k\u00e9sz\u00edtj\u00fck el a hozz\u00e1 ill\u0151 piszt\u00e1ci\u00e1s elemeket. Nem el\u0151re gy\u00e1rtott megold\u00e1sokkal dolgozunk, hanem fog\u00e1sonk\u00e9nt \u00fajragondoljuk \u00e9s finomhangoljuk az \u00edzeket, hogy a piszt\u00e1cia minden alkalommal harmonikusan, m\u00e9gis karakteresen jelenjen meg.<\/p>\n<p>Vend\u00e9geink az\u00e9rt t\u00e9rnek vissza, mert nem ismer\u00fcnk kompromisszumot: b\u0151s\u00e9ges adagokkal, \u00e1tgondolt \u00edzkombin\u00e1ci\u00f3kkal \u00e9s val\u00f3di figyelemmel megkompon\u00e1lt \u00e9lm\u00e9nyekben gondolkozunk.<\/p>\n<p>Ha k\u00edv\u00e1ncsi vagy, gyere el \u00e9s tapasztald meg, mit jelent n\u00e1lunk a piszt\u00e1ci\u00e1ra hangolt brunch.<\/p>\n<\/div><\/div><\/div><\/div><\/div><\/div><\/div><div id=\"pg-245-4\"  class=\"panel-grid panel-has-style\"  style=\"margin-bottom: px\" ><div class=\"panel-row-style panel-row-style-for-245-4\" ><div id=\"pgc-245-4-0\"  class=\"panel-grid-cell\" ><div id=\"panel-245-4-0-0\" class=\"so-panel widget widget_ndm-img-block panel-first-child\" data-index=\"4\" style=\"margin-bottom: px\" ><div\n\t\t\t\n\t\t\tclass=\"so-widget-ndm-img-block so-widget-ndm-img-block-default-d75171398898-245\"\n\t\t\t\n\t\t><div class=\"ndm-ib d-flex flex-column flex-lg-row align-items-lg-center\">        <picture class=\"ndm-ib__img d-block\">\n        <img loading=\"lazy\" decoding=\"async\" width=\"660\" height=\"660\" src=\"https:\/\/pinkpistachio.hu\/wp-content\/uploads\/2026\/01\/pinkpistachio-desserts-660x660.jpg\" class=\"attachment-img_desktop_6col size-img_desktop_6col\" alt=\"Amerikai palacsinta piszt\u00e1ci\u00e1s kr\u00e9mmel t\u00f6ltve, liofiliz\u00e1lt m\u00e1lna sz\u00f3r\u00e1ssal \u00e9s \u00e9tcsokol\u00e1d\u00e9val az \u00f6sszhat\u00e1s \u00e9rdek\u00e9ben\" title=\"Amerikai palacsinta Piszt\u00e1ci\u00e1s kr\u00e9mmel \u00e9s \u00f6ntettel \u2013 Brunch Budapest\" srcset=\"https:\/\/pinkpistachio.hu\/wp-content\/uploads\/2026\/01\/pinkpistachio-desserts.jpg 1000w, https:\/\/pinkpistachio.hu\/wp-content\/uploads\/2026\/01\/pinkpistachio-desserts-768x768.jpg 768w, https:\/\/pinkpistachio.hu\/wp-content\/uploads\/2026\/01\/pinkpistachio-desserts-233x233.jpg 233w, https:\/\/pinkpistachio.hu\/wp-content\/uploads\/2026\/01\/pinkpistachio-desserts-480x480.jpg 480w, https:\/\/pinkpistachio.hu\/wp-content\/uploads\/2026\/01\/pinkpistachio-desserts-310x310.jpg 310w, https:\/\/pinkpistachio.hu\/wp-content\/uploads\/2026\/01\/pinkpistachio-desserts-427x427.jpg 427w, https:\/\/pinkpistachio.hu\/wp-content\/uploads\/2026\/01\/pinkpistachio-desserts-660x660.jpg 660w, https:\/\/pinkpistachio.hu\/wp-content\/uploads\/2026\/01\/pinkpistachio-desserts-894x894.jpg 894w\" sizes=\"auto, (max-width: 660px) 100vw, 660px\" \/>        <\/picture>\n        <div class=\"ndm-ib__content\"><h2 class=\"mb-2\">Amikor a piszt\u00e1cia ker\u00fcl f\u0151szerepbe - \u00e9dess\u00e9gek<\/h2><p>Legt\u00f6bbet keresett \u00e9s fot\u00f3zott \u00e9teleink ki\u00e9rdemelt\u00e9k a \"k\u00f6z\u00f6ns\u00e9gkedvenc\" kateg\u00f3ri\u00e1t: m\u00e1ra az \u00e9tterem megker\u00fclhetetlen elem\u00e9v\u00e9 v\u00e1ltak, ezek pedig m\u00e1sok, mint az \u00e9des fog\u00e1sai az <a href=\"https:\/\/pinkpistachio.hu\/menu\/\">\u00e9tlap<\/a>unknak, melyekn\u00e9l\u00a0a piszt\u00e1cia m\u00e1r nem k\u00eds\u00e9r\u0151, hanem f\u0151szerepl\u0151.<\/p>\n<p>A Pistachio Pancake piszt\u00e1ciapralin\u00e9val, csokol\u00e1d\u00e9val, mogyor\u00f3\u2013piszt\u00e1cia crumble-lel \u00e9s liofiliz\u00e1lt m\u00e1ln\u00e1val k\u00e9sz\u00fcl.<\/p>\n<p>A Pistachio French Toast piszt\u00e1ci\u00e1s cr\u00e8me de patisserie-rel, eperkomp\u00f3ttal \u00e9s mogyor\u00f3\u2013piszt\u00e1cia sz\u00f3r\u00e1ssal z\u00e1rja a brunch \u00e9lm\u00e9nyt.<\/p>\n<\/div><\/div><\/div><\/div><div id=\"panel-245-4-0-1\" class=\"so-panel widget widget_ndm-img-block panel-last-child\" data-index=\"5\" ><div\n\t\t\t\n\t\t\tclass=\"so-widget-ndm-img-block so-widget-ndm-img-block-default-d75171398898-245\"\n\t\t\t\n\t\t><div class=\"ndm-ib d-flex flex-column flex-lg-row flex-lg-row-reverse align-items-lg-center\">        <picture class=\"ndm-ib__img d-block\">\n        <img loading=\"lazy\" decoding=\"async\" width=\"660\" height=\"660\" src=\"https:\/\/pinkpistachio.hu\/wp-content\/uploads\/2026\/01\/dessert-img-4-660x660.jpg\" class=\"attachment-img_desktop_6col size-img_desktop_6col\" alt=\"R\u00e9tegezett piszt\u00e1ci\u00e1s French Toast brunch fog\u00e1s Budapesten, eperkomp\u00f3ttal \u00e9s ropog\u00f3s morzs\u00e1val\" title=\"Piszt\u00e1ci\u00e1s Francia Toast \u2013 Brunch Budapest\" srcset=\"https:\/\/pinkpistachio.hu\/wp-content\/uploads\/2026\/01\/dessert-img-4.jpg 800w, https:\/\/pinkpistachio.hu\/wp-content\/uploads\/2026\/01\/dessert-img-4-768x768.jpg 768w, https:\/\/pinkpistachio.hu\/wp-content\/uploads\/2026\/01\/dessert-img-4-233x233.jpg 233w, https:\/\/pinkpistachio.hu\/wp-content\/uploads\/2026\/01\/dessert-img-4-480x480.jpg 480w, https:\/\/pinkpistachio.hu\/wp-content\/uploads\/2026\/01\/dessert-img-4-310x310.jpg 310w, https:\/\/pinkpistachio.hu\/wp-content\/uploads\/2026\/01\/dessert-img-4-427x427.jpg 427w, https:\/\/pinkpistachio.hu\/wp-content\/uploads\/2026\/01\/dessert-img-4-660x660.jpg 660w\" sizes=\"auto, (max-width: 660px) 100vw, 660px\" \/>        <\/picture>\n        <div class=\"ndm-ib__content\"><h2 class=\"mb-2\">A t\u00e1ny\u00e9r, ami\u00e9rt visszat\u00e9rsz.<\/h2><p data-start=\"274\" data-end=\"463\">A piszt\u00e1ci\u00e1s <a href=\"https:\/\/maps.app.goo.gl\/pQiYm8ijZFxqisSdA\" target=\"_blank\" rel=\"noopener\">French Toast<\/a> n\u00e1lunk t\u00f6bb, mint \"keny\u00e9r\", ami desszertnek tetteti mag\u00e1t. Ez egy <strong data-start=\"359\" data-end=\"390\">lass\u00fa, r\u00e1\u00e9r\u0151s brunch \u00e9lm\u00e9ny<\/strong> - pontosan az, amit egy igaz\u00e1n eml\u00e9kezetes <strong data-start=\"434\" data-end=\"455\">brunch Budapesten<\/strong> jelent.<\/p>\n<p data-start=\"465\" data-end=\"717\">K\u00edv\u00fcl finoman karamelliz\u00e1lt, bel\u00fcl puha \u00e9s leveg\u0151s, szinte p\u00e1rnaszer\u0171 text\u00far\u00e1val. A tetej\u00e9n selymes piszt\u00e1ciakr\u00e9m olvad sz\u00e9t, amit friss, enyh\u00e9n savanyk\u00e1s epersz\u00f3sz egyens\u00falyoz ki, m\u00edg a ropog\u00f3s mogyor\u00f3+piszt\u00e1cia crumble minden falatot izgalmass\u00e1 tesz.<\/p>\n<p data-start=\"719\" data-end=\"850\">Ez tudatos \u00edz- \u00e9s text\u00faraj\u00e1t\u00e9k: kr\u00e9mes, gy\u00fcm\u00f6lcs\u00f6s \u00e9s roppan\u00f3s egyszerre, ahol minden r\u00e9teg hozz\u00e1ad az \u00e9lm\u00e9nyhez.<\/p>\n<p data-start=\"852\" data-end=\"997\">Ha igaz\u00e1n k\u00fcl\u00f6nleges <strong data-start=\"873\" data-end=\"909\">brunch helyet keresel Budapesten<\/strong>, ez az a desszert, amit neh\u00e9z fel\u00fclm\u00falni. \u00c9s az a t\u00e1ny\u00e9r, ami miatt vissza fogsz t\u00e9rni.<\/p>\n<\/div><\/div><\/div><\/div><\/div><\/div><\/div><div id=\"pg-245-5\"  class=\"panel-grid panel-has-style\"  style=\"margin-bottom: px\" ><div class=\"siteorigin-panels-stretch panel-row-style panel-row-style-for-245-5\" data-stretch-type=\"full\" ><div id=\"pgc-245-5-0\"  class=\"panel-grid-cell\" ><div id=\"panel-245-5-0-0\" class=\"so-panel widget widget_ndm-headings panel-first-child\" data-index=\"6\" style=\"margin-bottom: px\" ><div\n\t\t\t\n\t\t\tclass=\"so-widget-ndm-headings so-widget-ndm-headings-default-d75171398898-245\"\n\t\t\t\n\t\t><h2 class=\"ndm-heading text-start text-darkgreen mb-2\">\u00cdzek, text\u00far\u00e1k, piszt\u00e1ci\u00e1ra hangolva<\/h2><\/div><\/div><div id=\"panel-245-5-0-1\" class=\"so-panel widget widget_sow-editor\" data-index=\"7\" style=\"margin-bottom: px\" ><div\n\t\t\t\n\t\t\tclass=\"so-widget-sow-editor so-widget-sow-editor-base\"\n\t\t\t\n\t\t>\n<div class=\"siteorigin-widget-tinymce textwidget\">\n\t<p>A Pink Pistachio Brunch brunch k\u00edn\u00e1lat\u00e1ban megtal\u00e1lod t\u00f6bbek k\u00f6z\u00f6tt:<\/p>\n<\/div>\n<\/div><\/div><div id=\"panel-245-5-0-2\" class=\"so-panel widget widget_ndm-list\" data-index=\"8\" style=\"margin-bottom: px\" ><div\n\t\t\t\n\t\t\tclass=\"so-widget-ndm-list so-widget-ndm-list-default-d75171398898-245\"\n\t\t\t\n\t\t><ul class=\"ndm-list\">\t\t\t<li>\r\n\t\t\t\t<h3 class=\"ndm-list__title mb-0\">Avocad\u00f3s piszt\u00e1cia toast piszt\u00e1ci\u00e1s kr\u00e9mmel, parmez\u00e1nnal, sal\u00e1t\u00e1val, piszt\u00e1cia crumble-lel \u00e9s marin\u00e1lt toj\u00e1ssal <\/h3>\t\t\t<\/li>\r\n\t\t\t\t\t<li>\r\n\t\t\t\t<h3 class=\"ndm-list__title mb-0\">Pistachio Eggs Benedict angol muffinnal, prosciutto cott\u00f3val, piszt\u00e1ci\u00e1s hollandi habbal \u00e9s piszt\u00e1cia\u2013panko\u2013parmez\u00e1n sz\u00f3r\u00e1ssal <\/h3>\t\t\t<\/li>\r\n\t\t\t\t\t<li>\r\n\t\t\t\t<h3 class=\"ndm-list__title mb-0\">Pistachio Eggs Royal piszt\u00e1ci\u00e1val marin\u00e1lt lazaccal, kov\u00e1szos keny\u00e9rrel, piszt\u00e1ci\u00e1s kr\u00e9msajttal \u00e9s hollandi habbal<\/h3>\t\t\t<\/li>\r\n\t\t\t\t\t<li>\r\n\t\t\t\t<h3 class=\"ndm-list__title mb-0\">Pistachio Hummus kov\u00e1szos keny\u00e9rrel, pank\u00f3ban s\u00fclt ferment\u00e1lt ubork\u00e1val \u00e9s piszt\u00e1cia t\u00f6rettel<\/h3>\t\t\t<\/li>\r\n\t\t\t\t\t<li>\r\n\t\t\t\t<h3 class=\"ndm-list__title mb-0\">Pistachio Burger piszt\u00e1ci\u00e1s buciban, piszt\u00e1ci\u00e1s sajtsz\u00f3sszal, piszt\u00e1ciapesto-val \u00e9s piszt\u00e1ci\u00e1s k\u00f6rettel<\/h3>\t\t\t<\/li>\r\n\t\t<\/ul><\/div><\/div><div id=\"panel-245-5-0-3\" class=\"so-panel widget widget_sow-editor panel-last-child\" data-index=\"9\" ><div style=\"padding: 1rem 0rem 0rem 0rem;\" class=\"panel-widget-style panel-widget-style-for-245-5-0-3\" ><div\n\t\t\t\n\t\t\tclass=\"so-widget-sow-editor so-widget-sow-editor-base\"\n\t\t\t\n\t\t>\n<div class=\"siteorigin-widget-tinymce textwidget\">\n\t<p>A klasszikus brunch fog\u00e1sok kedvel\u0151inek pedig ott van az \u00e9tlapunkon a Scrambled Eggs vagy az English Breakfast, ig\u00e9ny szerint piszt\u00e1ci\u00e1s lazaccal kieg\u00e9sz\u00edtve.<\/p>\n<\/div>\n<\/div><\/div><\/div><\/div><\/div><\/div><div id=\"pg-245-6\"  class=\"panel-grid panel-has-style\" ><div class=\"panel-row-style panel-row-style-for-245-6\" ><div id=\"pgc-245-6-0\"  class=\"panel-grid-cell\" ><div id=\"panel-245-6-0-0\" class=\"so-panel widget widget_ndm-cta panel-first-child panel-last-child\" data-index=\"10\" ><div\n\t\t\t\n\t\t\tclass=\"so-widget-ndm-cta so-widget-ndm-cta-default-d75171398898-245\"\n\t\t\t\n\t\t><div class=\"ndm-cta ndm-cta--pink d-flex flex-column flex-lg-row align-items-lg-center justify-content-lg-between\">\r\n     <h3 class=\"ndm-cta__title text-center text-lg-start mb-0\">K\u00edv\u00e1ncsi vagy a teljes ital- \u00e9s \u00e9telv\u00e1laszt\u00e9kunkra? Kattints ide \u00e9s n\u00e9zd meg az \u00e9tlapunkat!<\/h3><a href=\"https:\/\/pinkpistachio.hu\/menu\/\" class=\"btn btn-primary align-self-center align-self-lg-end\" aria-label=\"\u00c9tlap\">\u00c9tlap<svg xmlns=\"http:\/\/www.w3.org\/2000\/svg\" width=\"16\" height=\"16\" fill=\"currentColor\" class=\"bi bi-arrow-right-short\" viewBox=\"0 0 16 16\" aria-hidden=\"true\" focusable=\"false\"><path fill-rule=\"evenodd\" d=\"M4 8a.5.5 0 0 1 .5-.5h5.793L8.146 5.354a.5.5 0 1 1 .708-.708l3 3a.5.5 0 0 1 0 .708l-3 3a.5.5 0 0 1-.708-.708L10.293 8.5H4.5A.5.5 0 0 1 4 8\"\/><\/svg><\/a><\/div><\/div><\/div><\/div><\/div><\/div><\/div>","protected":false},"excerpt":{"rendered":"<p>Brunch k\u00edn\u00e1lat &#8211; kompromisszumok n\u00e9lk\u00fclKlasszikus fog\u00e1sok. Piszt\u00e1ci\u00e1ra hangolva. A Pink Pistachio Brunch brunch k\u00edn\u00e1lata \u00fagy sz\u00fcletett meg, hogy a j\u00f3l ismert klasszikus fog\u00e1sok ne elt\u0171njenek, hanem \u00faj karaktert kapjanak. Sz\u00e1munkra a piszt\u00e1cia nem d\u00edsz \u00e9s nem trendi extra. Alap\u00edz. Gondolkod\u00e1sm\u00f3d. Visszat\u00e9r\u0151 mot\u00edvum. Minden fog\u00e1sunkban tudatosan jelenik meg: n\u00e9ha finoman, n\u00e9ha hat\u00e1rozottan, de mindig t\u00f6bb r\u00e9tegben [&hellip;]<\/p>\n","protected":false},"author":2,"featured_media":0,"parent":234,"menu_order":1,"comment_status":"closed","ping_status":"closed","template":"no-margins.php","meta":{"_acf_changed":false,"footnotes":""},"class_list":["post-245","page","type-page","status-publish","hentry"],"acf":[],"_links":{"self":[{"href":"https:\/\/pinkpistachio.hu\/hu\/wp-json\/wp\/v2\/pages\/245","targetHints":{"allow":["GET"]}}],"collection":[{"href":"https:\/\/pinkpistachio.hu\/hu\/wp-json\/wp\/v2\/pages"}],"about":[{"href":"https:\/\/pinkpistachio.hu\/hu\/wp-json\/wp\/v2\/types\/page"}],"author":[{"embeddable":true,"href":"https:\/\/pinkpistachio.hu\/hu\/wp-json\/wp\/v2\/users\/2"}],"replies":[{"embeddable":true,"href":"https:\/\/pinkpistachio.hu\/hu\/wp-json\/wp\/v2\/comments?post=245"}],"version-history":[{"count":0,"href":"https:\/\/pinkpistachio.hu\/hu\/wp-json\/wp\/v2\/pages\/245\/revisions"}],"up":[{"embeddable":true,"href":"https:\/\/pinkpistachio.hu\/hu\/wp-json\/wp\/v2\/pages\/234"}],"wp:attachment":[{"href":"https:\/\/pinkpistachio.hu\/hu\/wp-json\/wp\/v2\/media?parent=245"}],"curies":[{"name":"wp","href":"https:\/\/api.w.org\/{rel}","templated":true}]}}