{"id":234,"date":"2026-01-06T17:12:59","date_gmt":"2026-01-06T16:12:59","guid":{"rendered":"https:\/\/pinkpistachio.hu\/about-pink-pistachio-brunch\/"},"modified":"2026-02-05T10:27:41","modified_gmt":"2026-02-05T09:27:41","slug":"rolunk","status":"publish","type":"page","link":"https:\/\/pinkpistachio.hu\/hu\/rolunk\/","title":{"rendered":"R\u00f3lunk"},"content":{"rendered":"<div id=\"pl-234\"  class=\"panel-layout\" ><div id=\"pg-234-0\"  class=\"panel-grid panel-has-style\"  style=\"margin-bottom: px\" ><div class=\"siteorigin-panels-stretch panel-row-style panel-row-style-for-234-0\" data-stretch-type=\"full\" ><div id=\"pgc-234-0-0\"  class=\"panel-grid-cell\" ><div id=\"panel-234-0-0-0\" class=\"so-panel widget widget_ndm-img-block panel-first-child panel-last-child\" data-index=\"0\" ><div\n\t\t\t\n\t\t\tclass=\"so-widget-ndm-img-block so-widget-ndm-img-block-default-d75171398898-234\"\n\t\t\t\n\t\t><div class=\"ndm-ib d-flex flex-column flex-lg-row flex-lg-row-reverse align-items-lg-center\">        <picture class=\"ndm-ib__img d-block\">\n        <img loading=\"lazy\" decoding=\"async\" width=\"660\" height=\"528\" src=\"https:\/\/pinkpistachio.hu\/wp-content\/uploads\/2026\/01\/kollazs-660x528.png\" class=\"attachment-img_desktop_6col size-img_desktop_6col\" alt=\"Brunch Budapest \u00e9lm\u00e9ny a Pink Pistachio Brunchn\u00e1l, piszt\u00e1ci\u00e1s fog\u00e1sokkal, desszertekkel, k\u00e1v\u00e9val \u00e9s signature italokkal\" title=\"Brunch Budapesten, a Pink Pistachio m\u00f3dra\" srcset=\"https:\/\/pinkpistachio.hu\/wp-content\/uploads\/2026\/01\/kollazs.png 1000w, https:\/\/pinkpistachio.hu\/wp-content\/uploads\/2026\/01\/kollazs-768x614.png 768w, https:\/\/pinkpistachio.hu\/wp-content\/uploads\/2026\/01\/kollazs-233x186.png 233w, https:\/\/pinkpistachio.hu\/wp-content\/uploads\/2026\/01\/kollazs-480x384.png 480w, https:\/\/pinkpistachio.hu\/wp-content\/uploads\/2026\/01\/kollazs-310x248.png 310w, https:\/\/pinkpistachio.hu\/wp-content\/uploads\/2026\/01\/kollazs-427x342.png 427w, https:\/\/pinkpistachio.hu\/wp-content\/uploads\/2026\/01\/kollazs-660x528.png 660w, https:\/\/pinkpistachio.hu\/wp-content\/uploads\/2026\/01\/kollazs-894x715.png 894w\" sizes=\"auto, (max-width: 660px) 100vw, 660px\" \/>        <\/picture>\n        <div class=\"ndm-ib__content\"><h2 class=\"mb-2\">A Pink Pistachio Brunch Budapest t\u00f6rt\u00e9nete<\/h2><p><span data-start=\"176\" data-end=\"203\">R\u00f3lunk sz\u00f3l a t\u00f6rt\u00e9net:<\/span> a <span data-start=\"206\" data-end=\"247\"><span class=\"hover:entity-accent entity-underline inline cursor-pointer align-baseline\"><span class=\"whitespace-normal\">Pink Pistachio Brunch Budapest<\/span><\/span><\/span> sz\u00e1m\u00e1ra a vend\u00e9gl\u00e1t\u00e1s sz\u00edvb\u0151l j\u00f6n. Piszt\u00e1cia-k\u00f6zpont\u00fa gasztron\u00f3mi\u00e1nk \u00e9s emberk\u00f6zpont\u00fa szeml\u00e9let\u00fcnk minden r\u00e9szletben megjelenik.\ud83d\udc9a<\/p>\n<\/div><\/div><\/div><\/div><\/div><\/div><\/div><div id=\"pg-234-1\"  class=\"panel-grid panel-has-style\"  style=\"margin-bottom: px\" ><div class=\"panel-row-style panel-row-style-for-234-1\" ><div id=\"pgc-234-1-0\"  class=\"panel-grid-cell\" ><div id=\"panel-234-1-0-0\" class=\"so-panel widget widget_ndm-img-block panel-first-child panel-last-child\" data-index=\"1\" ><div\n\t\t\t\n\t\t\tclass=\"so-widget-ndm-img-block so-widget-ndm-img-block-default-d75171398898-234\"\n\t\t\t\n\t\t><div class=\"ndm-ib d-flex flex-column flex-lg-row align-items-lg-center\">        <picture class=\"ndm-ib__img d-block\">\n        <img loading=\"lazy\" decoding=\"async\" width=\"660\" height=\"660\" src=\"https:\/\/pinkpistachio.hu\/wp-content\/uploads\/2026\/01\/about-img-01-660x660.jpg\" class=\"attachment-img_desktop_6col size-img_desktop_6col\" alt=\"A Pink Pistachio Brunch alap\u00edt\u00f3it \u00e1br\u00e1zol\u00f3 illusztr\u00e1ci\u00f3, kez\u00fckben signature italokkal\" title=\"A Pink Pistachio Brunch alap\u00edt\u00f3inak illusztr\u00e1ci\u00f3ja\" srcset=\"https:\/\/pinkpistachio.hu\/wp-content\/uploads\/2026\/01\/about-img-01.jpg 800w, https:\/\/pinkpistachio.hu\/wp-content\/uploads\/2026\/01\/about-img-01-768x768.jpg 768w, https:\/\/pinkpistachio.hu\/wp-content\/uploads\/2026\/01\/about-img-01-233x233.jpg 233w, https:\/\/pinkpistachio.hu\/wp-content\/uploads\/2026\/01\/about-img-01-480x480.jpg 480w, https:\/\/pinkpistachio.hu\/wp-content\/uploads\/2026\/01\/about-img-01-310x310.jpg 310w, https:\/\/pinkpistachio.hu\/wp-content\/uploads\/2026\/01\/about-img-01-427x427.jpg 427w, https:\/\/pinkpistachio.hu\/wp-content\/uploads\/2026\/01\/about-img-01-660x660.jpg 660w\" sizes=\"auto, (max-width: 660px) 100vw, 660px\" \/>        <\/picture>\n        <div class=\"ndm-ib__content\"><h2 class=\"mb-2\">Vend\u00e9gl\u00e1t\u00e1s kompromisszumok n\u00e9lk\u00fcl<\/h2><p>Brunner Bernadett \u00e9s Brunner Zsolt neve azoknak cseng ismer\u0151sen, akik hisznek abban, hogy a vend\u00e9gl\u00e1t\u00e1s nem ipar\u00e1g, hanem sz\u00edv\u00fcgy. A Balaton \u00e9szaki partj\u00e1t\u00f3l a f\u0151v\u00e1rosig, 100%-ban magyar tulajdon\u00fa v\u00e1llalkoz\u00e1saikban azon dolgoznak, hogy a gasztron\u00f3mia v\u00e9gre ne csak \"j\u00f3\" legyen - hanem eml\u00e9kezetes is. Olyan tereket hoznak l\u00e9tre, ahov\u00e1 j\u00f3lesik meg\u00e9rkezni... \u00e9s maradni.<\/p>\n<p>A vil\u00e1g k\u00fcl\u00f6nb\u00f6z\u0151 pontjain szerzett tapasztalataik: eml\u00e9kek, illatok, \u00edzek \u00e9s \u00e9rz\u00e9sek form\u00e1j\u00e1ban \u00e9lnek benn\u00fck \u00e9s ezekb\u0151l \u00e9p\u00edtkeznek minden egyes koncepci\u00f3ban. N\u00e1luk az <a href=\"https:\/\/pinkpistachio.hu\/menu\/\">\u00e9tel<\/a>, az ital \u00e9s a k\u00f6rnyezet nem elszigetelt elemek, hanem egym\u00e1st er\u0151s\u00edt\u0151 \u00e9lm\u00e9nyr\u00e9tegek. Komplex vend\u00e9g\u00e9lm\u00e9nyt k\u00edn\u00e1lnak, amelyben ott dolgozik a h\u00e1zasp\u00e1r lelke \u00e9s sz\u00edve.<\/p>\n<p>A Pink Pistachio Brunch filoz\u00f3fi\u00e1j\u00e1nak k\u00f6z\u00e9ppontj\u00e1ban az emberk\u00f6zpont\u00fa vend\u00e9gl\u00e1t\u00e1s \u00e1ll. Hisznek abban, hogy a magas sz\u00ednvonal nem v\u00e9letlenek sorozata, hanem tudatosan fel\u00e9p\u00edtett rendszer eredm\u00e9nye. A vend\u00e9g\u00e9lm\u00e9ny szem\u00e9lyes, a k\u00f6rnyezet autentikus, az \u00e9telek \u00e9s italok pedig minden esetben kifog\u00e1stalan min\u0151s\u00e9g\u0171ek.<\/p>\n<\/div><\/div><\/div><\/div><\/div><\/div><\/div><div id=\"pg-234-2\"  class=\"panel-grid panel-has-style\"  style=\"margin-bottom: px\" ><div class=\"siteorigin-panels-stretch panel-row-style panel-row-style-for-234-2\" data-stretch-type=\"full\" ><div id=\"pgc-234-2-0\"  class=\"panel-grid-cell\" ><div id=\"panel-234-2-0-0\" class=\"so-panel widget widget_ndm-img-block panel-first-child panel-last-child\" data-index=\"2\" ><div\n\t\t\t\n\t\t\tclass=\"so-widget-ndm-img-block so-widget-ndm-img-block-default-d75171398898-234\"\n\t\t\t\n\t\t><div class=\"ndm-ib d-flex flex-column flex-lg-row flex-lg-row-reverse align-items-lg-center\">        <picture class=\"ndm-ib__img d-block\">\n        <img loading=\"lazy\" decoding=\"async\" width=\"660\" height=\"660\" src=\"https:\/\/pinkpistachio.hu\/wp-content\/uploads\/2026\/01\/fw-img-2-660x660.jpg\" class=\"attachment-img_desktop_6col size-img_desktop_6col\" alt=\"T\u00f6k\u00e9letes brunch helysz\u00edn Budapesten, a Bazilika mellett\" title=\"Pink Pistachio Brunch Budapest belv\u00e1ros\" srcset=\"https:\/\/pinkpistachio.hu\/wp-content\/uploads\/2026\/01\/fw-img-2.jpg 800w, https:\/\/pinkpistachio.hu\/wp-content\/uploads\/2026\/01\/fw-img-2-768x768.jpg 768w, https:\/\/pinkpistachio.hu\/wp-content\/uploads\/2026\/01\/fw-img-2-233x233.jpg 233w, https:\/\/pinkpistachio.hu\/wp-content\/uploads\/2026\/01\/fw-img-2-480x480.jpg 480w, https:\/\/pinkpistachio.hu\/wp-content\/uploads\/2026\/01\/fw-img-2-310x310.jpg 310w, https:\/\/pinkpistachio.hu\/wp-content\/uploads\/2026\/01\/fw-img-2-427x427.jpg 427w, https:\/\/pinkpistachio.hu\/wp-content\/uploads\/2026\/01\/fw-img-2-660x660.jpg 660w\" sizes=\"auto, (max-width: 660px) 100vw, 660px\" \/>        <\/picture>\n        <div class=\"ndm-ib__content\"><h2 class=\"mb-2\">A piszt\u00e1cia nem \u00edzes\u00edt\u0151, hanem identit\u00e1s<\/h2><p><strong>Szic\u00edli\u00e1t\u00f3l a Pink Pistachio Brunchig<\/strong><\/p>\n<p>A piszt\u00e1ci\u00e1hoz f\u0171z\u0151d\u0151 k\u00fcl\u00f6nleges kapcsolatuk Szic\u00edli\u00e1ig ny\u00falik vissza, a Levendula K\u00e9zm\u0171ves Fagylaltoz\u00f3k alap\u00edt\u00e1s\u00e1nak id\u0151szak\u00e1ig. A Levendula m\u00e1ra orsz\u00e1gos lefedetts\u00e9g\u0171, sikeresen m\u0171k\u00f6d\u0151 franchise h\u00e1l\u00f3zatt\u00e1 n\u0151tte ki mag\u00e1t \u00e9s meghat\u00e1roz\u00f3 szerepl\u0151je lett a hazai k\u00e9zm\u0171ves fagylaltkult\u00far\u00e1nak. Az itt megszerzett alapanyag-ismeret, min\u0151s\u00e9gi szeml\u00e9let \u00e9s k\u00f6vetkezetess\u00e9g k\u00e9pezte a k\u00e9s\u0151bbi koncepci\u00f3k fundamentum\u00e1t is. A Pink Pistachio Brunch alap\u00edt\u00e1sakor is ugyanaz a k\u00e9rd\u00e9s vezette \u0151ket: alapanyagokb\u00f3l harm\u00f3ni\u00e1t \u00e9s \u00e9lm\u00e9nyt csin\u00e1lni.<\/p>\n<p>A felhaszn\u00e1lt piszt\u00e1cia ma is k\u00f6zvetlen\u00fcl Olaszorsz\u00e1gb\u00f3l \u00e9rkezik. Olyan mennyis\u00e9gben \u00e9s min\u0151s\u00e9gben, ami eur\u00f3pai szinten is figyelemre m\u00e9lt\u00f3. Ez az intenz\u00edv arom\u00e1j\u00fa, hamis\u00edtatlan alapanyag biztos\u00edtja a Pink Pistachio Brunch karakter\u00e9nek esszenci\u00e1j\u00e1t: visszak\u00f6sz\u00f6n az \u00e9telekben, az italokban, a desszertekben \u00e9s a k\u00e1v\u00e9k vil\u00e1g\u00e1ban egyar\u00e1nt.<\/p>\n<p><strong>Piszt\u00e1cia kompromisszumok n\u00e9lk\u00fcl<\/strong><\/p>\n<p>A Pink Pistachio Brunch alap\u00edt\u00e1sakor z\u00e1szl\u00f3shaj\u00f3k\u00e9nt t\u0171zt\u00e9k ki a piszt\u00e1cia val\u00f3di, pr\u00e9mium min\u0151s\u00e9g\u0171 megismertet\u00e9s\u00e9t a budapesti turist\u00e1k \u00e9s helyiek k\u00f6r\u00e9ben egyar\u00e1nt. A piszt\u00e1ciapesto \u00e9s az \u00f6ntetek recept\u00far\u00e1j\u00e1\u00e9rt szem\u00e9lyesen utaztak el szic\u00edliai \u0151stermel\u0151kh\u00f6z, ahol t\u00f6bb \u00e9vtizede haszn\u00e1lt technik\u00e1kat \u00e9s autentikus recepteket saj\u00e1t\u00edtottak el. A piszt\u00e1cia kiz\u00e1r\u00f3lag v\u00e1logatott min\u0151s\u00e9gben ker\u00fcl a konyh\u00e1ra, rakt\u00e1raikba, ez pedig biztos\u00edtja azt az intenz\u00edv, karakteres \u00edzvil\u00e1got, amely a Pink Pistachio Brunch egyik legfontosabb v\u00e9djegye.<\/p>\n<\/div><\/div><\/div><\/div><\/div><\/div><\/div><div id=\"pg-234-3\"  class=\"panel-grid panel-has-style\"  style=\"margin-bottom: px\" ><div class=\"panel-row-style panel-row-style-for-234-3\" ><div id=\"pgc-234-3-0\"  class=\"panel-grid-cell\" ><div id=\"panel-234-3-0-0\" class=\"so-panel widget widget_ndm-img-block panel-first-child panel-last-child\" data-index=\"3\" ><div\n\t\t\t\n\t\t\tclass=\"so-widget-ndm-img-block so-widget-ndm-img-block-default-d75171398898-234\"\n\t\t\t\n\t\t><div class=\"ndm-ib d-flex flex-column flex-lg-row align-items-lg-center\">        <picture class=\"ndm-ib__img d-block\">\n        <img loading=\"lazy\" decoding=\"async\" width=\"660\" height=\"660\" src=\"https:\/\/pinkpistachio.hu\/wp-content\/uploads\/2026\/01\/about-img-03-660x660.jpg\" class=\"attachment-img_desktop_6col size-img_desktop_6col\" alt=\"B\u0151s\u00e9ges brunch Budapest asztal a Pink Pistachio Brunchn\u00e1l, piszt\u00e1ci\u00e1ra hangolt s\u00f3s fog\u00e1sokkal, \u00e9des desszertekkel \u00e9s friss\u00edt\u0151 elviteles italokkal\" title=\"Pink Pistachio Brunch &#8211; Budapest &#8211; Brunch kompromisszumok n\u00e9lk\u00fcl\" srcset=\"https:\/\/pinkpistachio.hu\/wp-content\/uploads\/2026\/01\/about-img-03.jpg 800w, https:\/\/pinkpistachio.hu\/wp-content\/uploads\/2026\/01\/about-img-03-768x768.jpg 768w, https:\/\/pinkpistachio.hu\/wp-content\/uploads\/2026\/01\/about-img-03-233x233.jpg 233w, https:\/\/pinkpistachio.hu\/wp-content\/uploads\/2026\/01\/about-img-03-480x480.jpg 480w, https:\/\/pinkpistachio.hu\/wp-content\/uploads\/2026\/01\/about-img-03-310x310.jpg 310w, https:\/\/pinkpistachio.hu\/wp-content\/uploads\/2026\/01\/about-img-03-427x427.jpg 427w, https:\/\/pinkpistachio.hu\/wp-content\/uploads\/2026\/01\/about-img-03-660x660.jpg 660w\" sizes=\"auto, (max-width: 660px) 100vw, 660px\" \/>        <\/picture>\n        <div class=\"ndm-ib__content\"><h2 class=\"mb-2\">Trend helyett ir\u00e1ny<\/h2><p>A piszt\u00e1cia itt nem dekor\u00e1ci\u00f3 \u00e9s nem \u00edzes\u00edt\u0151. \u00cdzek, illatok, text\u00far\u00e1k \u00e9s kreat\u00edv p\u00e1ros\u00edt\u00e1sok harmonikus j\u00e1t\u00e9ka, amely pontosan annyira mer\u00e9sz, amennyire kell.<\/p>\n<p>A filoz\u00f3fia k\u00f6z\u00e9ppontj\u00e1ban az emberk\u00f6zpont\u00fa vend\u00e9gl\u00e1t\u00e1s \u00e1ll. A magas sz\u00ednvonal n\u00e1luk nem szerencse k\u00e9rd\u00e9se, hanem r\u00e9szletesen megkompon\u00e1lt tervez\u00e9s v\u00e9geredm\u00e9nye. Vallj\u00e1k, hogy a vend\u00e9g\u00e9lm\u00e9ny akkor v\u00e1lik maradand\u00f3v\u00e1 \u00e9s teljess\u00e9, ha a k\u00f6rnyezet minden eleme hiteles, az \u00e9telek \u00e9s italok pedig minden alkalommal kifog\u00e1stalanok, ez\u00e9rt pedig mindent el is k\u00f6vetnek.<\/p>\n<p>A t\u00e9r \u00e9s az atmoszf\u00e9ra is ebben a szellemben \u00e9s a gondoss\u00e1ggal sz\u00fcletett. Utaz\u00e1saik inspir\u00e1ci\u00f3i visszak\u00f6sz\u00f6nnek a bels\u0151 t\u00e9rben, a zenei vil\u00e1gban \u00e9s az apr\u00f3, m\u00e9gis meghat\u00e1roz\u00f3 r\u00e9szletekben is: p\u00e9ld\u00e1ul az Egyiptomb\u00f3l hozott, k\u00e9zm\u0171ves porcel\u00e1nokban felszolg\u00e1lt italokban, amelyek vizu\u00e1lisan \u00e9s \u00e9rzetben is er\u0151s\u00edtik az \u00e9lm\u00e9nyt.<\/p>\n<\/div><\/div><\/div><\/div><\/div><\/div><\/div><div id=\"pg-234-4\"  class=\"panel-grid panel-has-style\"  style=\"margin-bottom: px\" ><div class=\"siteorigin-panels-stretch panel-row-style panel-row-style-for-234-4\" data-stretch-type=\"full\" ><div id=\"pgc-234-4-0\"  class=\"panel-grid-cell\" ><div id=\"panel-234-4-0-0\" class=\"so-panel widget widget_ndm-img-block panel-first-child panel-last-child\" data-index=\"4\" ><div\n\t\t\t\n\t\t\tclass=\"so-widget-ndm-img-block so-widget-ndm-img-block-default-d75171398898-234\"\n\t\t\t\n\t\t><div class=\"ndm-ib d-flex flex-column flex-lg-row flex-lg-row-reverse align-items-lg-center\">        <picture class=\"ndm-ib__img d-block\">\n        <img loading=\"lazy\" decoding=\"async\" width=\"660\" height=\"660\" src=\"https:\/\/pinkpistachio.hu\/wp-content\/uploads\/2026\/01\/about-img-02-660x660.jpg\" class=\"attachment-img_desktop_6col size-img_desktop_6col\" alt=\"Piszt\u00e1ci\u00e1s s\u00fctem\u00e9nyszeletek a Pink Pistachio Brunchn\u00e1l Budapesten, r\u00e9tegezett text\u00far\u00e1kkal \u00e9s gazdag \u00edzvil\u00e1ggal\" title=\"Pink Pistachio Brunch &#8211; tort\u00e1k\" srcset=\"https:\/\/pinkpistachio.hu\/wp-content\/uploads\/2026\/01\/about-img-02.jpg 800w, https:\/\/pinkpistachio.hu\/wp-content\/uploads\/2026\/01\/about-img-02-768x768.jpg 768w, https:\/\/pinkpistachio.hu\/wp-content\/uploads\/2026\/01\/about-img-02-233x233.jpg 233w, https:\/\/pinkpistachio.hu\/wp-content\/uploads\/2026\/01\/about-img-02-480x480.jpg 480w, https:\/\/pinkpistachio.hu\/wp-content\/uploads\/2026\/01\/about-img-02-310x310.jpg 310w, https:\/\/pinkpistachio.hu\/wp-content\/uploads\/2026\/01\/about-img-02-427x427.jpg 427w, https:\/\/pinkpistachio.hu\/wp-content\/uploads\/2026\/01\/about-img-02-660x660.jpg 660w\" sizes=\"auto, (max-width: 660px) 100vw, 660px\" \/>        <\/picture>\n        <div class=\"ndm-ib__content\"><h2 class=\"mb-2\">Ha kiszakadn\u00e1l. Ha meg\u00e9rkezn\u00e9l.<\/h2><p>A <a href=\"https:\/\/www.facebook.com\/photo.php?fbid=122148019010924433&amp;set=pb.61577733010810.-2207520000&amp;type=3\" target=\"_blank\" rel=\"noopener\">Pink Pistachio Brunch<\/a> egy tudatos kit\u00f6r\u00e9s a h\u00e9tk\u00f6znapokb\u00f3l. B\u00fcszk\u00e9k arra, hogy olyan helyet hoztak l\u00e9tre, amely b\u00fav\u00f3helyk\u00e9nt szolg\u00e1lhat a h\u00e9tk\u00f6znapok m\u00f3kuskerek\u00e9b\u0151l.<\/p>\n<p>Hamis\u00edtatlan feln\u0151ttbar\u00e1t k\u00f6zeg, ahol bar\u00e1ti tal\u00e1lkoz\u00f3k, \u00fczleti megbesz\u00e9l\u00e9sek \u00e9s randik egyar\u00e1nt otthonra tal\u00e1lnak. Egy hely, ahol a modern gasztron\u00f3mia, az eszt\u00e9tika \u00e9s az emberk\u00f6zpont\u00fa vend\u00e9gl\u00e1t\u00e1s term\u00e9szetes egys\u00e9get alkot.<\/p>\n<\/div><\/div><\/div><\/div><\/div><\/div><\/div><div id=\"pg-234-5\"  class=\"panel-grid panel-has-style\" ><div class=\"panel-row-style panel-row-style-for-234-5\" ><div id=\"pgc-234-5-0\"  class=\"panel-grid-cell\" ><div id=\"panel-234-5-0-0\" class=\"so-panel widget widget_ndm-img-block panel-first-child panel-last-child\" data-index=\"5\" ><div\n\t\t\t\n\t\t\tclass=\"so-widget-ndm-img-block so-widget-ndm-img-block-default-d75171398898-234\"\n\t\t\t\n\t\t><div class=\"ndm-ib d-flex flex-column flex-lg-row align-items-lg-center\">        <picture class=\"ndm-ib__img d-block\">\n        <img loading=\"lazy\" decoding=\"async\" width=\"660\" height=\"660\" src=\"https:\/\/pinkpistachio.hu\/wp-content\/uploads\/2026\/01\/brunch-660x660.jpg\" class=\"attachment-img_desktop_6col size-img_desktop_6col\" alt=\"Pistachio-driven brunch table at Pink Pistachio Brunch in Budapest, featuring sweet and savory dishes, desserts and signature drinks\" title=\"brunch\" srcset=\"https:\/\/pinkpistachio.hu\/wp-content\/uploads\/2026\/01\/brunch.jpg 800w, https:\/\/pinkpistachio.hu\/wp-content\/uploads\/2026\/01\/brunch-768x768.jpg 768w, https:\/\/pinkpistachio.hu\/wp-content\/uploads\/2026\/01\/brunch-233x233.jpg 233w, https:\/\/pinkpistachio.hu\/wp-content\/uploads\/2026\/01\/brunch-480x480.jpg 480w, https:\/\/pinkpistachio.hu\/wp-content\/uploads\/2026\/01\/brunch-310x310.jpg 310w, https:\/\/pinkpistachio.hu\/wp-content\/uploads\/2026\/01\/brunch-427x427.jpg 427w, https:\/\/pinkpistachio.hu\/wp-content\/uploads\/2026\/01\/brunch-660x660.jpg 660w\" sizes=\"auto, (max-width: 660px) 100vw, 660px\" \/>        <\/picture>\n        <div class=\"ndm-ib__content\"><h2 class=\"mb-2\">Ha kiszakadn\u00e1l. Ha meg\u00e9rkezn\u00e9l.<\/h2><blockquote>\n<p>Mindez egy\u00fctt adja a <strong data-start=\"298\" data-end=\"332\">Pink Pistachio Brunch Budapest<\/strong> l\u00e9nyeg\u00e9t: egy olyan tudatosan fel\u00e9p\u00edtett vil\u00e1got, ahol a gasztron\u00f3mia nem \u00f6nc\u00e9l\u00fa, hanem kapcsol\u00f3d\u00e1si pont. Kapcsol\u00f3d\u00e1s az alapanyaghoz, az alkot\u00f3k szeml\u00e9let\u00e9hez \u00e9s a vend\u00e9gek pillanatnyi ig\u00e9nyeihez. Nincs helye a kompromisszumoknak, sem \u00edzekben, sem \u00e9lm\u00e9nyben. Ami megsz\u00fcletik, az k\u00f6vetkezetes \u00e9s \u0151szinte, \u00e9ppen ez\u00e9rt marad eml\u00e9kezetes.<\/p>\n<\/blockquote>\n<p>A Pink Pistachio Brunch egy tudatos kit\u00f6r\u00e9s a h\u00e9tk\u00f6znapokb\u00f3l. B\u00fcszk\u00e9k arra, hogy olyan helyet hoztak l\u00e9tre, amely b\u00fav\u00f3helyk\u00e9nt szolg\u00e1lhat a h\u00e9tk\u00f6znapok m\u00f3kuskerek\u00e9b\u0151l.<\/p>\n<p>Hamis\u00edtatlan feln\u0151ttbar\u00e1t k\u00f6zeg, ahol bar\u00e1ti tal\u00e1lkoz\u00f3k, \u00fczleti megbesz\u00e9l\u00e9sek \u00e9s randik egyar\u00e1nt otthonra tal\u00e1lnak. Egy hely, ahol a modern gasztron\u00f3mia, az eszt\u00e9tika \u00e9s az emberk\u00f6zpont\u00fa vend\u00e9gl\u00e1t\u00e1s term\u00e9szetes egys\u00e9get alkot.<\/p>\n<\/div><\/div><\/div><\/div><\/div><\/div><\/div><\/div>","protected":false},"excerpt":{"rendered":"<p>A Pink Pistachio Brunch Budapest t\u00f6rt\u00e9neteR\u00f3lunk sz\u00f3l a t\u00f6rt\u00e9net: a Pink Pistachio Brunch Budapest sz\u00e1m\u00e1ra a vend\u00e9gl\u00e1t\u00e1s sz\u00edvb\u0151l j\u00f6n. Piszt\u00e1cia-k\u00f6zpont\u00fa gasztron\u00f3mi\u00e1nk \u00e9s emberk\u00f6zpont\u00fa szeml\u00e9let\u00fcnk minden r\u00e9szletben megjelenik.\ud83d\udc9a Vend\u00e9gl\u00e1t\u00e1s kompromisszumok n\u00e9lk\u00fclBrunner Bernadett \u00e9s Brunner Zsolt neve azoknak cseng ismer\u0151sen, akik hisznek abban, hogy a vend\u00e9gl\u00e1t\u00e1s nem ipar\u00e1g, hanem sz\u00edv\u00fcgy. A Balaton \u00e9szaki partj\u00e1t\u00f3l a f\u0151v\u00e1rosig, 100%-ban [&hellip;]<\/p>\n","protected":false},"author":2,"featured_media":0,"parent":0,"menu_order":2,"comment_status":"closed","ping_status":"closed","template":"no-margins.php","meta":{"_acf_changed":false,"footnotes":""},"class_list":["post-234","page","type-page","status-publish","hentry"],"acf":[],"_links":{"self":[{"href":"https:\/\/pinkpistachio.hu\/hu\/wp-json\/wp\/v2\/pages\/234","targetHints":{"allow":["GET"]}}],"collection":[{"href":"https:\/\/pinkpistachio.hu\/hu\/wp-json\/wp\/v2\/pages"}],"about":[{"href":"https:\/\/pinkpistachio.hu\/hu\/wp-json\/wp\/v2\/types\/page"}],"author":[{"embeddable":true,"href":"https:\/\/pinkpistachio.hu\/hu\/wp-json\/wp\/v2\/users\/2"}],"replies":[{"embeddable":true,"href":"https:\/\/pinkpistachio.hu\/hu\/wp-json\/wp\/v2\/comments?post=234"}],"version-history":[{"count":0,"href":"https:\/\/pinkpistachio.hu\/hu\/wp-json\/wp\/v2\/pages\/234\/revisions"}],"wp:attachment":[{"href":"https:\/\/pinkpistachio.hu\/hu\/wp-json\/wp\/v2\/media?parent=234"}],"curies":[{"name":"wp","href":"https:\/\/api.w.org\/{rel}","templated":true}]}}