{"id":219,"date":"2026-01-14T15:14:07","date_gmt":"2026-01-14T14:14:07","guid":{"rendered":"https:\/\/pinkpistachio.hu\/pink-pistachio-brunch-faq\/"},"modified":"2026-02-05T10:39:30","modified_gmt":"2026-02-05T09:39:30","slug":"pink-pistachio-brunch-gyik","status":"publish","type":"page","link":"https:\/\/pinkpistachio.hu\/hu\/pink-pistachio-brunch-gyik\/","title":{"rendered":"GYIK"},"content":{"rendered":"<div id=\"pl-219\"  class=\"panel-layout\" ><div id=\"pg-219-0\"  class=\"panel-grid panel-has-style\"  style=\"margin-bottom: px\" ><div class=\"siteorigin-panels-stretch panel-row-style panel-row-style-for-219-0\" data-stretch-type=\"full\" ><div id=\"pgc-219-0-0\"  class=\"panel-grid-cell\" ><div id=\"panel-219-0-0-0\" class=\"so-panel widget widget_ndm-img-block panel-first-child panel-last-child\" data-index=\"0\" ><div\n\t\t\t\n\t\t\tclass=\"so-widget-ndm-img-block so-widget-ndm-img-block-default-d75171398898-219\"\n\t\t\t\n\t\t><div class=\"ndm-ib d-flex flex-column flex-lg-row align-items-lg-center\">        <picture class=\"ndm-ib__img d-block\">\n        <img loading=\"lazy\" decoding=\"async\" width=\"660\" height=\"528\" src=\"https:\/\/pinkpistachio.hu\/wp-content\/uploads\/2026\/01\/pink-pistachio-brunch-faq-660x528.png\" class=\"attachment-img_desktop_6col size-img_desktop_6col\" alt=\"Pink Pistachio Brunch GYIK - Budapest brunch inform\u00e1ci\u00f3k\" title=\"Pink Pistachio Brunch GYIK &#8211; Budapest brunch inform\u00e1ci\u00f3k\" srcset=\"https:\/\/pinkpistachio.hu\/wp-content\/uploads\/2026\/01\/pink-pistachio-brunch-faq.png 1000w, https:\/\/pinkpistachio.hu\/wp-content\/uploads\/2026\/01\/pink-pistachio-brunch-faq-768x614.png 768w, https:\/\/pinkpistachio.hu\/wp-content\/uploads\/2026\/01\/pink-pistachio-brunch-faq-233x186.png 233w, https:\/\/pinkpistachio.hu\/wp-content\/uploads\/2026\/01\/pink-pistachio-brunch-faq-480x384.png 480w, https:\/\/pinkpistachio.hu\/wp-content\/uploads\/2026\/01\/pink-pistachio-brunch-faq-310x248.png 310w, https:\/\/pinkpistachio.hu\/wp-content\/uploads\/2026\/01\/pink-pistachio-brunch-faq-427x342.png 427w, https:\/\/pinkpistachio.hu\/wp-content\/uploads\/2026\/01\/pink-pistachio-brunch-faq-660x528.png 660w, https:\/\/pinkpistachio.hu\/wp-content\/uploads\/2026\/01\/pink-pistachio-brunch-faq-894x715.png 894w\" sizes=\"auto, (max-width: 660px) 100vw, 660px\" \/>        <\/picture>\n        <div class=\"ndm-ib__content\"><p><strong data-start=\"312\" data-end=\"344\">Brunch Budapest belv\u00e1ros\u00e1ban<\/strong> azoknak, akik tudatos \u00e9lm\u00e9nyre v\u00e1gynak: a <a href=\"https:\/\/maps.app.goo.gl\/ptNMPWSm7VngLNJL7\" target=\"_blank\" rel=\"noopener\"><strong data-start=\"387\" data-end=\"412\">Pink Pistachio Brunch<\/strong><\/a> a Szent Istv\u00e1n Bazilika k\u00f6zvetlen k\u00f6zel\u00e9ben v\u00e1rja azokat, akik k\u00fcl\u00f6nleges brunch helysz\u00ednt keresnek. N\u00e1lunk a reggeli Budapesten nem siet\u0151s rutin, hanem meg\u00e9rkez\u00e9s: gondosan \u00f6ssze\u00e1ll\u00edtott brunch fog\u00e1sok, piszt\u00e1ci\u00e1ra hangolt \u00edzek, specialty k\u00e1v\u00e9 \u00e9s k\u00fcl\u00f6nleges italok egy olyan k\u00f6rnyezetben, ahov\u00e1 j\u00f3 bet\u00e9rni. Legyen sz\u00f3 h\u00e9tv\u00e9gi brunchr\u00f3l, egy nyugodt reggelir\u0151l a belv\u00e1rosban vagy egy Bazilika k\u00f6rny\u00e9ki meg\u00e1ll\u00f3r\u00f3l, a Pink Pistachio Brunch a nap egyik legjobb d\u00f6nt\u00e9se lehet.<\/p>\n<\/div><\/div><\/div><\/div><\/div><\/div><\/div><div id=\"pg-219-1\"  class=\"panel-grid panel-has-style\"  style=\"margin-bottom: px\" ><div style=\"padding: 5rem 0rem 5rem 0rem;\" class=\"panel-row-style panel-row-style-for-219-1\" ><div id=\"pgc-219-1-0\"  class=\"panel-grid-cell\" ><div id=\"panel-219-1-0-0\" class=\"so-panel widget widget_sow-editor panel-first-child\" data-index=\"1\" style=\"margin-bottom: px\" ><div\n\t\t\t\n\t\t\tclass=\"so-widget-sow-editor so-widget-sow-editor-base\"\n\t\t\t\n\t\t>\n<div class=\"siteorigin-widget-tinymce textwidget\">\n\t<p>Ha a Brunch Budapest k\u00f6r\u00fcli k\u00e9rd\u00e9sekre keresel gyors, egy\u00e9rtelm\u0171 v\u00e1laszokat, j\u00f3 helyen j\u00e1rsz: itt \u00f6sszegy\u0171jt\u00f6tt\u00fck a Pink Pistachio Brunch legfontosabb tudnival\u00f3it a nyitvatart\u00e1st\u00f3l a foglal\u00e1sig.<\/p>\n<\/div>\n<\/div><\/div><div id=\"panel-219-1-0-1\" class=\"so-panel widget widget_ndm-headings\" data-index=\"2\" style=\"margin-bottom: px\" ><div\n\t\t\t\n\t\t\tclass=\"so-widget-ndm-headings so-widget-ndm-headings-default-d75171398898-219\"\n\t\t\t\n\t\t><h2 class=\"ndm-heading text-start text-darkgreen mb-2\">Nyitvatart\u00e1s, el\u00e9rhet\u0151s\u00e9g<\/h2><\/div><\/div><div id=\"panel-219-1-0-2\" class=\"so-panel widget widget_ndm-list panel-last-child\" data-index=\"3\" ><div\n\t\t\t\n\t\t\tclass=\"so-widget-ndm-list so-widget-ndm-list-default-d75171398898-219\"\n\t\t\t\n\t\t><ul class=\"ndm-list\">\t\t\t<li>\r\n\t\t\t\t<h3 class=\"ndm-list__title\">Mi a Pink Pistachio Brunch pontos nyitvatart\u00e1sa?<\/h3><p class=\"mb-0\">Tavaszt\u00f3l \u0151szig hossz\u00fa nappalokkal \u00e9s hossz\u00fa reggelikkel v\u00e1runk: 9:00-t\u00f3l eg\u00e9szen 22:30-ig. A t\u00e9li h\u00f3napokban visszavesz\u00fcnk a temp\u00f3b\u00f3l, ilyenkor 9:00\u201319:00 k\u00f6z\u00f6tt tal\u00e1lkozunk. Ha biztosra menn\u00e9l, az aktu\u00e1lis nyitvatart\u00e1st mindig frissen megtal\u00e1lod Google Mapsen \u00e9s a Facebook oldalunkon.<\/p>\t\t\t<\/li>\r\n\t\t\t\t\t<li>\r\n\t\t\t\t<h3 class=\"ndm-list__title\">\u00dcnnepnapokon is nyitva tartanak?<\/h3><p class=\"mb-0\">Igen.<\/p>\t\t\t<\/li>\r\n\t\t\t\t\t<li>\r\n\t\t\t\t<h3 class=\"ndm-list__title\">Van elt\u00e9r\u00e9s a konyha \u00e9s az \u00e9tterem nyitvatart\u00e1sa k\u00f6z\u00f6tt?<\/h3><p class=\"mb-0\">Igen, van elt\u00e9r\u00e9s. A konyha h\u00e9tk\u00f6znap 15:00-ig, h\u00e9tv\u00e9g\u00e9n pedig 17:00-ig fogadja az utols\u00f3 rendel\u00e9st. Ezut\u00e1n a Pink Pistachio Brunch tov\u00e1bbra is nyitva van, \u00edgy nyugodtan maradhatsz egy italra, k\u00e1v\u00e9ra vagy desszertre.<\/p>\t\t\t<\/li>\r\n\t\t\t\t\t<li>\r\n\t\t\t\t<h3 class=\"ndm-list__title\">Meddig lehet rendel\u00e9st leadni a pultn\u00e1l z\u00e1r\u00e1s el\u0151tt?<\/h3><p class=\"mb-0\">Utols\u00f3 pillanatig.<\/p>\t\t\t<\/li>\r\n\t\t\t\t\t<li>\r\n\t\t\t\t<h3 class=\"ndm-list__title\">Hogyan tudjuk felvenni a kapcsolatot?<\/h3><p class=\"mb-0\">\u00dagy, ahogy Neked a legk\u00e9nyelmesebb \ud83d\ude0a El\u00e9rsz minket e-mailben az office@hellopink.hu c\u00edmen, Messengeren, Instagram Direct \u00fczenetben, TikTok \u00fczenetben vagy telefonon a +36 30 565 4770 sz\u00e1mon. Igyeksz\u00fcnk minden megkeres\u00e9sre a lehet\u0151 leghamarabb v\u00e1laszolni \u2013 v\u00e1laszd azt a csatorn\u00e1t, ami Neked a legk\u00e9zenfekv\u0151bb.<\/p>\t\t\t<\/li>\r\n\t\t\t\t\t<li>\r\n\t\t\t\t<h3 class=\"ndm-list__title\">Van lehet\u0151s\u00e9g online \u00e9rdekl\u0151d\u00e9sre vagy kapcsolatfelv\u00e9telre?<\/h3><p class=\"mb-0\">Igen, \u00f6r\u00f6mmel v\u00e1laszolunk minden Pink Pistachio Brunch-al kapcsolatos megkeres\u00e9sre az office@hellopink.hu c\u00edmen, Messengeren, Instagram Direct \u00fczenetben, TikTok \u00fczenetben vagy telefonon a +36 30 565 4770 sz\u00e1mon.<\/p>\t\t\t<\/li>\r\n\t\t<\/ul><\/div><\/div><\/div><\/div><\/div><div id=\"pg-219-2\"  class=\"panel-grid panel-has-style\"  style=\"margin-bottom: px\" ><div style=\"padding: 0rem 0rem 5rem 0rem;\" class=\"panel-row-style panel-row-style-for-219-2\" ><div id=\"pgc-219-2-0\"  class=\"panel-grid-cell\" ><div id=\"panel-219-2-0-0\" class=\"so-panel widget widget_ndm-headings panel-first-child\" data-index=\"4\" style=\"margin-bottom: px\" ><div\n\t\t\t\n\t\t\tclass=\"so-widget-ndm-headings so-widget-ndm-headings-default-d75171398898-219\"\n\t\t\t\n\t\t><h2 class=\"ndm-heading text-start text-darkgreen mb-2\">Megk\u00f6zel\u00edt\u00e9s, parkol\u00e1s, inform\u00e1ci\u00f3k<\/h2><\/div><\/div><div id=\"panel-219-2-0-1\" class=\"so-panel widget widget_ndm-list panel-last-child\" data-index=\"5\" ><div\n\t\t\t\n\t\t\tclass=\"so-widget-ndm-list so-widget-ndm-list-default-d75171398898-219\"\n\t\t\t\n\t\t><ul class=\"ndm-list\">\t\t\t<li>\r\n\t\t\t\t<h3 class=\"ndm-list__title\">Hol tal\u00e1lhat\u00f3 a Pink Pistachio Brunch?<\/h3><p class=\"mb-0\">A Pink Pistachio Brunch Budapesten, a f\u0151v\u00e1ros sz\u00edv\u00e9ben, Belv\u00e1ros - Lip\u00f3tv\u00e1ros k\u00f6zponti r\u00e9sz\u00e9n tal\u00e1lhat\u00f3 az V. ker\u00fcletben. A Szent Istv\u00e1n Bazilik\u00e1t\u00f3l kevesebb, mint egy percnyi s\u00e9t\u00e1ra, egyetlen saroknyira tal\u00e1lod meg. <\/p>\t\t\t<\/li>\r\n\t\t\t\t\t<li>\r\n\t\t\t\t<h3 class=\"ndm-list__title\">Szem\u00e9lyaut\u00f3val \u00e9rkezn\u00e9nk, hol tudok hozz\u00e1tok legk\u00f6zelebb parkolni?<\/h3><p class=\"mb-0\">Mivel a belv\u00e1ros sz\u00edv\u00e9ben vagyunk, \u00edgy az utc\u00e1kon t\u00f6rt\u00e9n\u0151 parkol\u00e1si lehet\u0151s\u00e9gek jelent\u0151sen limit\u00e1ltak. Azonban a k\u00f6zel\u00fcnkben t\u00f6bb m\u00e9lygar\u00e1zs is tal\u00e1lhat\u00f3, amelyeket j\u00f3sz\u00edvvel tudunk aj\u00e1nlani: Bazilika Gar\u00e1zs, Erzs\u00e9bet parkol\u00f3 vagy ak\u00e1r a De\u00e1k t\u00e9r alatt tal\u00e1lhat\u00f3 m\u00e9lygar\u00e1zs.<\/p>\t\t\t<\/li>\r\n\t\t\t\t\t<li>\r\n\t\t\t\t<h3 class=\"ndm-list__title\">T\u00f6megk\u00f6zleked\u00e9ssel hogy k\u00f6zel\u00edthet\u0151 meg a Pink Pistachio Brunch?<\/h3><p class=\"mb-0\">A Pink Pistachio Brunch Budapest V. ker\u00fclet\u00e9ben, a Hercegpr\u00edm\u00e1s utca 6. sz\u00e1m alatt tal\u00e1lhat\u00f3, \u00edgy t\u00f6megk\u00f6zleked\u00e9ssel gyorsan \u00e9s k\u00f6nnyen megk\u00f6zel\u00edthet\u0151. A legk\u00f6zelebbi meg\u00e1ll\u00f3 a Szent Istv\u00e1n t\u00e9r, ahonnan mind\u00f6ssze 1-2 perc s\u00e9t\u00e1ra van a brunchoz\u00f3. A Bajcsy-Zsilinszky \u00fat meg\u00e1ll\u00f3t\u00f3l kb. 2-3 perc, m\u00edg a De\u00e1k Ferenc t\u00e9r k\u00f6zleked\u00e9si csom\u00f3pontt\u00f3l 3-4 perc gyalogl\u00e1ssal \u00e9rhet\u0151 el. A Szent Istv\u00e1n Bazilika k\u00f6zvetlen k\u00f6zel\u00e9ben helyezkedik el, ez\u00e9rt k\u00f6nnyen beazonos\u00edthat\u00f3.<\/p>\t\t\t<\/li>\r\n\t\t\t\t\t<li>\r\n\t\t\t\t<h3 class=\"ndm-list__title\">Akad\u00e1lymentes\u00edtett az \u00e9tterem?<\/h3><p class=\"mb-0\">A Pink Pistachio Brunch Budapest sajnos nem akad\u00e1lymentes\u00edtett.<\/p>\t\t\t<\/li>\r\n\t\t\t\t\t<li>\r\n\t\t\t\t<h3 class=\"ndm-list__title\">Van kerthelyis\u00e9g, k\u00fclt\u00e9ri le\u00fcl\u00e9si lehet\u0151s\u00e9g?<\/h3><p class=\"mb-0\">Term\u00e9szetesen: m\u00e1rciust\u00f3l decemberig v\u00e1runk benneteket szeretettel az \u00fczlet el\u0151tti k\u00fclt\u00e9ri kerthelyis\u00e9g\u00fcnkben.<\/p>\t\t\t<\/li>\r\n\t\t\t\t\t<li>\r\n\t\t\t\t<h3 class=\"ndm-list__title\">\u00c1llatbar\u00e1t hely a Pink Pistachio Brunch?<\/h3><p class=\"mb-0\">Igen, a legnagyobb \u00f6r\u00f6mmel l\u00e1tjuk vend\u00e9g\u00fcl n\u00e9gyl\u00e1b\u00fa bar\u00e1tainkat is.<\/p>\t\t\t<\/li>\r\n\t\t\t\t\t<li>\r\n\t\t\t\t<h3 class=\"ndm-list__title\">Milyen nyelveken besz\u00e9l a szem\u00e9lyzet?<\/h3><p class=\"mb-0\">Koll\u00e9g\u00e1ink angol \u00e9s magyar nyelven kommunik\u00e1lnak.<\/p>\t\t\t<\/li>\r\n\t\t<\/ul><\/div><\/div><\/div><\/div><\/div><div id=\"pg-219-3\"  class=\"panel-grid panel-has-style\"  style=\"margin-bottom: px\" ><div style=\"padding: 0rem 0rem 5rem 0rem;\" class=\"panel-row-style panel-row-style-for-219-3\" ><div id=\"pgc-219-3-0\"  class=\"panel-grid-cell\" ><div id=\"panel-219-3-0-0\" class=\"so-panel widget widget_sow-editor panel-first-child\" data-index=\"6\" style=\"margin-bottom: px\" ><div\n\t\t\t\n\t\t\tclass=\"so-widget-sow-editor so-widget-sow-editor-base\"\n\t\t\t\n\t\t>\n<div class=\"siteorigin-widget-tinymce textwidget\">\n\t<p>Sokan a Pink Pistachio Brunch GYIK oldalon keresnek v\u00e1laszt a <a href=\"https:\/\/pinkpistachio.hu\/menu\/\">men\u00fc<\/a>re, az \u00e9tel\u00e9rz\u00e9kenys\u00e9gi opci\u00f3kra, a k\u00e1v\u00e9- \u00e9s matcha k\u00edn\u00e1latra, a desszertekre, valamint a piszt\u00e1ci\u00e1s k\u00fcl\u00f6nlegess\u00e9gekre vonatkoz\u00f3 k\u00e9rd\u00e9sekre.<\/p>\n<\/div>\n<\/div><\/div><div id=\"panel-219-3-0-1\" class=\"so-panel widget widget_ndm-headings\" data-index=\"7\" style=\"margin-bottom: px\" ><div\n\t\t\t\n\t\t\tclass=\"so-widget-ndm-headings so-widget-ndm-headings-default-d75171398898-219\"\n\t\t\t\n\t\t><h2 class=\"ndm-heading text-start text-darkgreen mb-2\">\u00c9tlap \u00e9s k\u00edn\u00e1lat<\/h2><\/div><\/div><div id=\"panel-219-3-0-2\" class=\"so-panel widget widget_ndm-list panel-last-child\" data-index=\"8\" ><div\n\t\t\t\n\t\t\tclass=\"so-widget-ndm-list so-widget-ndm-list-default-d75171398898-219\"\n\t\t\t\n\t\t><ul class=\"ndm-list\">\t\t\t<li>\r\n\t\t\t\t<h3 class=\"ndm-list__title\">Megtekinthet\u0151 online az \u00e9tlap?<\/h3><p class=\"mb-0\">Igen, kattints a Men\u00fc opci\u00f3ra.<\/p>\t\t\t<\/li>\r\n\t\t\t\t\t<li>\r\n\t\t\t\t<h3 class=\"ndm-list__title\">V\u00e1ltozik az \u00e9tlap szezon\u00e1lisan?<\/h3><p class=\"mb-0\">Igen, id\u0151r\u0151l id\u0151re meg\u00fajulunk. \u00c1ltal\u00e1ban f\u00e9l\u00e9vente friss\u00edtj\u00fck az \u00e9tlapot \u00e9s igyeksz\u00fcnk minden szezonra \u00faj, izgalmas fog\u00e1sokkel k\u00e9sz\u00fclni, term\u00e9szetesen piszt\u00e1ci\u00e1ra hangolva.<\/p>\t\t\t<\/li>\r\n\t\t\t\t\t<li>\r\n\t\t\t\t<h3 class=\"ndm-list__title\">Van veget\u00e1ri\u00e1nus vagy veg\u00e1n v\u00e1laszt\u00e9k?<\/h3><p class=\"mb-0\">Igen, gondoltunk erre is. Fagylaltk\u00edn\u00e1latunkban k\u00fcl\u00f6n jel\u00f6lj\u00fck a veg\u00e1n opci\u00f3kat, k\u00f6zt\u00fck olyan klasszikusokat is, mint a veg\u00e1n csokol\u00e1d\u00e9. J\u00f3sz\u00edvvel aj\u00e1nljuk a veg\u00e1n piszt\u00e1cia fagylaltunkat is, amelynek \u00edze eg\u00e9szen k\u00fcl\u00f6nleges \u00edz\u00e9lm\u00e9nyt ny\u00fajt: tiszta piszt\u00e1cia, hiszen a tej nem nyomja el az \u00edz\u00e9t. Italainkat pedig sz\u00edvesen elk\u00e9sz\u00edtj\u00fck bors\u00f3- vagy zabtejjel, att\u00f3l f\u00fcgg\u0151en, mi esik j\u00f3l.<\/p>\t\t\t<\/li>\r\n\t\t\t\t\t<li>\r\n\t\t\t\t<h3 class=\"ndm-list__title\">Glut\u00e9nmentes \/ lakt\u00f3zmentes \u00e9telek el\u00e9rhet\u0151k?<\/h3><p class=\"mb-0\">Jelenleg sajnos nem tudunk glut\u00e9n- vagy lakt\u00f3zmentes \u00e9teleket biztos\u00edtani. Konyh\u00e1nk m\u00e9rete \u00e9s kialak\u00edt\u00e1sa miatt nem tudjuk garant\u00e1lni a keresztallerg\u00e9nekt\u0151l mentes elk\u00e9sz\u00edt\u00e9st \u00e9s vend\u00e9geink biztons\u00e1g\u00e1t minden esetben fontosabbnak tartjuk b\u00e1rmilyen kompromisszumn\u00e1l. Ha allergi\u00e1val vagy \u00e9rz\u00e9kenys\u00e9ggel \u00e9rkezel, k\u00e9rj\u00fck, ezt vedd figyelembe a l\u00e1togat\u00e1s el\u0151tt.<\/p>\t\t\t<\/li>\r\n\t\t\t\t\t<li>\r\n\t\t\t\t<h3 class=\"ndm-list__title\">K\u00f3ser \/ halal \u00e9telek el\u00e9rhet\u0151ek?<\/h3><p class=\"mb-0\">Jelenleg sajnos nem. Konyh\u00e1nk m\u00e9rete \u00e9s adotts\u00e1gai miatt nem tudjuk biztos\u00edtani a k\u00f3ser vagy halal el\u0151\u00edr\u00e1soknak megfelel\u0151, elk\u00fcl\u00f6n\u00edtett elk\u00e9sz\u00edt\u00e9st. Fontos sz\u00e1munkra, hogy csak olyan \u00edg\u00e9retet tegy\u00fcnk, amit teljes felel\u0151ss\u00e9ggel be is tudunk tartani.<\/p>\t\t\t<\/li>\r\n\t\t\t\t\t<li>\r\n\t\t\t\t<h3 class=\"ndm-list__title\">Vannak olyan \u00e9telek \u00e9s italok, amelyeket cukorbetegek is biztons\u00e1ggal fogyaszthatnak?<\/h3><p class=\"mb-0\">Jelenleg m\u00e9g nem k\u00edn\u00e1lunk kifejezetten cukorbetegek sz\u00e1m\u00e1ra kialak\u00edtott \u00e9teleket vagy italokat, de ezen a ter\u00fcleten fejleszt\u00e9s alatt \u00e1ll a k\u00edn\u00e1latunk. Addig is \u00e9des\u00edt\u0151szer k\u00e9rhet\u0151 \u00e9s koll\u00e9g\u00e1ink a helysz\u00ednen sz\u00edvesen seg\u00edtenek eligazodni, hogy a lehet\u0151s\u00e9gekhez m\u00e9rten a legmegfelel\u0151bb megold\u00e1st tal\u00e1ljuk.<\/p>\t\t\t<\/li>\r\n\t\t\t\t\t<li>\r\n\t\t\t\t<h3 class=\"ndm-list__title\">Az allerg\u00e9n inform\u00e1ci\u00f3k fel vannak t\u00fcntetve az \u00e9tlapon?<\/h3><p class=\"mb-0\">Igen.<\/p>\t\t\t<\/li>\r\n\t\t\t\t\t<li>\r\n\t\t\t\t<h3 class=\"ndm-list__title\">K\u00e1v\u00e9- \u00e9s teaspecialit\u00e1sok el\u00e9rhet\u0151k?<\/h3><p class=\"mb-0\">Igen - k\u00e1v\u00e9b\u00f3l \u00e9s match\u00e1b\u00f3l kifejezetten er\u0151sek vagyunk \ud83d\ude0a A k\u00e1v\u00e9 n\u00e1lunk alap, emellett sz\u00e9les matcha v\u00e1laszt\u00e9kkal is dolgozunk, k\u00fcl\u00f6nb\u00f6z\u0151 \u00edzvil\u00e1gokra hangolva. A tea k\u00edn\u00e1latunk jelenleg m\u00e9g form\u00e1l\u00f3dik, hamarosan ezen a ter\u00fcleten is b\u0151v\u00fcl\u00fcnk. Ha k\u00edv\u00e1ncsi vagy, hogy melyek azok a t\u00e9telek az \u00e9tlapon, melyeket a mi kedvenceink, keresd a z\u00f6ld sz\u00edves emojit a men\u00fcben!<\/p>\t\t\t<\/li>\r\n\t\t\t\t\t<li>\r\n\t\t\t\t<h3 class=\"ndm-list__title\">Vannak alkoholos italok is a k\u00edn\u00e1latban?<\/h3><p class=\"mb-0\">Folyamatban, maradj vel\u00fcnk, k\u00f6vess minket a k\u00f6z\u00f6ss\u00e9gi m\u00e9dia fel\u00fcleteinken \u00e9s \u00e9rtes\u00fclj az els\u0151k k\u00f6z\u00f6tt az \u00fajdons\u00e1gainkr\u00f3l.<\/p>\t\t\t<\/li>\r\n\t\t<\/ul><\/div><\/div><\/div><\/div><\/div><div id=\"pg-219-4\"  class=\"panel-grid panel-has-style\"  style=\"margin-bottom: px\" ><div style=\"padding: 0rem 0rem 5rem 0rem;\" class=\"panel-row-style panel-row-style-for-219-4\" ><div id=\"pgc-219-4-0\"  class=\"panel-grid-cell\" ><div id=\"panel-219-4-0-0\" class=\"so-panel widget widget_ndm-headings panel-first-child\" data-index=\"9\" style=\"margin-bottom: px\" ><div\n\t\t\t\n\t\t\tclass=\"so-widget-ndm-headings so-widget-ndm-headings-default-d75171398898-219\"\n\t\t\t\n\t\t><h2 class=\"ndm-heading text-start text-darkgreen mb-2\">Asztalfoglal\u00e1s<\/h2><\/div><\/div><div id=\"panel-219-4-0-1\" class=\"so-panel widget widget_ndm-list panel-last-child\" data-index=\"10\" ><div\n\t\t\t\n\t\t\tclass=\"so-widget-ndm-list so-widget-ndm-list-default-d75171398898-219\"\n\t\t\t\n\t\t><ul class=\"ndm-list\">\t\t\t<li>\r\n\t\t\t\t<h3 class=\"ndm-list__title\">Sz\u00fcks\u00e9ges asztalt foglalni?<\/h3><p class=\"mb-0\">Nem \u00e9s sajnos nem is \u00e1ll m\u00f3dunkban asztalfoglal\u00e1sokat kezelni.<\/p>\t\t\t<\/li>\r\n\t\t\t\t\t<li>\r\n\t\t\t\t<h3 class=\"ndm-list__title\">Fogadnak nagyobb t\u00e1rsas\u00e1gokat?<\/h3><p class=\"mb-0\">Term\u00e9szetesen igen, amennyiben van el\u00e9g szabad hely, asztal.<\/p>\t\t\t<\/li>\r\n\t\t<\/ul><\/div><\/div><\/div><\/div><\/div><div id=\"pg-219-5\"  class=\"panel-grid panel-has-style\"  style=\"margin-bottom: px\" ><div style=\"padding: 0rem 0rem 5rem 0rem;\" class=\"panel-row-style panel-row-style-for-219-5\" ><div id=\"pgc-219-5-0\"  class=\"panel-grid-cell\" ><div id=\"panel-219-5-0-0\" class=\"so-panel widget widget_ndm-headings panel-first-child\" data-index=\"11\" style=\"margin-bottom: px\" ><div\n\t\t\t\n\t\t\tclass=\"so-widget-ndm-headings so-widget-ndm-headings-default-d75171398898-219\"\n\t\t\t\n\t\t><h2 class=\"ndm-heading text-start text-darkgreen mb-2\">H\u00e1zhozsz\u00e1ll\u00edt\u00e1s\/elvitel<\/h2><\/div><\/div><div id=\"panel-219-5-0-1\" class=\"so-panel widget widget_ndm-list panel-last-child\" data-index=\"12\" ><div\n\t\t\t\n\t\t\tclass=\"so-widget-ndm-list so-widget-ndm-list-default-d75171398898-219\"\n\t\t\t\n\t\t><ul class=\"ndm-list\">\t\t\t<li>\r\n\t\t\t\t<h3 class=\"ndm-list__title\">Van lehet\u0151s\u00e9g elvitelre rendelni?<\/h3><p class=\"mb-0\">Igen - mi is azok k\u00f6z\u00e9 tartozunk, akik szerint egy j\u00f3 k\u00e1v\u00e9 s\u00e9t\u00e1lva az igazi. Elvitelre k\u00fcl\u00f6n\u00f6sen aj\u00e1nljuk piszt\u00e1ci\u00e1s p\u00e9ks\u00fctem\u00e9ny- \u00e9s cukr\u00e1szs\u00fcti k\u00edn\u00e1latunkat, valamint k\u00e1v\u00e9inkat \u00e9s italk\u00fcl\u00f6nlegess\u00e9geinket, ak\u00e1r canbe t\u00f6ltve, \u00fatra k\u00e9szen. Ha csak bekapn\u00e1l valamit, vagy vinn\u00e9d magaddal az \u00e9lm\u00e9nyt - megoldjuk.<\/p>\t\t\t<\/li>\r\n\t\t\t\t\t<li>\r\n\t\t\t\t<h3 class=\"ndm-list__title\">Lehets\u00e9ges h\u00e1zhozsz\u00e1ll\u00edt\u00e1st k\u00e9rni? Milyen rendel\u00e9si csatorn\u00e1kon lehet rendelni?<\/h3><p class=\"mb-0\">Igen, hamarosan a Pink Pistachio Brunch Budapest is csatlakozik a legismertebb h\u00e1zhozsz\u00e1ll\u00edt\u00e1si h\u00e1l\u00f3zatokhoz.<\/p>\t\t\t<\/li>\r\n\t\t<\/ul><\/div><\/div><\/div><\/div><\/div><div id=\"pg-219-6\"  class=\"panel-grid panel-has-style\"  style=\"margin-bottom: px\" ><div style=\"padding: 0rem 0rem 5rem 0rem;\" class=\"panel-row-style panel-row-style-for-219-6\" ><div id=\"pgc-219-6-0\"  class=\"panel-grid-cell\" ><div id=\"panel-219-6-0-0\" class=\"so-panel widget widget_ndm-headings panel-first-child\" data-index=\"13\" style=\"margin-bottom: px\" ><div\n\t\t\t\n\t\t\tclass=\"so-widget-ndm-headings so-widget-ndm-headings-default-d75171398898-219\"\n\t\t\t\n\t\t><h2 class=\"ndm-heading text-start text-darkgreen mb-2\">Fizet\u00e9si m\u00f3dok<\/h2><\/div><\/div><div id=\"panel-219-6-0-1\" class=\"so-panel widget widget_ndm-list panel-last-child\" data-index=\"14\" ><div\n\t\t\t\n\t\t\tclass=\"so-widget-ndm-list so-widget-ndm-list-default-d75171398898-219\"\n\t\t\t\n\t\t><ul class=\"ndm-list\">\t\t\t<li>\r\n\t\t\t\t<h3 class=\"ndm-list__title\">Milyen fizet\u00e9si m\u00f3dok elfogadottak?<\/h3><p class=\"mb-0\">K\u00e9szp\u00e9nzzel \u00e9s bankk\u00e1rty\u00e1val is tudsz fizetni. \u00c1raink forintban \u00e9rtend\u0151k, \u00e9s az \u00c1FA-t tartalmazz\u00e1k.<\/p>\t\t\t<\/li>\r\n\t\t\t\t\t<li>\r\n\t\t\t\t<h3 class=\"ndm-list__title\">Elfogadnak SZ\u00c9P-k\u00e1rty\u00e1t?<\/h3><p class=\"mb-0\">Sajnos a Pink Pistachio Brunch Budapesten m\u00e9g nem kezel SZ\u00c9P-k\u00e1rty\u00e1t.<\/p>\t\t\t<\/li>\r\n\t\t\t\t\t<li>\r\n\t\t\t\t<h3 class=\"ndm-list__title\">Tartalmaz szerv\u00edzd\u00edjat a sz\u00e1mla?<\/h3><p class=\"mb-0\">Nem, a sz\u00e1mla nem tartalmaz szerv\u00edzd\u00edjat. Ha j\u00f3l \u00e9rezted magad n\u00e1lunk \u00e9s szeretn\u00e9d ezt jelezni, a borraval\u00f3t koll\u00e9g\u00e1ink nagy \u00f6r\u00f6mmel fogadj\u00e1k, de term\u00e9szetesen ez mindig a Te d\u00f6nt\u00e9sed \u00e9s el\u0151re is nagyon k\u00f6sz\u00f6nj\u00fck.<\/p>\t\t\t<\/li>\r\n\t\t<\/ul><\/div><\/div><\/div><\/div><\/div><div id=\"pg-219-7\"  class=\"panel-grid panel-has-style\"  style=\"margin-bottom: px\" ><div style=\"padding: 0rem 0rem 5rem 0rem;\" class=\"panel-row-style panel-row-style-for-219-7\" ><div id=\"pgc-219-7-0\"  class=\"panel-grid-cell\" ><div id=\"panel-219-7-0-0\" class=\"so-panel widget widget_ndm-headings panel-first-child\" data-index=\"15\" style=\"margin-bottom: px\" ><div\n\t\t\t\n\t\t\tclass=\"so-widget-ndm-headings so-widget-ndm-headings-default-d75171398898-219\"\n\t\t\t\n\t\t><h2 class=\"ndm-heading text-start text-darkgreen mb-2\">Visszajelz\u00e9sek, k\u00f6z\u00f6ss\u00e9gi m\u00e9dia megjelen\u00e9sek<\/h2><\/div><\/div><div id=\"panel-219-7-0-1\" class=\"so-panel widget widget_ndm-list panel-last-child\" data-index=\"16\" ><div\n\t\t\t\n\t\t\tclass=\"so-widget-ndm-list so-widget-ndm-list-default-d75171398898-219\"\n\t\t\t\n\t\t><ul class=\"ndm-list\">\t\t\t<li>\r\n\t\t\t\t<h3 class=\"ndm-list__title\">Hol lehet \u00e9rt\u00e9kel\u00e9st \u00edrni?<\/h3><p class=\"mb-0\">A legjobban a Google Maps fel\u00fclet\u00e9n \u00f6r\u00fcl\u00fcnk a visszajelz\u00e9seknek. Ha van kedved, k\u00fcl\u00f6n\u00f6sen nagyra \u00e9rt\u00e9kelj\u00fck a k\u00e9pekkel kieg\u00e9sz\u00edtett \u00e9rt\u00e9kel\u00e9seket - ezek sokat seg\u00edtenek nek\u00fcnk \u00e9s a j\u00f6v\u0151beli vend\u00e9geinknek is. K\u00f6sz\u00f6nj\u00fck, ha megosztod a tapasztalatod!\ud83d\udc9a<\/p>\t\t\t<\/li>\r\n\t\t\t\t\t<li>\r\n\t\t\t\t<h3 class=\"ndm-list__title\">Hogyan kezelik a vend\u00e9gvisszajelz\u00e9seket?<\/h3><p class=\"mb-0\">Nagyon komolyan vessz\u00fck \u0151ket. A vend\u00e9gvisszajelz\u00e9sek feldolgoz\u00e1s\u00e1val k\u00fcl\u00f6n csapat foglalkozik, mert hissz\u00fck, hogy ezekb\u0151l lehet igaz\u00e1n fejl\u0151dni. A dics\u00e9retek meger\u0151s\u00edtenek minket, az \u00e9p\u00edt\u0151 \u00e9szrev\u00e9telek pedig seg\u00edtenek abban, hogy m\u00e9g jobbak legy\u00fcnk.<\/p>\t\t\t<\/li>\r\n\t\t\t\t\t<li>\r\n\t\t\t\t<h3 class=\"ndm-list__title\">K\u00f6vethet\u0151 az \u00e9tterem k\u00f6z\u00f6ss\u00e9gi m\u00e9di\u00e1ban?<\/h3><p class=\"mb-0\">Persze, a Pink Pistachio Brunch Budapest megtal\u00e1lhat\u00f3 az \u00f6sszes csatorn\u00e1n, keress minket Instagramok, Facebookon valamint a TikTokon is.<\/p>\t\t\t<\/li>\r\n\t\t\t\t\t<li>\r\n\t\t\t\t<h3 class=\"ndm-list__title\">Van lehet\u0151s\u00e9g influenszer\/UGC egy\u00fcttm\u0171k\u00f6d\u00e9sekre? <\/h3><p class=\"mb-0\">Igen, nyitottak vagyunk influenszer \u00e9s UGC egy\u00fcttm\u0171k\u00f6d\u00e9sekre. Ha \u00fagy \u00e9rzed, hogy passzol a vil\u00e1gunk a tartalmaidhoz, \u00edrj nek\u00fcnk Instagram DM-ben, ott tudunk a leggyorsabban egyeztetni.<\/p>\t\t\t<\/li>\r\n\t\t<\/ul><\/div><\/div><\/div><\/div><\/div><div id=\"pg-219-8\"  class=\"panel-grid panel-has-style\" ><div style=\"padding: 0rem 0rem 5rem 0rem;\" class=\"panel-row-style panel-row-style-for-219-8\" ><div id=\"pgc-219-8-0\"  class=\"panel-grid-cell\" ><div id=\"panel-219-8-0-0\" class=\"so-panel widget widget_ndm-headings panel-first-child panel-last-child\" data-index=\"17\" ><div\n\t\t\t\n\t\t\tclass=\"so-widget-ndm-headings so-widget-ndm-headings-default-d75171398898-219\"\n\t\t\t\n\t\t><h4 class=\"ndm-heading text-start text-darkgreen mb-2\">Ha a Pink Pistachio Brunch GYIK \u00e1tolvas\u00e1sa ut\u00e1n is maradt k\u00e9rd\u00e9sed, vedd fel vel\u00fcnk b\u00e1tran a kapcsolatot, vagy l\u00e1togass el hozz\u00e1nk szem\u00e9lyesen Budapest sz\u00edv\u00e9ben.<\/h4><\/div><\/div><\/div><\/div><\/div><\/div>","protected":false},"excerpt":{"rendered":"<p>Ha a Brunch Budapest k\u00f6r\u00fcli k\u00e9rd\u00e9sekre keresel gyors, egy\u00e9rtelm\u0171 v\u00e1laszokat, j\u00f3 helyen j\u00e1rsz: itt \u00f6sszegy\u0171jt\u00f6tt\u00fck a Pink Pistachio Brunch legfontosabb tudnival\u00f3it a nyitvatart\u00e1st\u00f3l a foglal\u00e1sig.<\/p>\n","protected":false},"author":2,"featured_media":0,"parent":0,"menu_order":4,"comment_status":"closed","ping_status":"closed","template":"no-margins.php","meta":{"_acf_changed":false,"footnotes":""},"class_list":["post-219","page","type-page","status-publish","hentry"],"acf":[],"_links":{"self":[{"href":"https:\/\/pinkpistachio.hu\/hu\/wp-json\/wp\/v2\/pages\/219","targetHints":{"allow":["GET"]}}],"collection":[{"href":"https:\/\/pinkpistachio.hu\/hu\/wp-json\/wp\/v2\/pages"}],"about":[{"href":"https:\/\/pinkpistachio.hu\/hu\/wp-json\/wp\/v2\/types\/page"}],"author":[{"embeddable":true,"href":"https:\/\/pinkpistachio.hu\/hu\/wp-json\/wp\/v2\/users\/2"}],"replies":[{"embeddable":true,"href":"https:\/\/pinkpistachio.hu\/hu\/wp-json\/wp\/v2\/comments?post=219"}],"version-history":[{"count":0,"href":"https:\/\/pinkpistachio.hu\/hu\/wp-json\/wp\/v2\/pages\/219\/revisions"}],"wp:attachment":[{"href":"https:\/\/pinkpistachio.hu\/hu\/wp-json\/wp\/v2\/media?parent=219"}],"curies":[{"name":"wp","href":"https:\/\/api.w.org\/{rel}","templated":true}]}}