{"id":210,"date":"2026-01-23T08:45:04","date_gmt":"2026-01-23T07:45:04","guid":{"rendered":"https:\/\/pinkpistachio.hu\/brunch-budapest-experience\/"},"modified":"2026-02-05T10:41:28","modified_gmt":"2026-02-05T09:41:28","slug":"brunch-budapest-belvaros-5kerulet","status":"publish","type":"page","link":"https:\/\/pinkpistachio.hu\/hu\/brunch-budapest-belvaros-5kerulet\/","title":{"rendered":"Kinek aj\u00e1nljuk?"},"content":{"rendered":"<div id=\"pl-210\"  class=\"panel-layout\" ><div id=\"pg-210-0\"  class=\"panel-grid panel-has-style\"  style=\"margin-bottom: px\" ><div class=\"siteorigin-panels-stretch panel-row-style panel-row-style-for-210-0\" data-stretch-type=\"full\" ><div id=\"pgc-210-0-0\"  class=\"panel-grid-cell\" ><div id=\"panel-210-0-0-0\" class=\"so-panel widget widget_ndm-headings panel-first-child panel-last-child\" data-index=\"0\" ><div\n\t\t\t\n\t\t\tclass=\"so-widget-ndm-headings so-widget-ndm-headings-default-d75171398898-210\"\n\t\t\t\n\t\t><h2 class=\"ndm-heading text-start text-darkgreen mb-2\">A Pink Pistachio Brunch azoknak k\u00edn\u00e1l val\u00f3di brunch Budapest \u00e9lm\u00e9nyt, akik t\u00f6bbre v\u00e1gynak egy egyszer\u0171 \u00e9tkez\u00e9sn\u00e9l.<\/h2><\/div><\/div><\/div><\/div><\/div><div id=\"pg-210-1\"  class=\"panel-grid panel-has-style\"  style=\"margin-bottom: px\" ><div class=\"panel-row-style panel-row-style-for-210-1\" ><div id=\"pgc-210-1-0\"  class=\"panel-grid-cell\" ><div id=\"panel-210-1-0-0\" class=\"so-panel widget widget_ndm-img-block panel-first-child panel-last-child\" data-index=\"1\" ><div\n\t\t\t\n\t\t\tclass=\"so-widget-ndm-img-block so-widget-ndm-img-block-default-d75171398898-210\"\n\t\t\t\n\t\t><div class=\"ndm-ib d-flex flex-column flex-lg-row align-items-lg-center\">        <picture class=\"ndm-ib__img d-block\">\n        <img loading=\"lazy\" decoding=\"async\" width=\"660\" height=\"660\" src=\"https:\/\/pinkpistachio.hu\/wp-content\/uploads\/2026\/01\/fw-img-1-660x660.jpg\" class=\"attachment-img_desktop_6col size-img_desktop_6col\" alt=\"Piszt\u00e1ci\u00e1s French Toast brunch fog\u00e1s Budapesten a Pink Pistachio Brunchn\u00e1l, piszt\u00e1ci\u00e1s kr\u00e9mmel, eperkomp\u00f3ttal \u00e9s mogyor\u00f3\u2013piszt\u00e1cia morzs\u00e1val r\u00e9tegezve\" title=\"Pistachio French Toast k\u00e9p &#8211; brunch men\u00fc\" srcset=\"https:\/\/pinkpistachio.hu\/wp-content\/uploads\/2026\/01\/fw-img-1.jpg 800w, https:\/\/pinkpistachio.hu\/wp-content\/uploads\/2026\/01\/fw-img-1-768x768.jpg 768w, https:\/\/pinkpistachio.hu\/wp-content\/uploads\/2026\/01\/fw-img-1-233x233.jpg 233w, https:\/\/pinkpistachio.hu\/wp-content\/uploads\/2026\/01\/fw-img-1-480x480.jpg 480w, https:\/\/pinkpistachio.hu\/wp-content\/uploads\/2026\/01\/fw-img-1-310x310.jpg 310w, https:\/\/pinkpistachio.hu\/wp-content\/uploads\/2026\/01\/fw-img-1-427x427.jpg 427w, https:\/\/pinkpistachio.hu\/wp-content\/uploads\/2026\/01\/fw-img-1-660x660.jpg 660w\" sizes=\"auto, (max-width: 660px) 100vw, 660px\" \/>        <\/picture>\n        <div class=\"ndm-ib__content\"><h2 class=\"mb-2\">Brunch Budapest azoknak, akik nem csak enni j\u00f6nnek - gyere a hangulat\u00e9rt, maradj az \u00e9lm\u00e9ny\u00e9rt<\/h2><p><strong data-start=\"2172\" data-end=\"2206\">A brunch Budapest belv\u00e1ros\u00e1ban<\/strong> azoknak sz\u00f3l igaz\u00e1n, akik nem \u201ebeugranak\u201d, hanem meg\u00e9rkeznek. A <a href=\"https:\/\/www.instagram.com\/pinkpistachio.hu\/\"><strong data-start=\"2271\" data-end=\"2296\">Pink Pistachio Brunch<\/strong><\/a> vend\u00e9gei szeretik, ha egy helynek hangulata, ritmusa \u00e9s karaktere van \u2013 ahol nem csak az \u00e9tel sz\u00e1m\u00edt, hanem az \u00e9lm\u00e9ny is, amit magukkal visznek.<\/p>\n<p>Fot\u00f3: Forg\u00e1cs Zsuzsi - We Love Budapest<\/p>\n<\/div><\/div><\/div><\/div><\/div><\/div><\/div><div id=\"pg-210-2\"  class=\"panel-grid panel-has-style\"  style=\"margin-bottom: px\" ><div class=\"siteorigin-panels-stretch panel-row-style panel-row-style-for-210-2\" data-stretch-type=\"full\" ><div id=\"pgc-210-2-0\"  class=\"panel-grid-cell\" ><div id=\"panel-210-2-0-0\" class=\"so-panel widget widget_ndm-img-block panel-first-child panel-last-child\" data-index=\"2\" ><div\n\t\t\t\n\t\t\tclass=\"so-widget-ndm-img-block so-widget-ndm-img-block-default-d75171398898-210\"\n\t\t\t\n\t\t><div class=\"ndm-ib d-flex flex-column flex-lg-row flex-lg-row-reverse align-items-lg-center\">        <picture class=\"ndm-ib__img d-block\">\n        <img loading=\"lazy\" decoding=\"async\" width=\"660\" height=\"660\" src=\"https:\/\/pinkpistachio.hu\/wp-content\/uploads\/2026\/01\/fw-img-2-660x660.jpg\" class=\"attachment-img_desktop_6col size-img_desktop_6col\" alt=\"T\u00f6k\u00e9letes brunch helysz\u00edn Budapesten, a Bazilika mellett\" title=\"Pink Pistachio Brunch Budapest belv\u00e1ros\" srcset=\"https:\/\/pinkpistachio.hu\/wp-content\/uploads\/2026\/01\/fw-img-2.jpg 800w, https:\/\/pinkpistachio.hu\/wp-content\/uploads\/2026\/01\/fw-img-2-768x768.jpg 768w, https:\/\/pinkpistachio.hu\/wp-content\/uploads\/2026\/01\/fw-img-2-233x233.jpg 233w, https:\/\/pinkpistachio.hu\/wp-content\/uploads\/2026\/01\/fw-img-2-480x480.jpg 480w, https:\/\/pinkpistachio.hu\/wp-content\/uploads\/2026\/01\/fw-img-2-310x310.jpg 310w, https:\/\/pinkpistachio.hu\/wp-content\/uploads\/2026\/01\/fw-img-2-427x427.jpg 427w, https:\/\/pinkpistachio.hu\/wp-content\/uploads\/2026\/01\/fw-img-2-660x660.jpg 660w\" sizes=\"auto, (max-width: 660px) 100vw, 660px\" \/>        <\/picture>\n        <div class=\"ndm-ib__content\"><h2 class=\"mb-2\">Ha fontos neked a min\u0151s\u00e9g (\u00e9s \u00e9szre is veszed)<\/h2><p>Neked aj\u00e1nljuk, ha \u00e9rt\u00e9keled a pr\u00e9mium alapanyagokat, a h\u00e1zi k\u00e9sz\u00edt\u00e9s\u0171 megold\u00e1sokat \u00e9s azt, amikor egy \u00edz m\u00f6g\u00f6tt gondolkod\u00e1s van. Ha szereted, amikor egy <a href=\"https:\/\/pinkpistachio.hu\/menu\/\">k\u00e1v\u00e9<\/a> nem \u201ecsak k\u00e1v\u00e9\u201d, egy brunch nem \u201ecsak brunch\u201d \u00e9s a piszt\u00e1cia nem d\u00edsz, hanem f\u0151szerepl\u0151.<\/p>\n<p><span style=\"font-weight: 400\">Ha nem is hiszel a piszt\u00e1cia erej\u00e9ben, n\u00e1lunk akkor is megtal\u00e1lod a sz\u00e1m\u00edt\u00e1sodat: k\u00f3stold meg t\u00f6k\u00e9letesen elk\u00e9sz\u00edtett toj\u00e1sr\u00e1ntott\u00e1nkat (lazaccal is k\u00e9rhet\u0151) vagy a k\u00fcl\u00f6nleges pr\u00e9mium angol reggelinket, garant\u00e1ljuk, hogy mindkett\u0151t szeretni fogod.<\/span><\/p>\n<p>Fot\u00f3: Forg\u00e1cs Zsuzsi - We Love Budapest<\/p>\n<\/div><\/div><\/div><\/div><\/div><\/div><\/div><div id=\"pg-210-3\"  class=\"panel-grid panel-has-style\"  style=\"margin-bottom: px\" ><div class=\"panel-row-style panel-row-style-for-210-3\" ><div id=\"pgc-210-3-0\"  class=\"panel-grid-cell\" ><div id=\"panel-210-3-0-0\" class=\"so-panel widget widget_ndm-img-block panel-first-child panel-last-child\" data-index=\"3\" ><div\n\t\t\t\n\t\t\tclass=\"so-widget-ndm-img-block so-widget-ndm-img-block-default-d75171398898-210\"\n\t\t\t\n\t\t><div class=\"ndm-ib d-flex flex-column flex-lg-row align-items-lg-center\">        <picture class=\"ndm-ib__img d-block\">\n        <img loading=\"lazy\" decoding=\"async\" width=\"660\" height=\"660\" src=\"https:\/\/pinkpistachio.hu\/wp-content\/uploads\/2026\/01\/fw-img-3-660x660.jpg\" class=\"attachment-img_desktop_6col size-img_desktop_6col\" alt=\"Jeges r\u00f3zsasz\u00edn grapefruit \u00edz\u0171 alapra t\u00f6lt\u00f6tt matcha, can-be dobozolva Budapesten, egy belv\u00e1rosi k\u00e1v\u00e9z\u00f3ban\" title=\"Pink Pistachio Brunch Budapest Matcha\" srcset=\"https:\/\/pinkpistachio.hu\/wp-content\/uploads\/2026\/01\/fw-img-3.jpg 800w, https:\/\/pinkpistachio.hu\/wp-content\/uploads\/2026\/01\/fw-img-3-768x768.jpg 768w, https:\/\/pinkpistachio.hu\/wp-content\/uploads\/2026\/01\/fw-img-3-233x233.jpg 233w, https:\/\/pinkpistachio.hu\/wp-content\/uploads\/2026\/01\/fw-img-3-480x480.jpg 480w, https:\/\/pinkpistachio.hu\/wp-content\/uploads\/2026\/01\/fw-img-3-310x310.jpg 310w, https:\/\/pinkpistachio.hu\/wp-content\/uploads\/2026\/01\/fw-img-3-427x427.jpg 427w, https:\/\/pinkpistachio.hu\/wp-content\/uploads\/2026\/01\/fw-img-3-660x660.jpg 660w\" sizes=\"auto, (max-width: 660px) 100vw, 660px\" \/>        <\/picture>\n        <div class=\"ndm-ib__content\"><h2 class=\"mb-2\">Ha szeretsz kiszakadni (de nem akarsz t\u00falmagyar\u00e1zott fine diningot)<\/h2><p>Ha j\u00f3l esik n\u00e9ha kil\u00e9pni a h\u00e9tk\u00f6znapokb\u00f3l, de nem keresel feszeng\u00e9st vagy merev szab\u00e1lyokat. Ha szereted a laza, feln\u0151ttbar\u00e1t k\u00f6zeget, ahol lehet besz\u00e9lgetni, nevetni \u00e9s k\u00f6zben j\u00f3t enni, j\u00f3t inni.<\/p>\n<p>Fot\u00f3: Forg\u00e1cs Zsuzsi - We Love Budapest<\/p>\n<\/div><\/div><\/div><\/div><\/div><\/div><\/div><div id=\"pg-210-4\"  class=\"panel-grid panel-has-style\"  style=\"margin-bottom: px\" ><div class=\"siteorigin-panels-stretch panel-row-style panel-row-style-for-210-4\" data-stretch-type=\"full\" ><div id=\"pgc-210-4-0\"  class=\"panel-grid-cell\" ><div id=\"panel-210-4-0-0\" class=\"so-panel widget widget_ndm-img-block panel-first-child panel-last-child\" data-index=\"4\" ><div\n\t\t\t\n\t\t\tclass=\"so-widget-ndm-img-block so-widget-ndm-img-block-default-d75171398898-210\"\n\t\t\t\n\t\t><div class=\"ndm-ib d-flex flex-column flex-lg-row flex-lg-row-reverse align-items-lg-center\">        <picture class=\"ndm-ib__img d-block\">\n        <img loading=\"lazy\" decoding=\"async\" width=\"660\" height=\"660\" src=\"https:\/\/pinkpistachio.hu\/wp-content\/uploads\/2026\/01\/fw-img-4-660x660.jpg\" class=\"attachment-img_desktop_6col size-img_desktop_6col\" alt=\"Piszt\u00e1ci\u00e1s French Toast brunch fog\u00e1s Budapesten a Pink Pistachio Brunchn\u00e1l, piszt\u00e1ci\u00e1s kr\u00e9mmel, eperkomp\u00f3ttal \u00e9s mogyor\u00f3\u2013piszt\u00e1cia morzs\u00e1val r\u00e9tegezve\" title=\"Piszt\u00e1ci\u00e1s French Toast brunch men\u00fc \u2013 Budapest | Pink Pistachio Brunch\" srcset=\"https:\/\/pinkpistachio.hu\/wp-content\/uploads\/2026\/01\/fw-img-4.jpg 800w, https:\/\/pinkpistachio.hu\/wp-content\/uploads\/2026\/01\/fw-img-4-768x768.jpg 768w, https:\/\/pinkpistachio.hu\/wp-content\/uploads\/2026\/01\/fw-img-4-233x233.jpg 233w, https:\/\/pinkpistachio.hu\/wp-content\/uploads\/2026\/01\/fw-img-4-480x480.jpg 480w, https:\/\/pinkpistachio.hu\/wp-content\/uploads\/2026\/01\/fw-img-4-310x310.jpg 310w, https:\/\/pinkpistachio.hu\/wp-content\/uploads\/2026\/01\/fw-img-4-427x427.jpg 427w, https:\/\/pinkpistachio.hu\/wp-content\/uploads\/2026\/01\/fw-img-4-660x660.jpg 660w\" sizes=\"auto, (max-width: 660px) 100vw, 660px\" \/>        <\/picture>\n        <div class=\"ndm-ib__content\"><h2 class=\"mb-2\">Ha randi helysz\u00ednt keresel vagy tal\u00e1lkoz\u00f3ra k\u00e9sz\u00fclsz<\/h2><p>Aj\u00e1nljuk bar\u00e1ti tal\u00e1lkoz\u00f3khoz, \u00fczleti besz\u00e9lget\u00e9sekhez, randikhoz \u00e9s azokhoz a pillanatokhoz is, amikor csak magadnak sz\u00e1nsz egy \u00f3r\u00e1t.<\/p>\n<p>Fot\u00f3: Forg\u00e1cs Zsuzsi - We Love Budapest<\/p>\n<\/div><\/div><\/div><\/div><\/div><\/div><\/div><div id=\"pg-210-5\"  class=\"panel-grid panel-has-style\"  style=\"margin-bottom: px\" ><div class=\"panel-row-style panel-row-style-for-210-5\" ><div id=\"pgc-210-5-0\"  class=\"panel-grid-cell\" ><div id=\"panel-210-5-0-0\" class=\"so-panel widget widget_ndm-img-block panel-first-child panel-last-child\" data-index=\"5\" ><div\n\t\t\t\n\t\t\tclass=\"so-widget-ndm-img-block so-widget-ndm-img-block-default-d75171398898-210\"\n\t\t\t\n\t\t><div class=\"ndm-ib d-flex flex-column flex-lg-row align-items-lg-center\">        <picture class=\"ndm-ib__img d-block\">\n        <img loading=\"lazy\" decoding=\"async\" width=\"660\" height=\"660\" src=\"https:\/\/pinkpistachio.hu\/wp-content\/uploads\/2026\/01\/fw-img-5-660x660.jpg\" class=\"attachment-img_desktop_6col size-img_desktop_6col\" alt=\"Piszt\u00e1ci\u00e1s kr\u00e9mmel t\u00f6lt\u00f6tt New York rolls in Budapesten a Pink Pistachio Brunchban\" title=\"Piszt\u00e1ci\u00e1s New York Rolls \u2013 Budapesten| Pink Pistachio Brunch\" srcset=\"https:\/\/pinkpistachio.hu\/wp-content\/uploads\/2026\/01\/fw-img-5.jpg 800w, https:\/\/pinkpistachio.hu\/wp-content\/uploads\/2026\/01\/fw-img-5-768x768.jpg 768w, https:\/\/pinkpistachio.hu\/wp-content\/uploads\/2026\/01\/fw-img-5-233x233.jpg 233w, https:\/\/pinkpistachio.hu\/wp-content\/uploads\/2026\/01\/fw-img-5-480x480.jpg 480w, https:\/\/pinkpistachio.hu\/wp-content\/uploads\/2026\/01\/fw-img-5-310x310.jpg 310w, https:\/\/pinkpistachio.hu\/wp-content\/uploads\/2026\/01\/fw-img-5-427x427.jpg 427w, https:\/\/pinkpistachio.hu\/wp-content\/uploads\/2026\/01\/fw-img-5-660x660.jpg 660w\" sizes=\"auto, (max-width: 660px) 100vw, 660px\" \/>        <\/picture>\n        <div class=\"ndm-ib__content\"><h2 class=\"mb-2\">Turist\u00e1knak aj\u00e1nljuk \u2013 brunch Budapest egyik legsz\u00ednesebb \u00e9lm\u00e9nye<\/h2><p>A Pink Pistachio Brunch nem v\u00e9letlen\u00fcl v\u00e1lt turistaparadicsomm\u00e1. Vend\u00e9geink nagy r\u00e9sze a vil\u00e1g k\u00fcl\u00f6nb\u00f6z\u0151 pontjair\u00f3l \u00e9rkezik \u00e9s pontosan azt tal\u00e1lja meg n\u00e1lunk, amit Budapesten keres: egy igaz\u00e1n eml\u00e9kezetes, k\u00fcl\u00f6nleges \u00e9lm\u00e9nyt.<\/p>\n<p><strong>Instagrammable \u00e9s b\u00fcszk\u00e9k vagyunk r\u00e1.<\/strong><br \/>\nEz egy kifejezetten fot\u00f3bar\u00e1t, trendi hely. Sz\u00ednek, text\u00far\u00e1k, t\u00e1lal\u00e1s, enteri\u0151r, minden tudatosan \u00fagy lett megalkotva, hogy ne csak j\u00f3l essen, hanem j\u00f3l is mutasson. De n\u00e1lunk a l\u00e1tv\u00e1ny nem \u00f6nmag\u00e1\u00e9rt van. A \u201emen\u0151\u201d \u00e9s a \u201etrendi\u201d nem megy a min\u0151s\u00e9g rov\u00e1s\u00e1ra, \u00e9pp ellenkez\u0151leg: a tartalom \u00e9s a vizualit\u00e1s egy\u00fctt m\u0171k\u00f6dik.<\/p>\n<p><strong>T\u00f6bb mint egy becsekkol\u00e1s vagy fot\u00f3meg\u00e1ll\u00f3<\/strong><br \/>\nA Pink Pistachio Brunch nem csak egy hely, ahol \u201ej\u00f3 k\u00e9peket lehet csin\u00e1lni\u201d. Ez egy olyan brunch spot, ahol a l\u00e1tv\u00e1ny m\u00f6g\u00f6tt val\u00f3di \u00e9rt\u00e9k van: h\u00e1zi k\u00e9sz\u00edt\u00e9s\u0171 fog\u00e1sok, signature italok, piszt\u00e1ci\u00e1ra hangolt \u00edzek \u00e9s egy hangulat, amit nem csak lefot\u00f3zol \u2013 hanem magaddal is viszel.<\/p>\n<p><strong>Ha Budapesten j\u00e1rsz (\u00e9s nem tucathelyet keresel)<\/strong><br \/>\nHa utaz\u00f3k\u00e9nt olyan helyet keresel, amit j\u00f3 sz\u00edvvel aj\u00e1nlasz tov\u00e1bb, ahov\u00e1 sz\u00edvesen visszagondolsz \u00e9s ami kil\u00f3g a megszokottb\u00f3l, akkor j\u00f3 helyen j\u00e1rsz. Legyen sz\u00f3 reggeli indul\u00e1sr\u00f3l, d\u00e9lut\u00e1ni meg\u00e1ll\u00f3r\u00f3l vagy egy ikonikus v\u00e1rosi \u00e9lm\u00e9nyr\u0151l a Pink Pistachio Brunch pont erre lett kital\u00e1lva.<\/p>\n<p>Fot\u00f3zz. K\u00f3stolj. Lass\u00edts. \u00c9s vidd haza magaddal Budapest egyik legtrendibb brunch eml\u00e9k\u00e9t.<\/p>\n<p>Fot\u00f3: Forg\u00e1cs Zsuzsi - We Love Budapest<\/p>\n<\/div><\/div><\/div><\/div><\/div><\/div><\/div><div id=\"pg-210-6\"  class=\"panel-grid panel-has-style\"  style=\"margin-bottom: px\" ><div class=\"siteorigin-panels-stretch panel-row-style panel-row-style-for-210-6\" data-stretch-type=\"full\" ><div id=\"pgc-210-6-0\"  class=\"panel-grid-cell\" ><div id=\"panel-210-6-0-0\" class=\"so-panel widget widget_ndm-img-block panel-first-child panel-last-child\" data-index=\"6\" ><div\n\t\t\t\n\t\t\tclass=\"so-widget-ndm-img-block so-widget-ndm-img-block-default-d75171398898-210\"\n\t\t\t\n\t\t><div class=\"ndm-ib d-flex flex-column flex-lg-row flex-lg-row-reverse align-items-lg-center\">        <picture class=\"ndm-ib__img d-block\">\n        <img loading=\"lazy\" decoding=\"async\" width=\"660\" height=\"660\" src=\"https:\/\/pinkpistachio.hu\/wp-content\/uploads\/2026\/01\/about-img-05-660x660.jpg\" class=\"attachment-img_desktop_6col size-img_desktop_6col\" alt=\"Jeges matcha elviteles ital a Pink Pistachio Bruncht\u00f3l a Szent Istv\u00e1n Bazilika el\u0151tt, Budapesten\" title=\"A te matcha pillanatod Budapest sz\u00edv\u00e9ben\" srcset=\"https:\/\/pinkpistachio.hu\/wp-content\/uploads\/2026\/01\/about-img-05.jpg 800w, https:\/\/pinkpistachio.hu\/wp-content\/uploads\/2026\/01\/about-img-05-768x768.jpg 768w, https:\/\/pinkpistachio.hu\/wp-content\/uploads\/2026\/01\/about-img-05-233x233.jpg 233w, https:\/\/pinkpistachio.hu\/wp-content\/uploads\/2026\/01\/about-img-05-480x480.jpg 480w, https:\/\/pinkpistachio.hu\/wp-content\/uploads\/2026\/01\/about-img-05-310x310.jpg 310w, https:\/\/pinkpistachio.hu\/wp-content\/uploads\/2026\/01\/about-img-05-427x427.jpg 427w, https:\/\/pinkpistachio.hu\/wp-content\/uploads\/2026\/01\/about-img-05-660x660.jpg 660w\" sizes=\"auto, (max-width: 660px) 100vw, 660px\" \/>        <\/picture>\n        <div class=\"ndm-ib__content\"><h2 class=\"mb-2\">Ha szereted az egyedis\u00e9get (nem a t\u00f6meget)<\/h2><p>Ha vonzanak a k\u00fcl\u00f6nleges \u00edzkombin\u00e1ci\u00f3k, a piszt\u00e1ci\u00e1ra hangolt fog\u00e1sok, a signature italok \u00e9s azok a helyek, amelyek nem mindenkinek akarnak megfelelni csak a saj\u00e1t k\u00f6z\u00f6ns\u00e9g\u00fcknek.<\/p>\n<p>\u00c9s kinek nem? \u0150szint\u00e9n? Annak, aki csak \u201egyorsan letudn\u00e1\u201d, akinek minden mindegy. Aki nem k\u00edv\u00e1ncsi az \u00edzekre, nem keresi a min\u0151s\u00e9get, nem figyel a r\u00e9szletekre vagy az \u00e9lm\u00e9nyre.<\/p>\n<p>Photo credit: Forg\u00e1cs Zsuzsi - We Love Budapest<\/p>\n<\/div><\/div><\/div><\/div><\/div><\/div><\/div><div id=\"pg-210-7\"  class=\"panel-grid panel-has-style\"  style=\"margin-bottom: px\" ><div class=\"siteorigin-panels-stretch panel-row-style panel-row-style-for-210-7\" data-stretch-type=\"full\" ><div id=\"pgc-210-7-0\"  class=\"panel-grid-cell\" ><div id=\"panel-210-7-0-0\" class=\"so-panel widget widget_ndm-img-block panel-first-child panel-last-child\" data-index=\"7\" ><div\n\t\t\t\n\t\t\tclass=\"so-widget-ndm-img-block so-widget-ndm-img-block-default-d75171398898-210\"\n\t\t\t\n\t\t><div class=\"ndm-ib d-flex flex-column flex-lg-row align-items-lg-center\">        <picture class=\"ndm-ib__img d-block\">\n        <img loading=\"lazy\" decoding=\"async\" width=\"660\" height=\"528\" src=\"https:\/\/pinkpistachio.hu\/wp-content\/uploads\/2026\/01\/strawberry-matcha-ice-cold-660x528.png\" class=\"attachment-img_desktop_6col size-img_desktop_6col\" alt=\"J\u00e9ghideg epres matcha can-be t\u00f6ltve Budapesten\" title=\"J\u00e9ghideg epres matcha can-be t\u00f6ltve\" srcset=\"https:\/\/pinkpistachio.hu\/wp-content\/uploads\/2026\/01\/strawberry-matcha-ice-cold.png 1000w, https:\/\/pinkpistachio.hu\/wp-content\/uploads\/2026\/01\/strawberry-matcha-ice-cold-768x614.png 768w, https:\/\/pinkpistachio.hu\/wp-content\/uploads\/2026\/01\/strawberry-matcha-ice-cold-233x186.png 233w, https:\/\/pinkpistachio.hu\/wp-content\/uploads\/2026\/01\/strawberry-matcha-ice-cold-480x384.png 480w, https:\/\/pinkpistachio.hu\/wp-content\/uploads\/2026\/01\/strawberry-matcha-ice-cold-310x248.png 310w, https:\/\/pinkpistachio.hu\/wp-content\/uploads\/2026\/01\/strawberry-matcha-ice-cold-427x342.png 427w, https:\/\/pinkpistachio.hu\/wp-content\/uploads\/2026\/01\/strawberry-matcha-ice-cold-660x528.png 660w, https:\/\/pinkpistachio.hu\/wp-content\/uploads\/2026\/01\/strawberry-matcha-ice-cold-894x715.png 894w\" sizes=\"auto, (max-width: 660px) 100vw, 660px\" \/>        <\/picture>\n        <div class=\"ndm-ib__content\"><h2 class=\"mb-2\">Fedezd fel a piszt\u00e1cia mennyorsz\u00e1got!<\/h2><p><b>Pink Pistachio Brunch Budapest<\/b><span style=\"font-weight: 400\"> \u2013 Egy k\u00fcl\u00f6nleges piszt\u00e1cia t\u00e9m\u00e1j\u00fa brunchoz\u00f3 a Bazilika mellett a Hercegpr\u00edm\u00e1s utc\u00e1ban, Budapest sz\u00edv\u00e9ben. Itt minden a piszt\u00e1ci\u00e1r\u00f3l sz\u00f3l: reggeli, \u00e9dess\u00e9gek, fagylalt, specialty k\u00e1v\u00e9k \u00e9s matcha italok, mind piszt\u00e1ci\u00e1s k\u00f6nt\u00f6sben, egy igazi piszt\u00e1cia mennyorsz\u00e1g. A l\u00e1tv\u00e1nyt \u00e9s az \u00e9lm\u00e9nyt fokozza a h\u00edres piszt\u00e1ci\u00e1s sz\u00f6k\u0151k\u00fat, ami seg\u00edts\u00e9g\u00e9vel k\u00e9sz\u00fcl a viral <\/span><b>Pistachio Strawberry<\/b><span style=\"font-weight: 400\">. Az italokat r\u00e1ad\u00e1sul nem hagyom\u00e1nyos poh\u00e1rban kapod: Budapesten els\u0151k\u00e9nt lez\u00e1rt <\/span><b>palackba, can-be <\/b><span style=\"font-weight: 400\">csomagolva viheted magaddal, t\u00f6k\u00e9letes v\u00e1rosfelfedez\u00e9shez, munk\u00e1ba \u00fatk\u00f6zben vagy aj\u00e1nd\u00e9kba.<\/span><\/p>\n<\/div><\/div><\/div><\/div><\/div><\/div><\/div><div id=\"pg-210-8\"  class=\"panel-grid panel-has-style\" ><div class=\"siteorigin-panels-stretch panel-row-style panel-row-style-for-210-8\" data-stretch-type=\"full\" ><div id=\"pgc-210-8-0\"  class=\"panel-grid-cell\" ><div id=\"panel-210-8-0-0\" class=\"so-panel widget widget_ndm-img-block panel-first-child panel-last-child\" data-index=\"8\" ><div\n\t\t\t\n\t\t\tclass=\"so-widget-ndm-img-block so-widget-ndm-img-block-default-d75171398898-210\"\n\t\t\t\n\t\t><div class=\"ndm-ib d-flex flex-column flex-lg-row flex-lg-row-reverse align-items-lg-center\">        <picture class=\"ndm-ib__img d-block\">\n        <img loading=\"lazy\" decoding=\"async\" width=\"660\" height=\"660\" src=\"https:\/\/pinkpistachio.hu\/wp-content\/uploads\/2026\/01\/fw-img-6-660x660.jpg\" class=\"attachment-img_desktop_6col size-img_desktop_6col\" alt=\"Sz\u00e9th\u00fazott, piszt\u00e1ci\u00e1val t\u00f6lt\u00f6tt p\u00e9ks\u00fctem\u00e9ny a Pink Pistachio Brunchn\u00e1l Budapesten\" title=\"Piszt\u00e1ci\u00e1val t\u00f6lt\u00f6tt p\u00e9ks\u00fctem\u00e9ny pillanat \u2013 Budapest | Pink Pistachio Brunch\" srcset=\"https:\/\/pinkpistachio.hu\/wp-content\/uploads\/2026\/01\/fw-img-6.jpg 800w, https:\/\/pinkpistachio.hu\/wp-content\/uploads\/2026\/01\/fw-img-6-768x768.jpg 768w, https:\/\/pinkpistachio.hu\/wp-content\/uploads\/2026\/01\/fw-img-6-233x233.jpg 233w, https:\/\/pinkpistachio.hu\/wp-content\/uploads\/2026\/01\/fw-img-6-480x480.jpg 480w, https:\/\/pinkpistachio.hu\/wp-content\/uploads\/2026\/01\/fw-img-6-310x310.jpg 310w, https:\/\/pinkpistachio.hu\/wp-content\/uploads\/2026\/01\/fw-img-6-427x427.jpg 427w, https:\/\/pinkpistachio.hu\/wp-content\/uploads\/2026\/01\/fw-img-6-660x660.jpg 660w\" sizes=\"auto, (max-width: 660px) 100vw, 660px\" \/>        <\/picture>\n        <div class=\"ndm-ib__content\"><h2 class=\"mb-2\">Biztos v\u00e1laszt\u00e1s: brunch ut\u00e1n v\u00e1lassz egy fagyit<\/h2><p><span style=\"font-weight: 400\">K\u00f3stold meg a Bazilika leg\u00fajabb szt\u00e1rj\u00e1t: a veg\u00e1nbar\u00e1t piszt\u00e1ciafagyit!<\/span><\/p>\n<p><span style=\"font-weight: 400\">Pink Pistachio-ban <\/span><b>olasz recept\u00fara szerint, hagyom\u00e1nyos elj\u00e1r\u00e1ssal k\u00e9sz\u00edtett kompromisszummentes fagylaltot<\/b><span style=\"font-weight: 400\"> k\u00edn\u00e1lunk, csak <\/span><b>pr\u00e9mium alapanyagokb\u00f3l<\/b><span style=\"font-weight: 400\">.<\/span><\/p>\n<p><span style=\"font-weight: 400\">\u2028<\/span><span style=\"font-weight: 400\">\u00c9s ami mindenkit rabul ejt: a <\/span><b>l\u00e1tv\u00e1nyos szic\u00edliai piszt\u00e1ciat\u00f6retbe forgatott gomb\u00f3c<\/b><span style=\"font-weight: 400\">!<\/span><\/p>\n<p><b>\ud83d\udcf8<\/b><b> K\u00f3stold meg, fot\u00f3zd le, Oszd meg!<\/b><\/p>\n<p><span style=\"font-weight: 400\">Ne felejtsd el meg\u00f6r\u00f6k\u00edteni az \u00ednycsikland\u00f3 pillanatokat! Oszd meg a <\/span><b>piszt\u00e1ci\u00e1val t\u00f6k\u00e9letes pillanataidat<\/b><span style=\"font-weight: 400\">, \u00e9s seg\u00edts elvinni a h\u00edr\u00fcnket a <\/span><b>Bazilika melletti legjobb brunch<\/b><span style=\"font-weight: 400\"> helyr\u0151l!<\/span><\/p>\n<\/div><\/div><\/div><\/div><\/div><\/div><\/div><\/div>","protected":false},"excerpt":{"rendered":"<p>A Pink Pistachio Brunch azoknak k\u00edn\u00e1l val\u00f3di brunch Budapest \u00e9lm\u00e9nyt, akik t\u00f6bbre v\u00e1gynak egy egyszer\u0171 \u00e9tkez\u00e9sn\u00e9l. Brunch Budapest azoknak, akik nem csak enni j\u00f6nnek &#8211; gyere a hangulat\u00e9rt, maradj az \u00e9lm\u00e9ny\u00e9rtA brunch Budapest belv\u00e1ros\u00e1ban azoknak sz\u00f3l igaz\u00e1n, akik nem \u201ebeugranak\u201d, hanem meg\u00e9rkeznek. A Pink Pistachio Brunch vend\u00e9gei szeretik, ha egy helynek hangulata, ritmusa \u00e9s karaktere [&hellip;]<\/p>\n","protected":false},"author":2,"featured_media":0,"parent":0,"menu_order":5,"comment_status":"closed","ping_status":"closed","template":"no-margins.php","meta":{"_acf_changed":false,"footnotes":""},"class_list":["post-210","page","type-page","status-publish","hentry"],"acf":[],"_links":{"self":[{"href":"https:\/\/pinkpistachio.hu\/hu\/wp-json\/wp\/v2\/pages\/210","targetHints":{"allow":["GET"]}}],"collection":[{"href":"https:\/\/pinkpistachio.hu\/hu\/wp-json\/wp\/v2\/pages"}],"about":[{"href":"https:\/\/pinkpistachio.hu\/hu\/wp-json\/wp\/v2\/types\/page"}],"author":[{"embeddable":true,"href":"https:\/\/pinkpistachio.hu\/hu\/wp-json\/wp\/v2\/users\/2"}],"replies":[{"embeddable":true,"href":"https:\/\/pinkpistachio.hu\/hu\/wp-json\/wp\/v2\/comments?post=210"}],"version-history":[{"count":0,"href":"https:\/\/pinkpistachio.hu\/hu\/wp-json\/wp\/v2\/pages\/210\/revisions"}],"wp:attachment":[{"href":"https:\/\/pinkpistachio.hu\/hu\/wp-json\/wp\/v2\/media?parent=210"}],"curies":[{"name":"wp","href":"https:\/\/api.w.org\/{rel}","templated":true}]}}