{"id":205,"date":"2026-01-23T09:25:38","date_gmt":"2026-01-23T08:25:38","guid":{"rendered":"https:\/\/pinkpistachio.hu\/house-rules\/"},"modified":"2026-01-28T09:28:19","modified_gmt":"2026-01-28T08:28:19","slug":"hazirend","status":"publish","type":"page","link":"https:\/\/pinkpistachio.hu\/hu\/hazirend\/","title":{"rendered":"H\u00e1zirend"},"content":{"rendered":"<div id=\"pl-205\"  class=\"panel-layout\" ><div id=\"pg-205-0\"  class=\"panel-grid panel-no-style\"  style=\"margin-bottom: px\" ><div id=\"pgc-205-0-0\"  class=\"panel-grid-cell\" ><div id=\"panel-205-0-0-0\" class=\"so-panel widget widget_ndm-headings panel-first-child\" data-index=\"0\" style=\"margin-bottom: px\" ><div\n\t\t\t\n\t\t\tclass=\"so-widget-ndm-headings so-widget-ndm-headings-default-d75171398898-205\"\n\t\t\t\n\t\t><h2 class=\"ndm-heading text-start text-darkgreen mb-2\">PINK PISTACHIO \u2013 H\u00c1ZIREND<\/h2><\/div><\/div><div id=\"panel-205-0-0-1\" class=\"so-panel widget widget_sow-editor panel-last-child\" data-index=\"1\" ><div\n\t\t\t\n\t\t\tclass=\"so-widget-sow-editor so-widget-sow-editor-base\"\n\t\t\t\n\t\t>\n<div class=\"siteorigin-widget-tinymce textwidget\">\n\t<p><span style=\"font-weight: 400;\">Szeretettel k\u00f6sz\u00f6nt\u00fcnk a Pink Pistachio-ban! Annak \u00e9rdek\u00e9ben, hogy minden vend\u00e9g\u00fcnk zavartalanul \u00e9lvezhesse az itt t\u00f6lt\u00f6tt id\u0151t, k\u00e9rj\u00fck az al\u00e1bbi szab\u00e1lyok betart\u00e1s\u00e1t.<\/span><\/p>\n<\/div>\n<\/div><\/div><\/div><\/div><div id=\"pg-205-1\"  class=\"panel-grid panel-no-style\"  style=\"margin-bottom: px\" ><div id=\"pgc-205-1-0\"  class=\"panel-grid-cell\" ><div id=\"panel-205-1-0-0\" class=\"so-panel widget widget_ndm-headings panel-first-child\" data-index=\"2\" style=\"margin-bottom: px\" ><div\n\t\t\t\n\t\t\tclass=\"so-widget-ndm-headings so-widget-ndm-headings-default-d75171398898-205\"\n\t\t\t\n\t\t><h3 class=\"ndm-heading text-start text-darkgreen mb-2\">1. Alapvet\u0151 viselked\u00e9si norm\u00e1k \u00e9s bel\u00e9p\u00e9s<\/h3><\/div><\/div><div id=\"panel-205-1-0-1\" class=\"so-panel widget widget_sow-editor panel-last-child\" data-index=\"3\" ><div\n\t\t\t\n\t\t\tclass=\"so-widget-sow-editor so-widget-sow-editor-base\"\n\t\t\t\n\t\t>\n<div class=\"siteorigin-widget-tinymce textwidget\">\n\t<p><span style=\"font-weight: 400;\">Az \u00e9tterem mag\u00e1nter\u00fclet. Az \u00dczemeltet\u0151 fenntartja a jogot a vend\u00e9gk\u00f6r megv\u00e1logat\u00e1s\u00e1ra.<\/span><\/p>\n<ul>\n<li style=\"font-weight: 400;\" aria-level=\"1\"><span style=\"font-weight: 400;\">Tilos minden olyan tev\u00e9kenys\u00e9g, amely jogszab\u00e1lyba \u00fctk\u00f6zik, m\u00e1sok testi \u00e9ps\u00e9get vesz\u00e9lyezteti, vagy a k\u00f6zerk\u00f6lcs\u00f6t s\u00e9rti.<\/span><\/li>\n<li style=\"font-weight: 400;\" aria-level=\"1\"><b>Drog- \u00e9s alkoholpolitika:<\/b><span style=\"font-weight: 400;\"> Az \u00e9tterem ter\u00fclet\u00e9re k\u00e1b\u00edt\u00f3szer vagy b\u00f3d\u00edt\u00f3 hat\u00e1s\u00fa szer hat\u00e1sa alatt \u00e1ll\u00f3 szem\u00e9ly nem l\u00e9phet be. A szem\u00e9lyzet jogosult megtagadni a kiszolg\u00e1l\u00e1st azon vend\u00e9gekt\u0151l, akik l\u00e1that\u00f3an ittas \u00e1llapotban vannak, vagy viselked\u00e9s\u00fckkel zavarj\u00e1k a t\u00f6bbi vend\u00e9get.<\/span><\/li>\n<li style=\"font-weight: 400;\" aria-level=\"1\"><span style=\"font-weight: 400;\">A vend\u00e9gek k\u00f6telesek tiszteletben tartani az \u00e9ttermi dolgoz\u00f3k \u00e9s vend\u00e9gt\u00e1rsaik m\u00e9lt\u00f3s\u00e1g\u00e1t.<\/span><\/li>\n<\/ul>\n<\/div>\n<\/div><\/div><\/div><\/div><div id=\"pg-205-2\"  class=\"panel-grid panel-no-style\"  style=\"margin-bottom: px\" ><div id=\"pgc-205-2-0\"  class=\"panel-grid-cell\" ><div id=\"panel-205-2-0-0\" class=\"so-panel widget widget_ndm-headings panel-first-child\" data-index=\"4\" style=\"margin-bottom: px\" ><div\n\t\t\t\n\t\t\tclass=\"so-widget-ndm-headings so-widget-ndm-headings-default-d75171398898-205\"\n\t\t\t\n\t\t><h3 class=\"ndm-heading text-start text-darkgreen mb-2\">2. Rendel\u00e9s \u00e9s \u00e9telfogyaszt\u00e1s<\/h3><\/div><\/div><div id=\"panel-205-2-0-1\" class=\"so-panel widget widget_sow-editor panel-last-child\" data-index=\"5\" ><div\n\t\t\t\n\t\t\tclass=\"so-widget-sow-editor so-widget-sow-editor-base\"\n\t\t\t\n\t\t>\n<div class=\"siteorigin-widget-tinymce textwidget\">\n\t<ul>\n<li style=\"font-weight: 400;\" aria-level=\"1\">\n<ul>\n<li style=\"font-weight: 400;\" aria-level=\"1\"><b>Rendel\u00e9s menete:<\/b><span style=\"font-weight: 400;\"> \u00c9teleink \u00e9s italaink kiv\u00e1laszt\u00e1sa \u00e9s megrendel\u00e9se a kassz\u00e1n\u00e1l t\u00f6rt\u00e9nik. Minden term\u00e9k\u00fcnk darab\u00e1ras, az aktu\u00e1lis \u00e1rakat a helysz\u00ednen el\u00e9rhet\u0151 <\/span><b>QR-k\u00f3dos \u00e9tlapunk<\/b><span style=\"font-weight: 400;\"> tartalmazza.<\/span><\/li>\n<\/ul>\n<p><span style=\"font-weight: 400;\">\u00c9lelmiszerbiztons\u00e1gi okokb\u00f3l <\/span><b>tilos az \u00e9tterembe m\u00e1shol v\u00e1s\u00e1rolt \u00e9telt vagy italt behozni<\/b><span style=\"font-weight: 400;\">, illetve azt itt elfogyasztani (kiv\u00e9telt k\u00e9pezhetnek a csecsem\u0151t\u00e1pszerek, egyeztet\u00e9s alapj\u00e1n).<\/span><\/p>\n<\/li>\n<\/ul>\n<\/div>\n<\/div><\/div><\/div><\/div><div id=\"pg-205-3\"  class=\"panel-grid panel-no-style\"  style=\"margin-bottom: px\" ><div id=\"pgc-205-3-0\"  class=\"panel-grid-cell\" ><div id=\"panel-205-3-0-0\" class=\"so-panel widget widget_ndm-headings panel-first-child\" data-index=\"6\" style=\"margin-bottom: px\" ><div\n\t\t\t\n\t\t\tclass=\"so-widget-ndm-headings so-widget-ndm-headings-default-d75171398898-205\"\n\t\t\t\n\t\t><h3 class=\"ndm-heading text-start text-darkgreen mb-2\">3. Fizet\u00e9s \u00e9s \u00e1rak<\/h3><\/div><\/div><div id=\"panel-205-3-0-1\" class=\"so-panel widget widget_sow-editor panel-last-child\" data-index=\"7\" ><div\n\t\t\t\n\t\t\tclass=\"so-widget-sow-editor so-widget-sow-editor-base\"\n\t\t\t\n\t\t>\n<div class=\"siteorigin-widget-tinymce textwidget\">\n\t<ul>\n<li style=\"font-weight: 400;\" aria-level=\"1\"><b>Fizet\u00e9s m\u00f3dja:<\/b><span style=\"font-weight: 400;\"> A rendel\u00e9s ellen\u00e9rt\u00e9k\u00e9t minden esetben a rendel\u00e9s lead\u00e1sakor, <\/span><b>el\u0151re, a kassz\u00e1n\u00e1l kell rendezni<\/b><span style=\"font-weight: 400;\">.<\/span><\/li>\n<li style=\"font-weight: 400;\" aria-level=\"1\"><b>\u00c1rak \u00e9s szervizd\u00edj:<\/b><span style=\"font-weight: 400;\"> \u00c1raink forintban \u00e9rtend\u0151ek, \u00e9s tartalmazz\u00e1k az \u00c1FA-t, valamint az <\/span><b>5% szervizd\u00edjat<\/b><span style=\"font-weight: 400;\">.<\/span><\/li>\n<li style=\"font-weight: 400;\" aria-level=\"1\"><b>Borraval\u00f3:<\/b><span style=\"font-weight: 400;\"> Borraval\u00f3t k\u00f6sz\u00f6nettel elfogadunk, amely teljes eg\u00e9sz\u00e9ben a szem\u00e9lyzetet illeti.<\/span><\/li>\n<li style=\"font-weight: 400;\" aria-level=\"1\"><b>Elfogadott fizet\u0151eszk\u00f6z\u00f6k:<\/b><span style=\"font-weight: 400;\"> K\u00e9szp\u00e9nz (HUF), Bankk\u00e1rtya\/Hitelk\u00e1rtya.<\/span><\/li>\n<li style=\"font-weight: 400;\" aria-level=\"1\"><i><span style=\"font-weight: 400;\">(SZ\u00c9P-k\u00e1rty\u00e1t nem \u00e1ll m\u00f3dunkban elfogadni.)<\/span><\/i><\/li>\n<\/ul>\n<\/div>\n<\/div><\/div><\/div><\/div><div id=\"pg-205-4\"  class=\"panel-grid panel-no-style\"  style=\"margin-bottom: px\" ><div id=\"pgc-205-4-0\"  class=\"panel-grid-cell\" ><div id=\"panel-205-4-0-0\" class=\"so-panel widget widget_ndm-headings panel-first-child\" data-index=\"8\" style=\"margin-bottom: px\" ><div\n\t\t\t\n\t\t\tclass=\"so-widget-ndm-headings so-widget-ndm-headings-default-d75171398898-205\"\n\t\t\t\n\t\t><h3 class=\"ndm-heading text-start text-darkgreen mb-2\">4. Adatv\u00e9delem, kamer\u00e1s megfigyel\u00e9s \u00e9s m\u00e9dia<\/h3><\/div><\/div><div id=\"panel-205-4-0-1\" class=\"so-panel widget widget_sow-editor panel-last-child\" data-index=\"9\" ><div\n\t\t\t\n\t\t\tclass=\"so-widget-sow-editor so-widget-sow-editor-base\"\n\t\t\t\n\t\t>\n<div class=\"siteorigin-widget-tinymce textwidget\">\n\t<p><b>Az \u00e9tterem ter\u00fclet\u00e9re val\u00f3 bel\u00e9p\u00e9ssel a Vend\u00e9g tudom\u00e1sul veszi \u00e9s elfogadja az al\u00e1bbiakat:<\/b><\/p>\n<ul>\n<li style=\"font-weight: 400;\" aria-level=\"1\"><b>Kamer\u00e1s megfigyel\u00e9s:<\/b><span style=\"font-weight: 400;\"> A vend\u00e9gt\u00e9rben szem\u00e9ly- \u00e9s vagyonbiztons\u00e1gi c\u00e9lb\u00f3l elektronikus megfigyel\u0151rendszer (kamera) \u00fczemel. A kamer\u00e1s adatkezel\u00e9sr\u0151l sz\u00f3l\u00f3 r\u00e9szletes t\u00e1j\u00e9koztat\u00f3 a <\/span><b>pp_kamera_megfigyelesi_szabalyzat<\/b><span style=\"font-weight: 400;\">-ban olvashat\u00f3. A Vend\u00e9g a bel\u00e9p\u00e9ssel tudom\u00e1sul veszi a kamer\u00e1s megfigyel\u00e9s t\u00e9ny\u00e9t.<\/span><\/li>\n<li style=\"font-weight: 400;\" aria-level=\"1\"><b>Marketing c\u00e9l\u00fa felv\u00e9telek:<\/b><span style=\"font-weight: 400;\"> A Pink Pistachio ter\u00fclet\u00e9n marketing \u00e9s prom\u00f3ci\u00f3s c\u00e9lb\u00f3l k\u00e9p- \u00e9s hangfelv\u00e9telek k\u00e9sz\u00fclhetnek. A Vend\u00e9g a bel\u00e9p\u00e9ssel kifejezetten hozz\u00e1j\u00e1rul ahhoz, hogy a r\u00f3la k\u00e9sz\u00fclt t\u00f6megfelv\u00e9teleket (ahol nem \u0151 a k\u00e9p k\u00f6zponti t\u00e1rgya, hanem a hangulat\/t\u00f6meg r\u00e9sze) az \u00dczemeltet\u0151 prom\u00f3ci\u00f3s c\u00e9lokra (pl. k\u00f6z\u00f6ss\u00e9gi m\u00e9dia: Facebook, Instagram, TikTok; weboldal) id\u0151beli korl\u00e1toz\u00e1s \u00e9s k\u00fcl\u00f6n d\u00edjaz\u00e1s n\u00e9lk\u00fcl felhaszn\u00e1lja.<\/span><a href=\"https:\/\/docs.google.com\/document\/d\/1VUZHF0wxS_Xm-hZEM2vFubHT4F4RKcdS\/edit#bookmark=id.tbjdmtdltpbf\" target=\"_blank\" rel=\"noopener\"><span style=\"font-weight: 400;\">[1]<\/span><\/a><\/li>\n<li style=\"font-weight: 400;\" aria-level=\"1\"><span style=\"font-weight: 400;\">Amennyiben a Vend\u00e9g nem szeretne szerepelni a marketing c\u00e9l\u00fa felv\u00e9teleken, k\u00e9rj\u00fck, ezt jelezze \u00e9rkez\u00e9skor a szem\u00e9lyzetnek, vagy ut\u00f3lag k\u00e9rje a tartalom elt\u00e1vol\u00edt\u00e1s\u00e1t az el\u00e9rhet\u0151s\u00e9geinken.<\/span><\/li>\n<\/ul>\n<\/div>\n<\/div><\/div><\/div><\/div><div id=\"pg-205-5\"  class=\"panel-grid panel-no-style\"  style=\"margin-bottom: px\" ><div id=\"pgc-205-5-0\"  class=\"panel-grid-cell\" ><div id=\"panel-205-5-0-0\" class=\"so-panel widget widget_ndm-headings panel-first-child\" data-index=\"10\" style=\"margin-bottom: px\" ><div\n\t\t\t\n\t\t\tclass=\"so-widget-ndm-headings so-widget-ndm-headings-default-d75171398898-205\"\n\t\t\t\n\t\t><h3 class=\"ndm-heading text-start text-darkgreen mb-2\">5. Felel\u0151ss\u00e9gv\u00e1llal\u00e1s \u00e9s \u00e9rt\u00e9kmeg\u0151rz\u00e9s<\/h3><\/div><\/div><div id=\"panel-205-5-0-1\" class=\"so-panel widget widget_sow-editor panel-last-child\" data-index=\"11\" ><div\n\t\t\t\n\t\t\tclass=\"so-widget-sow-editor so-widget-sow-editor-base\"\n\t\t\t\n\t\t>\n<div class=\"siteorigin-widget-tinymce textwidget\">\n\t<ul>\n<li style=\"font-weight: 400;\" aria-level=\"1\"><span style=\"font-weight: 400;\">A vend\u00e9gek az \u00e9tterem ter\u00fclet\u00e9re csak saj\u00e1t felel\u0151ss\u00e9g\u00fckre hozhatj\u00e1k be \u00e9rt\u00e9kt\u00e1rgyaikat. Az \u0151rizetlen\u00fcl hagyott t\u00e1rgyak\u00e9rt, illetve a behozott \u00e9rt\u00e9kekben keletkez\u0151 k\u00e1rok\u00e9rt az \u00dczemeltet\u0151 felel\u0151ss\u00e9get nem v\u00e1llal.<\/span><\/li>\n<li style=\"font-weight: 400;\" aria-level=\"1\"><span style=\"font-weight: 400;\">Az \u00e9tterem berendez\u00e9seiben sz\u00e1nd\u00e9kosan vagy gondatlanul okozott k\u00e1rokat a k\u00e1rokoz\u00f3 k\u00f6teles megt\u00e9r\u00edteni.<\/span><\/li>\n<\/ul>\n<\/div>\n<\/div><\/div><\/div><\/div><div id=\"pg-205-6\"  class=\"panel-grid panel-no-style\"  style=\"margin-bottom: px\" ><div id=\"pgc-205-6-0\"  class=\"panel-grid-cell\" ><div id=\"panel-205-6-0-0\" class=\"so-panel widget widget_ndm-headings panel-first-child\" data-index=\"12\" style=\"margin-bottom: px\" ><div\n\t\t\t\n\t\t\tclass=\"so-widget-ndm-headings so-widget-ndm-headings-default-d75171398898-205\"\n\t\t\t\n\t\t><h3 class=\"ndm-heading text-start text-darkgreen mb-2\">6. Doh\u00e1nyz\u00e1s<\/h3><\/div><\/div><div id=\"panel-205-6-0-1\" class=\"so-panel widget widget_sow-editor panel-last-child\" data-index=\"13\" ><div\n\t\t\t\n\t\t\tclass=\"so-widget-sow-editor so-widget-sow-editor-base\"\n\t\t\t\n\t\t>\n<div class=\"siteorigin-widget-tinymce textwidget\">\n\t<p><span style=\"font-weight: 400;\">Az \u00e9tterem bels\u0151 ter\u00e9ben \u00e9s a teraszon a doh\u00e1nyz\u00e1s, valamint az elektromos cigaretta (IQOS, Elf Bar stb.) haszn\u00e1lata <\/span><b>tilos<\/b><span style=\"font-weight: 400;\">. Doh\u00e1nyozni kiz\u00e1r\u00f3lag az \u00e9p\u00fcleten k\u00edv\u00fcl, az arra kijel\u00f6lt helyen, a bej\u00e1ratt\u00f3l jogszab\u00e1lyban el\u0151\u00edrt t\u00e1vols\u00e1gra szabad.<\/span><\/p>\n<\/div>\n<\/div><\/div><\/div><\/div><div id=\"pg-205-7\"  class=\"panel-grid panel-no-style\"  style=\"margin-bottom: px\" ><div id=\"pgc-205-7-0\"  class=\"panel-grid-cell\" ><div id=\"panel-205-7-0-0\" class=\"so-panel widget widget_ndm-headings panel-first-child\" data-index=\"14\" style=\"margin-bottom: px\" ><div\n\t\t\t\n\t\t\tclass=\"so-widget-ndm-headings so-widget-ndm-headings-default-d75171398898-205\"\n\t\t\t\n\t\t><h3 class=\"ndm-heading text-start text-darkgreen mb-2\">7. Allerg\u00e9nek \u00e9s speci\u00e1lis \u00e9tkez\u00e9s<\/h3><\/div><\/div><div id=\"panel-205-7-0-1\" class=\"so-panel widget widget_sow-editor panel-last-child\" data-index=\"15\" ><div\n\t\t\t\n\t\t\tclass=\"so-widget-sow-editor so-widget-sow-editor-base\"\n\t\t\t\n\t\t>\n<div class=\"siteorigin-widget-tinymce textwidget\">\n\t<p><span style=\"font-weight: 400;\">Az \u00e9telekben tal\u00e1lhat\u00f3 allerg\u00e9nekr\u0151l \u00e9s intoleranci\u00e1t okoz\u00f3 anyagokr\u00f3l a <\/span><b>QR-k\u00f3dos \u00e9tlapon<\/b><span style=\"font-weight: 400;\">, illetve koll\u00e9g\u00e1inkt\u00f3l kaphat r\u00e9szletes t\u00e1j\u00e9koztat\u00e1st. K\u00e9rj\u00fck, rendel\u00e9s el\u0151tt jelezze esetleges \u00e9rz\u00e9kenys\u00e9g\u00e9t!<\/span><\/p>\n<\/div>\n<\/div><\/div><\/div><\/div><div id=\"pg-205-8\"  class=\"panel-grid panel-no-style\" ><div id=\"pgc-205-8-0\"  class=\"panel-grid-cell\" ><div id=\"panel-205-8-0-0\" class=\"so-panel widget widget_ndm-headings panel-first-child\" data-index=\"16\" style=\"margin-bottom: px\" ><div\n\t\t\t\n\t\t\tclass=\"so-widget-ndm-headings so-widget-ndm-headings-default-d75171398898-205\"\n\t\t\t\n\t\t><h3 class=\"ndm-heading text-start text-darkgreen mb-2\">8. Nyitvatart\u00e1s \u00e9s elvitel<\/h3><\/div><\/div><div id=\"panel-205-8-0-1\" class=\"so-panel widget widget_sow-editor panel-last-child\" data-index=\"17\" ><div\n\t\t\t\n\t\t\tclass=\"so-widget-sow-editor so-widget-sow-editor-base\"\n\t\t\t\n\t\t>\n<div class=\"siteorigin-widget-tinymce textwidget\">\n\t<ul>\n<li style=\"font-weight: 400;\" aria-level=\"1\"><span style=\"font-weight: 400;\">Vend\u00e9gek kiz\u00e1r\u00f3lag nyitvatart\u00e1si id\u0151ben tart\u00f3zkodhatnak az \u00e9tteremben (kiv\u00e9ve el\u0151re egyeztetett z\u00e1rtk\u00f6r\u0171 rendezv\u00e9nyek).<\/span><\/li>\n<li style=\"font-weight: 400;\" aria-level=\"1\"><span style=\"font-weight: 400;\">Az \u00e9telek elvitelre is k\u00e9rhet\u0151k, melyhez biztos\u00edtunk megfelel\u0151 csomagol\u00e1st.<\/span><\/li>\n<li style=\"font-weight: 400;\" aria-level=\"1\"><span style=\"font-weight: 400;\">\u00c9lelmiszerbiztons\u00e1gi \u00e9s higi\u00e9niai okokb\u00f3l <\/span><b>saj\u00e1t \u00e9telhord\u00f3 ed\u00e9ny haszn\u00e1lata nem megengedett<\/b><span style=\"font-weight: 400;\">.<\/span><\/li>\n<\/ul>\n<p><b>A h\u00e1zirend megs\u00e9rt\u00e9se:<\/b><span style=\"font-weight: 400;\"><br \/>\n<\/span><span style=\"font-weight: 400;\">A h\u00e1zirendet megs\u00e9rt\u0151, rendbont\u00f3 vend\u00e9geket a szem\u00e9lyzetnek jog\u00e1ban \u00e1ll felsz\u00f3l\u00edtani a t\u00e1voz\u00e1sra, sz\u00fcks\u00e9g eset\u00e9n hat\u00f3s\u00e1gi int\u00e9zked\u00e9st k\u00e9rni.<\/span><\/p>\n<p><b>El\u00e9rhet\u0151s\u00e9geink:<\/b><span style=\"font-weight: 400;\"><br \/>\n<\/span><span style=\"font-weight: 400;\">Email: office (kukac) hellopink.hu<\/span><span style=\"font-weight: 400;\"><br \/>\n<\/span><span style=\"font-weight: 400;\"> Web: pinkpistachio.hu<\/span><\/p>\n<p><span style=\"font-weight: 400;\">K\u00f6sz\u00f6nj\u00fck, hogy a h\u00e1zirend betart\u00e1s\u00e1val hozz\u00e1j\u00e1rulsz a Pink Pistachio hangulat\u00e1hoz!<\/span><span style=\"font-weight: 400;\"><br \/>\n<\/span><i><span style=\"font-weight: 400;\">Budapest, 2026. 01.21.<\/span><\/i><\/p>\n<\/div>\n<\/div><\/div><\/div><\/div><\/div>","protected":false},"excerpt":{"rendered":"<p>Szeretettel k\u00f6sz\u00f6nt\u00fcnk a Pink Pistachio-ban! Annak \u00e9rdek\u00e9ben, hogy minden vend\u00e9g\u00fcnk zavartalanul \u00e9lvezhesse az itt t\u00f6lt\u00f6tt id\u0151t, k\u00e9rj\u00fck az al\u00e1bbi szab\u00e1lyok betart\u00e1s\u00e1t. Az \u00e9tterem mag\u00e1nter\u00fclet. Az \u00dczemeltet\u0151 fenntartja a jogot a vend\u00e9gk\u00f6r megv\u00e1logat\u00e1s\u00e1ra. Tilos minden olyan tev\u00e9kenys\u00e9g, amely jogszab\u00e1lyba \u00fctk\u00f6zik, m\u00e1sok testi \u00e9ps\u00e9get vesz\u00e9lyezteti, vagy a k\u00f6zerk\u00f6lcs\u00f6t s\u00e9rti. Drog- \u00e9s alkoholpolitika: Az \u00e9tterem ter\u00fclet\u00e9re k\u00e1b\u00edt\u00f3szer vagy [&hellip;]<\/p>\n","protected":false},"author":2,"featured_media":0,"parent":0,"menu_order":97,"comment_status":"closed","ping_status":"closed","template":"fullwidth.php","meta":{"_acf_changed":false,"footnotes":""},"class_list":["post-205","page","type-page","status-publish","hentry"],"acf":[],"_links":{"self":[{"href":"https:\/\/pinkpistachio.hu\/hu\/wp-json\/wp\/v2\/pages\/205","targetHints":{"allow":["GET"]}}],"collection":[{"href":"https:\/\/pinkpistachio.hu\/hu\/wp-json\/wp\/v2\/pages"}],"about":[{"href":"https:\/\/pinkpistachio.hu\/hu\/wp-json\/wp\/v2\/types\/page"}],"author":[{"embeddable":true,"href":"https:\/\/pinkpistachio.hu\/hu\/wp-json\/wp\/v2\/users\/2"}],"replies":[{"embeddable":true,"href":"https:\/\/pinkpistachio.hu\/hu\/wp-json\/wp\/v2\/comments?post=205"}],"version-history":[{"count":0,"href":"https:\/\/pinkpistachio.hu\/hu\/wp-json\/wp\/v2\/pages\/205\/revisions"}],"wp:attachment":[{"href":"https:\/\/pinkpistachio.hu\/hu\/wp-json\/wp\/v2\/media?parent=205"}],"curies":[{"name":"wp","href":"https:\/\/api.w.org\/{rel}","templated":true}]}}