{"id":204,"date":"2026-01-06T16:00:04","date_gmt":"2026-01-06T15:00:04","guid":{"rendered":"https:\/\/pinkpistachio.hu\/imprint\/"},"modified":"2026-02-04T23:13:01","modified_gmt":"2026-02-04T22:13:01","slug":"impresszum","status":"publish","type":"page","link":"https:\/\/pinkpistachio.hu\/hu\/impresszum\/","title":{"rendered":"Impresszum"},"content":{"rendered":"<div id=\"pl-204\"  class=\"panel-layout\" ><div id=\"pg-204-0\"  class=\"panel-grid panel-no-style\" ><div id=\"pgc-204-0-0\"  class=\"panel-grid-cell\" ><div id=\"panel-204-0-0-0\" class=\"so-panel widget widget_ndm-imprint panel-first-child panel-last-child\" data-index=\"0\" ><div\n\t\t\t\n\t\t\tclass=\"so-widget-ndm-imprint so-widget-ndm-imprint-default-d75171398898-204\"\n\t\t\t\n\t\t><div class=\"ndm-imprint__provider mb-3 mb-lg-5\"><h4 class=\"ndm-heading  Hello Pink Kft mb-2\">Szolg\u00e1ltat\u00f3<\/h4><p class=\"mb-0\"><strong>Hello Pink Kft<\/strong><\/p><p class=\"mb-0\"><strong>\u00dcgyvezet\u0151:<\/strong>Brunner Bernadett<\/p><p class=\"mb-0\"><strong>C\u00edm:<\/strong>1051 Budapest, Hercegpr\u00edm\u00e1s u 6.<\/p><p class=\"mb-0\"><strong>Ad\u00f3sz\u00e1m:<\/strong>32699551-2-41<\/p><p class=\"mb-0\"><strong>Nyilv\u00e1ntart\u00e1si sz\u00e1m:<\/strong>01-09-438063<\/p><p class=\"mb-0\"><strong>E-mail: <\/strong><a href=\"mailto:office@hellopink.hu\">office@hellopink.hu<\/a><\/p><\/div><div class=\"ndm-imprint__contact mb-3 mb-lg-5\"><h4 class=\"ndm-heading  Hello Pink Kft. mb-2\">Kapcsolat<\/h4><p class=\"mb-0\">Hello Pink Kft.<\/p><p class=\"mb-0\"><strong>Telefonsz\u00e1m:<\/strong>06 30 565 4770<\/p><p class=\"mb-0\"><strong>E-mail: <\/strong><a href=\"mailto:office@hellopink.hu\" class=\"mb-0\">office@hellopink.hu<\/a><\/p><\/div><div class=\"ndm-imprint__storage mb-3 mb-lg-5\"><h4 class=\"ndm-heading mb-2\">T\u00e1rhely szolg\u00e1ltat\u00f3<\/h4><p class=\"mb-0\"><strong>C\u00e9gn\u00e9v:<\/strong>Dotroll Kft.<\/p><p class=\"mb-0\"><strong>C\u00edm:<\/strong>1148 Budapest, Fogarasi \u00fat 3-5.<\/p><p class=\"mb-0\"><strong>Ad\u00f3sz\u00e1m:<\/strong>13962982-2-42<\/p><p class=\"mb-0\"><strong>Telefonsz\u00e1m:<\/strong>(06 1) 432 3232<\/p><p class=\"mb-0\"><strong>E-mail: <\/strong><a href=\"mailto:support@dotroll.com\">support@dotroll.com<\/a><\/p><\/div><div class=\"ndm-imprint__copyright\"><h4 class=\"ndm-heading mb-2\">Szerz\u0151i jogok<\/h4><p>Jelen honlap kiad\u00f3ja a Pink Pistachio Brunch.<\/p>\n<p>A Pink Pistachio Brunch fenntart minden, a honlap b\u00e1rmely r\u00e9sz\u00e9nek (sz\u00f6veges tartalom, fot\u00f3k, stb.) b\u00e1rmilyen m\u00f3dszerrel, technik\u00e1val t\u00f6rt\u00e9n\u0151 m\u00e1sol\u00e1s\u00e1val \u00e9s terjeszt\u00e9s\u00e9vel kapcsolatos jogot. Az oldalak tartalm\u00e1t \u00e9s kialak\u00edt\u00e1s\u00e1t nemzetk\u00f6zi \u00e9s magyar t\u00f6rv\u00e9nyek v\u00e9dik. Tilos azokat ak\u00e1r eredeti, ak\u00e1r \u00e1t\u00edrt form\u00e1ban b\u00e1rmilyen m\u00e9diumban k\u00f6z\u00f6lni, sug\u00e1rozni vagy tov\u00e1bbadni, r\u00e9szben vagy eg\u00e9szben sz\u00e1m\u00edt\u00f3g\u00e9pen t\u00e1rolni. A Pink Pistachio Brunch el\u0151zetes \u00edr\u00e1sos hozz\u00e1j\u00e1rul\u00e1sa n\u00e9lk\u00fcl tilos a honlap eg\u00e9sz\u00e9nek vagy r\u00e9szeinek feldolgoz\u00e1sa \u00e9s \u00e9rt\u00e9kes\u00edt\u00e9se.<\/p>\n<p>Ez a nyilatkozat a szerz\u0151i jogr\u00f3l sz\u00f3l\u00f3 1999. \u00e9vi LXXVI. t\u00f6rv\u00e9ny 36. \u00a7 (2) bekezd\u00e9s\u00e9ben foglaltak szerinti tilt\u00f3 nyilatkozatnak min\u0151s\u00fcl.<\/p>\n<\/div><\/div><\/div><\/div><\/div><\/div>","protected":false},"excerpt":{"rendered":"<p>Szolg\u00e1ltat\u00f3Hello Pink Kft\u00dcgyvezet\u0151:Brunner BernadettC\u00edm:1051 Budapest, Hercegpr\u00edm\u00e1s u 6.Ad\u00f3sz\u00e1m:32699551-2-41Nyilv\u00e1ntart\u00e1si sz\u00e1m:01-09-438063E-mail: office@hellopink.huKapcsolatHello Pink Kft.Telefonsz\u00e1m:06 30 565 4770E-mail: office@hellopink.huT\u00e1rhely szolg\u00e1ltat\u00f3C\u00e9gn\u00e9v:Dotroll Kft.C\u00edm:1148 Budapest, Fogarasi \u00fat 3-5.Ad\u00f3sz\u00e1m:13962982-2-42Telefonsz\u00e1m:(06 1) 432 3232E-mail: support@dotroll.comSzerz\u0151i jogokJelen honlap kiad\u00f3ja a Pink Pistachio Brunch. A Pink Pistachio Brunch fenntart minden, a honlap b\u00e1rmely r\u00e9sz\u00e9nek (sz\u00f6veges tartalom, fot\u00f3k, stb.) b\u00e1rmilyen m\u00f3dszerrel, technik\u00e1val t\u00f6rt\u00e9n\u0151 m\u00e1sol\u00e1s\u00e1val \u00e9s terjeszt\u00e9s\u00e9vel kapcsolatos [&hellip;]<\/p>\n","protected":false},"author":2,"featured_media":0,"parent":0,"menu_order":98,"comment_status":"closed","ping_status":"closed","template":"fullwidth.php","meta":{"_acf_changed":false,"footnotes":""},"class_list":["post-204","page","type-page","status-publish","hentry"],"acf":[],"_links":{"self":[{"href":"https:\/\/pinkpistachio.hu\/hu\/wp-json\/wp\/v2\/pages\/204","targetHints":{"allow":["GET"]}}],"collection":[{"href":"https:\/\/pinkpistachio.hu\/hu\/wp-json\/wp\/v2\/pages"}],"about":[{"href":"https:\/\/pinkpistachio.hu\/hu\/wp-json\/wp\/v2\/types\/page"}],"author":[{"embeddable":true,"href":"https:\/\/pinkpistachio.hu\/hu\/wp-json\/wp\/v2\/users\/2"}],"replies":[{"embeddable":true,"href":"https:\/\/pinkpistachio.hu\/hu\/wp-json\/wp\/v2\/comments?post=204"}],"version-history":[{"count":0,"href":"https:\/\/pinkpistachio.hu\/hu\/wp-json\/wp\/v2\/pages\/204\/revisions"}],"wp:attachment":[{"href":"https:\/\/pinkpistachio.hu\/hu\/wp-json\/wp\/v2\/media?parent=204"}],"curies":[{"name":"wp","href":"https:\/\/api.w.org\/{rel}","templated":true}]}}