{"id":203,"date":"2026-01-06T17:00:11","date_gmt":"2026-01-06T16:00:11","guid":{"rendered":"https:\/\/pinkpistachio.hu\/privacy-policy\/"},"modified":"2026-01-28T08:57:36","modified_gmt":"2026-01-28T07:57:36","slug":"adatkezelesi-tajekoztato","status":"publish","type":"page","link":"https:\/\/pinkpistachio.hu\/hu\/adatkezelesi-tajekoztato\/","title":{"rendered":"Adatkezel\u00e9si t\u00e1j\u00e9koztat\u00f3"},"content":{"rendered":"<div id=\"pl-203\"  class=\"panel-layout\" ><div id=\"pg-203-0\"  class=\"panel-grid panel-no-style\"  style=\"margin-bottom: px\" ><div id=\"pgc-203-0-0\"  class=\"panel-grid-cell\" ><div id=\"panel-203-0-0-0\" class=\"so-panel widget widget_ndm-headings panel-first-child\" data-index=\"0\" style=\"margin-bottom: px\" ><div\n\t\t\t\n\t\t\tclass=\"so-widget-ndm-headings so-widget-ndm-headings-default-d75171398898-203\"\n\t\t\t\n\t\t><h2 class=\"ndm-heading text-start text-darkgreen mb-2\">ADATKEZEL\u00c9SI T\u00c1J\u00c9KOZTAT\u00d3<\/h2><\/div><\/div><div id=\"panel-203-0-0-1\" class=\"so-panel widget widget_sow-editor panel-last-child\" data-index=\"1\" ><div\n\t\t\t\n\t\t\tclass=\"so-widget-sow-editor so-widget-sow-editor-base\"\n\t\t\t\n\t\t>\n<div class=\"siteorigin-widget-tinymce textwidget\">\n\t<p><b>Pink Pistachio Brunch Budapest<\/b><\/p>\n<p><i><span style=\"font-weight: 400;\">Hat\u00e1lyos: 2026. janu\u00e1r 21-t\u0151l<\/span><\/i><\/p>\n<\/div>\n<\/div><\/div><\/div><\/div><div id=\"pg-203-1\"  class=\"panel-grid panel-no-style\"  style=\"margin-bottom: px\" ><div id=\"pgc-203-1-0\"  class=\"panel-grid-cell\" ><div id=\"panel-203-1-0-0\" class=\"so-panel widget widget_ndm-headings panel-first-child\" data-index=\"2\" style=\"margin-bottom: px\" ><div\n\t\t\t\n\t\t\tclass=\"so-widget-ndm-headings so-widget-ndm-headings-default-d75171398898-203\"\n\t\t\t\n\t\t><h2 class=\"ndm-heading text-start text-darkgreen mb-2\">1. Bevezet\u00e9s \u00e9s Adatkezel\u0151<\/h2><\/div><\/div><div id=\"panel-203-1-0-1\" class=\"so-panel widget widget_sow-editor panel-last-child\" data-index=\"3\" ><div\n\t\t\t\n\t\t\tclass=\"so-widget-sow-editor so-widget-sow-editor-base\"\n\t\t\t\n\t\t>\n<div class=\"siteorigin-widget-tinymce textwidget\">\n\t<p><span style=\"font-weight: 400;\">K\u00f6sz\u00f6nj\u00fck, hogy ell\u00e1togatott a Pink Pistachio Brunch weboldal\u00e1ra vagy ig\u00e9nybe vette szolg\u00e1ltat\u00e1sainkat. Kiemelten kezelj\u00fck szem\u00e9lyes adatainak v\u00e9delm\u00e9t. Jelen t\u00e1j\u00e9koztat\u00f3 c\u00e9lja, hogy \u00d6n \u00e1tl\u00e1that\u00f3 k\u00e9pet kapjon arr\u00f3l, mi t\u00f6rt\u00e9nik adataival.<\/span><\/p>\n<p><b>Az Adatkezel\u0151 adatai:<\/b><\/p>\n<ul>\n<li style=\"font-weight: 400;\" aria-level=\"1\"><b>C\u00e9gn\u00e9v:<\/b><span style=\"font-weight: 400;\"> Hello Pink Kft.<\/span><\/li>\n<li style=\"font-weight: 400;\" aria-level=\"1\"><b>Sz\u00e9khely:<\/b><span style=\"font-weight: 400;\"> 1051 Budapest, Hercegpr\u00edm\u00e1s u 6.<\/span><\/li>\n<li style=\"font-weight: 400;\" aria-level=\"1\"><b>C\u00e9gjegyz\u00e9ksz\u00e1m:<\/b><span style=\"font-weight: 400;\"> 01-09-438063<\/span><\/li>\n<li style=\"font-weight: 400;\" aria-level=\"1\"><b>Ad\u00f3sz\u00e1m:<\/b><span style=\"font-weight: 400;\"> 32699551-2-41<\/span><\/li>\n<li style=\"font-weight: 400;\" aria-level=\"1\"><b>E-mail:<\/b> <span style=\"font-weight: 400;\">office (kukac) hellopink.hu<\/span><\/li>\n<\/ul>\n<p><b>Weboldal:<\/b> <a href=\"http:\/\/www.pinkpistachio.hu\"><span style=\"font-weight: 400;\">www.pinkpistachio.hu<\/span><\/a><\/p>\n<\/div>\n<\/div><\/div><\/div><\/div><div id=\"pg-203-2\"  class=\"panel-grid panel-no-style\"  style=\"margin-bottom: px\" ><div id=\"pgc-203-2-0\"  class=\"panel-grid-cell\" ><div id=\"panel-203-2-0-0\" class=\"so-panel widget widget_ndm-headings panel-first-child\" data-index=\"4\" style=\"margin-bottom: px\" ><div\n\t\t\t\n\t\t\tclass=\"so-widget-ndm-headings so-widget-ndm-headings-default-d75171398898-203\"\n\t\t\t\n\t\t><h2 class=\"ndm-heading text-start text-darkgreen mb-2\">2. Milyen adatokat kezel\u00fcnk, mi\u00e9rt \u00e9s meddig?<\/h2><\/div><\/div><div id=\"panel-203-2-0-1\" class=\"so-panel widget widget_sow-editor panel-last-child\" data-index=\"5\" ><div\n\t\t\t\n\t\t\tclass=\"so-widget-sow-editor so-widget-sow-editor-base\"\n\t\t\t\n\t\t>\n<div class=\"siteorigin-widget-tinymce textwidget\">\n\t<p><span style=\"font-weight: 400;\">Az \u00e1tl\u00e1that\u00f3s\u00e1g \u00e9rdek\u00e9ben t\u00e1bl\u00e1zatban foglaltuk \u00f6ssze az adatkezel\u00e9si tev\u00e9kenys\u00e9geinket.<\/span><\/p>\n<table>\n<tbody>\n<tr>\n<td><span style=\"font-weight: 400;\">Tev\u00e9kenys\u00e9g<\/span><\/td>\n<td><span style=\"font-weight: 400;\">Milyen adatokat k\u00e9r\u00fcnk?<\/span><\/td>\n<td><span style=\"font-weight: 400;\">Mi\u00e9rt k\u00e9rj\u00fck? (C\u00e9l)<\/span><\/td>\n<td><span style=\"font-weight: 400;\">Mi a jogalapunk?<\/span><\/td>\n<td><span style=\"font-weight: 400;\">Meddig \u0151rizz\u00fck meg?<\/span><\/td>\n<\/tr>\n<tr>\n<td><b>Kapcsolatfelv\u00e9tel<\/b><span style=\"font-weight: 400;\"> (Email, Telefon)<\/span><\/td>\n<td><span style=\"font-weight: 400;\">N\u00e9v, e-mail c\u00edm, telefonsz\u00e1m.<\/span><\/td>\n<td><span style=\"font-weight: 400;\">Hogy v\u00e1laszolni tudjunk k\u00e9rd\u00e9seire, k\u00e9r\u00e9seire.<\/span><\/td>\n<td><b>Az \u00d6n hozz\u00e1j\u00e1rul\u00e1sa<\/b><\/p>\n<p><span style=\"font-weight: 400;\">(GDPR 6. cikk (1) a))<\/span><\/p>\n<\/td>\n<td><span style=\"font-weight: 400;\">Az \u00fcgy lez\u00e1r\u00e1s\u00e1t k\u00f6vet\u0151 30 napig, vagy am\u00edg vissza nem vonja hozz\u00e1j\u00e1rul\u00e1s\u00e1t.<\/span><\/td>\n<\/tr>\n<tr>\n<td><b>Szerz\u0151d\u00e9sk\u00f6t\u00e9s<\/b><span style=\"font-weight: 400;\"> (Rendezv\u00e9ny)<\/span><\/td>\n<td><span style=\"font-weight: 400;\">N\u00e9v, c\u00edm, kapcsolattart\u00e1si adatok.<\/span><\/td>\n<td><span style=\"font-weight: 400;\">A megrendelt szolg\u00e1ltat\u00e1s (pl. rendezv\u00e9ny) teljes\u00edt\u00e9se.<\/span><\/td>\n<td><b>Szerz\u0151d\u00e9s teljes\u00edt\u00e9se<\/b><\/p>\n<p><span style=\"font-weight: 400;\">(GDPR 6. cikk (1) b))<\/span><\/p>\n<\/td>\n<td><span style=\"font-weight: 400;\">A szerz\u0151d\u00e9s megsz\u0171n\u00e9s\u00e9t\u0151l sz\u00e1m\u00edtott 5 \u00e9vig (el\u00e9v\u00fcl\u00e9si id\u0151).<\/span><\/td>\n<\/tr>\n<tr>\n<td><b>Sz\u00e1ml\u00e1z\u00e1s<\/b><\/td>\n<td><span style=\"font-weight: 400;\">Sz\u00e1ml\u00e1z\u00e1si n\u00e9v, c\u00edm, ad\u00f3sz\u00e1m.<\/span><\/td>\n<td><span style=\"font-weight: 400;\">T\u00f6rv\u00e9nyi k\u00f6telezetts\u00e9g\u00fcnk sz\u00e1ml\u00e1t adni.<\/span><\/td>\n<td><b>Jogi k\u00f6telezetts\u00e9g<\/b><\/p>\n<p><span style=\"font-weight: 400;\">(Sz\u00e1mviteli tv. 169. \u00a7)<\/span><\/p>\n<\/td>\n<td><span style=\"font-weight: 400;\">8 \u00e9vig (ez t\u00f6rv\u00e9nyi el\u0151\u00edr\u00e1s).<\/span><\/td>\n<\/tr>\n<tr>\n<td><b>Panaszkezel\u00e9s<\/b><\/td>\n<td><span style=\"font-weight: 400;\">N\u00e9v, panasz r\u00e9szletei, jegyz\u0151k\u00f6nyv.<\/span><\/td>\n<td><span style=\"font-weight: 400;\">Fogyaszt\u00f3i panaszok hivatalos kivizsg\u00e1l\u00e1sa.<\/span><\/td>\n<td><b>Jogi k\u00f6telezetts\u00e9g<\/b><\/p>\n<p><span style=\"font-weight: 400;\">(Fogyaszt\u00f3v\u00e9delmi tv.)<\/span><\/p>\n<\/td>\n<td><span style=\"font-weight: 400;\">3 \u00e9vig.<\/span><\/td>\n<\/tr>\n<tr>\n<td><b>Weboldal l\u00e1togat\u00e1s<\/b><\/td>\n<td><span style=\"font-weight: 400;\">IP c\u00edm, b\u00f6ng\u00e9sz\u0151 adatok.<\/span><\/td>\n<td><span style=\"font-weight: 400;\">Az oldal m\u0171k\u00f6d\u00e9se \u00e9s statisztika.<\/span><\/td>\n<td><b>Hozz\u00e1j\u00e1rul\u00e1s<\/b><\/p>\n<p><span style=\"font-weight: 400;\">(GDPR 6. cikk (1) a))<\/span><\/p>\n<\/td>\n<td><span style=\"font-weight: 400;\">S\u00fctikt\u0151l f\u00fcgg\u0151en (l\u00e1sd S\u00fcti fejezet).<\/span><\/td>\n<\/tr>\n<\/tbody>\n<\/table>\n<p><i><span style=\"font-weight: 400;\">Az adatokhoz a Hello Pink Kft. munkat\u00e1rsai f\u00e9rhetnek hozz\u00e1 a feladataik ell\u00e1t\u00e1s\u00e1hoz sz\u00fcks\u00e9ges m\u00e9rt\u00e9kben.<\/span><\/i><\/p>\n<\/div>\n<\/div><\/div><\/div><\/div><div id=\"pg-203-3\"  class=\"panel-grid panel-no-style\"  style=\"margin-bottom: px\" ><div id=\"pgc-203-3-0\"  class=\"panel-grid-cell\" ><div id=\"panel-203-3-0-0\" class=\"so-panel widget widget_ndm-headings panel-first-child\" data-index=\"6\" style=\"margin-bottom: px\" ><div\n\t\t\t\n\t\t\tclass=\"so-widget-ndm-headings so-widget-ndm-headings-default-d75171398898-203\"\n\t\t\t\n\t\t><h2 class=\"ndm-heading text-start text-darkgreen mb-2\">3. Kiknek tov\u00e1bb\u00edtjuk az adatokat? (Adatfeldolgoz\u00f3k)<\/h2><\/div><\/div><div id=\"panel-203-3-0-1\" class=\"so-panel widget widget_sow-editor panel-last-child\" data-index=\"7\" ><div\n\t\t\t\n\t\t\tclass=\"so-widget-sow-editor so-widget-sow-editor-base\"\n\t\t\t\n\t\t>\n<div class=\"siteorigin-widget-tinymce textwidget\">\n\t<p><span style=\"font-weight: 400;\">Bizonyos technikai \u00e9s adminisztr\u00e1ci\u00f3s feladatokhoz k\u00fcls\u0151 partnereket vesz\u00fcnk ig\u00e9nybe. \u0150k az utas\u00edt\u00e1saink alapj\u00e1n kezelik az adatokat.<\/span><\/p>\n<ol>\n<li style=\"font-weight: 400;\" aria-level=\"1\"><b>Weboldal \u00fczemeltet\u00e9s (T\u00e1rhely):<\/b>\n<ul>\n<li style=\"font-weight: 400;\" aria-level=\"2\"><b>Partner:<\/b><span style=\"font-weight: 400;\"> DotRoll Sz\u00e1m\u00edt\u00e1stechnikai Kft. (1148 Budapest, Fogarasi \u00fat 3-5.)<\/span><\/li>\n<li style=\"font-weight: 400;\" aria-level=\"2\"><i><span style=\"font-weight: 400;\">Feladat:<\/span><\/i><span style=\"font-weight: 400;\"> A weboldal technikai h\u00e1tter\u00e9nek biztos\u00edt\u00e1sa.<\/span><\/li>\n<\/ul>\n<\/li>\n<li style=\"font-weight: 400;\" aria-level=\"1\"><b>Sz\u00e1ml\u00e1z\u00e1s:<\/b>\n<ul>\n<li style=\"font-weight: 400;\" aria-level=\"2\"><b>Partner:<\/b> <a href=\"http:\/\/kboss.hu\" target=\"_blank\" rel=\"noopener\"><span style=\"font-weight: 400;\">KBOSS.hu<\/span><\/a><span style=\"font-weight: 400;\"> Kft. \/ <\/span><a href=\"http:\/\/xn--szmlzz-qtac.hu\" target=\"_blank\" rel=\"noopener\"><span style=\"font-weight: 400;\">Sz\u00e1ml\u00e1zz.hu<\/span><\/a><span style=\"font-weight: 400;\"> (1031 Budapest, Z\u00e1hony utca 7.)<\/span><\/li>\n<li style=\"font-weight: 400;\" aria-level=\"2\"><i><span style=\"font-weight: 400;\">Feladat:<\/span><\/i><span style=\"font-weight: 400;\"> Elektronikus sz\u00e1ml\u00e1k gener\u00e1l\u00e1sa \u00e9s t\u00e1rol\u00e1sa.<\/span><\/li>\n<\/ul>\n<\/li>\n<li style=\"font-weight: 400;\" aria-level=\"1\"><b>Bankk\u00e1rty\u00e1s fizet\u00e9s:<\/b>\n<ul>\n<li style=\"font-weight: 400;\" aria-level=\"2\"><b>Partner:<\/b><span style=\"font-weight: 400;\"> Teya Iceland hf.<\/span><\/li>\n<\/ul>\n<\/li>\n<\/ol>\n<p><i><span style=\"font-weight: 400;\">Tudnival\u00f3:<\/span><\/i><span style=\"font-weight: 400;\"> Ha termin\u00e1lunkon fizet, k\u00e1rtyaadatait (t\u00edpus, utols\u00f3 4 sz\u00e1mjegy) \u00e9s az \u00f6sszeget a Teya dolgozza fel a fizet\u00e9s lebonyol\u00edt\u00e1s\u00e1hoz. Adatkezel\u00e9si t\u00e1j\u00e9koztat\u00f3juk: <\/span><a href=\"https:\/\/www.teya.com\/hu\/legal\/privacy-policy\" target=\"_blank\" rel=\"noopener\"><span style=\"font-weight: 400;\">teya.com\/hu\/legal\/privacy-policy<\/span><\/a><span style=\"font-weight: 400;\">.<\/span><\/p>\n<\/div>\n<\/div><\/div><\/div><\/div><div id=\"pg-203-4\"  class=\"panel-grid panel-no-style\"  style=\"margin-bottom: px\" ><div id=\"pgc-203-4-0\"  class=\"panel-grid-cell\" ><div id=\"panel-203-4-0-0\" class=\"so-panel widget widget_ndm-headings panel-first-child\" data-index=\"8\" style=\"margin-bottom: px\" ><div\n\t\t\t\n\t\t\tclass=\"so-widget-ndm-headings so-widget-ndm-headings-default-d75171398898-203\"\n\t\t\t\n\t\t><h2 class=\"ndm-heading text-start text-darkgreen mb-2\">4. K\u00f6z\u00f6ss\u00e9gi M\u00e9dia \u00e9s S\u00fctik (Cookies)<\/h2><\/div><\/div><div id=\"panel-203-4-0-1\" class=\"so-panel widget widget_sow-editor panel-last-child\" data-index=\"9\" ><div\n\t\t\t\n\t\t\tclass=\"so-widget-sow-editor so-widget-sow-editor-base\"\n\t\t\t\n\t\t>\n<div class=\"siteorigin-widget-tinymce textwidget\">\n\t<p><b>4.1. K\u00f6z\u00f6ss\u00e9gi m\u00e9dia<\/b><span style=\"font-weight: 400;\"><br \/>\n<\/span><span style=\"font-weight: 400;\">Jelen vagyunk a Facebookon, Instagramon \u00e9s TikTokon. Ha ezeken a platformokon l\u00e9p kapcsolatba vel\u00fcnk, az adott platform adatkezel\u00e9si szab\u00e1lyai is \u00e9rv\u00e9nyesek (Meta, TikTok). A weboldalunkon elhelyezett ikonok (pluginok) haszn\u00e1lata eset\u00e9n a k\u00f6z\u00f6ss\u00e9gi szolg\u00e1ltat\u00f3k adatot gy\u0171jthetnek \u00d6nr\u0151l.<\/span><\/p>\n<p><b>4.2. S\u00fctik a weboldalon<\/b><span style=\"font-weight: 400;\"><br \/>\n<\/span><span style=\"font-weight: 400;\">A jobb felhaszn\u00e1l\u00f3i \u00e9lm\u00e9ny \u00e9rdek\u00e9ben \"s\u00fctiket\" (cookies) haszn\u00e1lunk.<\/span><\/p>\n<ul>\n<li style=\"font-weight: 400;\" aria-level=\"1\"><b>M\u0171k\u00f6d\u00e9shez sz\u00fcks\u00e9ges s\u00fctik:<\/b><span style=\"font-weight: 400;\"> Ezek n\u00e9lk\u00fcl az oldal nem m\u0171k\u00f6dik helyesen.<\/span><\/li>\n<li style=\"font-weight: 400;\" aria-level=\"1\"><b>Statisztikai\/Marketing s\u00fctik:<\/b><span style=\"font-weight: 400;\"> (pl. Google Analytics) Ezek seg\u00edtenek, hogy l\u00e1ssuk, h\u00e1nyan l\u00e1togatj\u00e1k az oldalt. Ezeket csak az \u00d6n beleegyez\u00e9s\u00e9vel kapcsoljuk be.<\/span><\/li>\n<\/ul>\n<p><i><span style=\"font-weight: 400;\">Be\u00e1ll\u00edt\u00e1sok m\u00f3dos\u00edt\u00e1sa:<\/span><\/i><span style=\"font-weight: 400;\"> A b\u00f6ng\u00e9sz\u0151j\u00e9ben b\u00e1rmikor t\u00f6r\u00f6lheti a s\u00fctiket (Chrome, Firefox, Safari be\u00e1ll\u00edt\u00e1sok men\u00fc).<\/span><span style=\"font-weight: 400;\"><br \/>\n<\/span><\/p>\n<p>&nbsp;<\/p>\n<\/div>\n<\/div><\/div><\/div><\/div><div id=\"pg-203-5\"  class=\"panel-grid panel-no-style\"  style=\"margin-bottom: px\" ><div id=\"pgc-203-5-0\"  class=\"panel-grid-cell\" ><div id=\"panel-203-5-0-0\" class=\"so-panel widget widget_ndm-headings panel-first-child\" data-index=\"10\" style=\"margin-bottom: px\" ><div\n\t\t\t\n\t\t\tclass=\"so-widget-ndm-headings so-widget-ndm-headings-default-d75171398898-203\"\n\t\t\t\n\t\t><h2 class=\"ndm-heading text-start text-darkgreen mb-2\">5. Az \u00d6n jogai (Mit tehet?)<\/h2><\/div><\/div><div id=\"panel-203-5-0-1\" class=\"so-panel widget widget_sow-editor panel-last-child\" data-index=\"11\" ><div\n\t\t\t\n\t\t\tclass=\"so-widget-sow-editor so-widget-sow-editor-base\"\n\t\t\t\n\t\t>\n<div class=\"siteorigin-widget-tinymce textwidget\">\n\t<p><span style=\"font-weight: 400;\">A GDPR biztos\u00edtja \u00d6nnek az al\u00e1bbi jogokat. K\u00e9relm\u00e9vel forduljon hozz\u00e1nk bizalommal a office (kukac) hellopink.hu c\u00edmen.<\/span><\/p>\n<ul>\n<li style=\"font-weight: 400;\" aria-level=\"1\"><b>T\u00e1j\u00e9koztat\u00e1st k\u00e9rhet:<\/b><span style=\"font-weight: 400;\"> Megk\u00e9rdezheti, pontosan mit tudunk \u00d6nr\u0151l. 30 napon bel\u00fcl v\u00e1laszolunk.<\/span><\/li>\n<li style=\"font-weight: 400;\" aria-level=\"1\"><b>Jav\u00edt\u00e1st k\u00e9rhet:<\/b><span style=\"font-weight: 400;\"> Ha el\u00edrtuk a nev\u00e9t vagy v\u00e1ltozott a c\u00edme, jelezze, \u00e9s jav\u00edtjuk.<\/span><\/li>\n<li style=\"font-weight: 400;\" aria-level=\"1\"><b>T\u00f6rl\u00e9st k\u00e9rhet (\"Elfeledtet\u00e9s\"):<\/b><span style=\"font-weight: 400;\"> K\u00e9rheti adatai t\u00f6rl\u00e9s\u00e9t, ha m\u00e1r nincs r\u00e1juk sz\u00fcks\u00e9g (kiv\u00e9ve, ha t\u00f6rv\u00e9ny k\u00f6telez minket a meg\u0151rz\u00e9sre, pl. sz\u00e1ml\u00e1k eset\u00e9n).<\/span><\/li>\n<li style=\"font-weight: 400;\" aria-level=\"1\"><b>Tiltakozhat:<\/b><span style=\"font-weight: 400;\"> Ha nem \u00e9rt egyet az adatkezel\u00e9ssel.<\/span><\/li>\n<li style=\"font-weight: 400;\" aria-level=\"1\"><b>Adathordozhat\u00f3s\u00e1g:<\/b><span style=\"font-weight: 400;\"> K\u00e9rheti, hogy adatait digit\u00e1lis form\u00e1ban \u00e1tadjuk \u00d6nnek.<\/span><\/li>\n<\/ul>\n<p><b>Visszavon\u00e1s:<\/b><span style=\"font-weight: 400;\"> B\u00e1rmikor visszavonhatja a kor\u00e1bban adott hozz\u00e1j\u00e1rul\u00e1s\u00e1t (pl. marketing c\u00e9lokra).<\/span><\/p>\n<\/div>\n<\/div><\/div><\/div><\/div><div id=\"pg-203-6\"  class=\"panel-grid panel-no-style\" ><div id=\"pgc-203-6-0\"  class=\"panel-grid-cell\" ><div id=\"panel-203-6-0-0\" class=\"so-panel widget widget_ndm-headings panel-first-child\" data-index=\"12\" style=\"margin-bottom: px\" ><div\n\t\t\t\n\t\t\tclass=\"so-widget-ndm-headings so-widget-ndm-headings-default-d75171398898-203\"\n\t\t\t\n\t\t><h2 class=\"ndm-heading text-start text-darkgreen mb-2\">6. Jogorvoslat<\/h2><\/div><\/div><div id=\"panel-203-6-0-1\" class=\"so-panel widget widget_sow-editor panel-last-child\" data-index=\"13\" ><div\n\t\t\t\n\t\t\tclass=\"so-widget-sow-editor so-widget-sow-editor-base\"\n\t\t\t\n\t\t>\n<div class=\"siteorigin-widget-tinymce textwidget\">\n\t<p><span style=\"font-weight: 400;\">Ha \u00fagy \u00e9rzi, nem megfelel\u0151en kezelt\u00fck adatait, k\u00e9rj\u00fck, el\u0151sz\u00f6r <\/span><b>\u00edrjon nek\u00fcnk<\/b><span style=\"font-weight: 400;\">, hogy megoldhassuk a probl\u00e9m\u00e1t!<\/span><\/p>\n<p><span style=\"font-weight: 400;\">Ha ez nem vezet eredm\u00e9nyre, panasszal \u00e9lhet a hat\u00f3s\u00e1gn\u00e1l:<\/span><span style=\"font-weight: 400;\"><br \/>\n<\/span><b>Nemzeti Adatv\u00e9delmi \u00e9s Inform\u00e1ci\u00f3szabads\u00e1g Hat\u00f3s\u00e1g (NAIH)<\/b><\/p>\n<ul>\n<li style=\"font-weight: 400;\" aria-level=\"1\"><span style=\"font-weight: 400;\">C\u00edm: 1055 Budapest, Falk Miksa utca 9-11.<\/span><\/li>\n<li style=\"font-weight: 400;\" aria-level=\"1\"><span style=\"font-weight: 400;\">Honlap: <\/span><a href=\"http:\/\/www.naih.hu\" target=\"_blank\" rel=\"noopener\"><span style=\"font-weight: 400;\">www.naih.hu<\/span><\/a><\/li>\n<li style=\"font-weight: 400;\" aria-level=\"1\"><span style=\"font-weight: 400;\">E-mail: <\/span><a href=\"mailto:ugyfelszolgalat@naih.hu\"><span style=\"font-weight: 400;\">ugyfelszolgalat@naih.hu<\/span><\/a><\/li>\n<\/ul>\n<p><span style=\"font-weight: 400;\">Illetve b\u00edr\u00f3s\u00e1ghoz is fordulhat a lak\u00f3helye szerint illet\u00e9kes T\u00f6rv\u00e9nysz\u00e9ken.<\/span><\/p>\n<\/div>\n<\/div><\/div><\/div><\/div><\/div>","protected":false},"excerpt":{"rendered":"<p>Pink Pistachio Brunch Budapest Hat\u00e1lyos: 2026. janu\u00e1r 21-t\u0151l K\u00f6sz\u00f6nj\u00fck, hogy ell\u00e1togatott a Pink Pistachio Brunch weboldal\u00e1ra vagy ig\u00e9nybe vette szolg\u00e1ltat\u00e1sainkat. Kiemelten kezelj\u00fck szem\u00e9lyes adatainak v\u00e9delm\u00e9t. Jelen t\u00e1j\u00e9koztat\u00f3 c\u00e9lja, hogy \u00d6n \u00e1tl\u00e1that\u00f3 k\u00e9pet kapjon arr\u00f3l, mi t\u00f6rt\u00e9nik adataival. Az Adatkezel\u0151 adatai: C\u00e9gn\u00e9v: Hello Pink Kft. Sz\u00e9khely: 1051 Budapest, Hercegpr\u00edm\u00e1s u 6. C\u00e9gjegyz\u00e9ksz\u00e1m: 01-09-438063 Ad\u00f3sz\u00e1m: 32699551-2-41 E-mail: [&hellip;]<\/p>\n","protected":false},"author":2,"featured_media":0,"parent":0,"menu_order":99,"comment_status":"closed","ping_status":"closed","template":"fullwidth.php","meta":{"_acf_changed":false,"footnotes":""},"class_list":["post-203","page","type-page","status-publish","hentry"],"acf":[],"_links":{"self":[{"href":"https:\/\/pinkpistachio.hu\/hu\/wp-json\/wp\/v2\/pages\/203","targetHints":{"allow":["GET"]}}],"collection":[{"href":"https:\/\/pinkpistachio.hu\/hu\/wp-json\/wp\/v2\/pages"}],"about":[{"href":"https:\/\/pinkpistachio.hu\/hu\/wp-json\/wp\/v2\/types\/page"}],"author":[{"embeddable":true,"href":"https:\/\/pinkpistachio.hu\/hu\/wp-json\/wp\/v2\/users\/2"}],"replies":[{"embeddable":true,"href":"https:\/\/pinkpistachio.hu\/hu\/wp-json\/wp\/v2\/comments?post=203"}],"version-history":[{"count":0,"href":"https:\/\/pinkpistachio.hu\/hu\/wp-json\/wp\/v2\/pages\/203\/revisions"}],"wp:attachment":[{"href":"https:\/\/pinkpistachio.hu\/hu\/wp-json\/wp\/v2\/media?parent=203"}],"curies":[{"name":"wp","href":"https:\/\/api.w.org\/{rel}","templated":true}]}}